{"id":1299,"date":"2021-01-17T16:34:34","date_gmt":"2021-01-17T16:34:34","guid":{"rendered":"https:\/\/concise-h2020.eu\/?page_id=1299"},"modified":"2021-01-21T11:56:03","modified_gmt":"2021-01-21T11:56:03","slug":"national-event-in-spain","status":"publish","type":"page","link":"https:\/\/concise-h2020.eu\/es\/national-event-in-spain\/","title":{"rendered":"National event in Spain"},"content":{"rendered":"<p class=\"qtranxs-available-languages-message qtranxs-available-languages-message-es\">Disculpa, pero esta entrada est\u00e1 disponible s\u00f3lo en <a href=\"https:\/\/concise-h2020.eu\/en\/wp-json\/wp\/v2\/pages\/1299\" class=\"qtranxs-available-language-link qtranxs-available-language-link-en\" title=\"English\">English<\/a>.<\/p><p><img loading=\"lazy\" decoding=\"async\" class=\"alignnone size-large wp-image-1300\" src=\"https:\/\/concise-h2020.eu\/wp-content\/uploads\/2021\/01\/es-event-1024x576.png\" alt=\"\" width=\"800\" height=\"450\" srcset=\"https:\/\/concise-h2020.eu\/wp-content\/uploads\/2021\/01\/es-event-1024x576.png 1024w, https:\/\/concise-h2020.eu\/wp-content\/uploads\/2021\/01\/es-event-300x169.png 300w, https:\/\/concise-h2020.eu\/wp-content\/uploads\/2021\/01\/es-event-768x432.png 768w, https:\/\/concise-h2020.eu\/wp-content\/uploads\/2021\/01\/es-event-1536x864.png 1536w, https:\/\/concise-h2020.eu\/wp-content\/uploads\/2021\/01\/es-event-2048x1152.png 2048w\" sizes=\"auto, (max-width: 800px) 100vw, 800px\" \/><\/p>\n<p><strong>Agenda<\/strong><\/p>\n<p><a href=\"https:\/\/concise-h2020.eu\/wp-content\/uploads\/2021\/01\/Agenda_14-enero_CONCISE-v3.pdf\">Agenda of the event<\/a><\/p>\n<p><strong>Presentations<\/strong><\/p>\n<p><a href=\"https:\/\/concise-h2020.eu\/wp-content\/uploads\/2021\/01\/Presentacion-UV-OBJ1_evento-concise-Espana.pdf\">\u00bfC\u00f3mo se informan las personas sobre ciencia en Espa\u00f1a?\u00a0<\/a><\/p>\n<p><a href=\"https:\/\/concise-h2020.eu\/wp-content\/uploads\/2021\/01\/Presentacion-UV-OBJ2_evento-concise-Espana.pdf\">\u00bfEn qu\u00e9 fuentes o canales de informaci\u00f3n conf\u00edan nuestros ciudadanos?\u00a0<\/a><\/p>\n<p><a href=\"https:\/\/concise-h2020.eu\/wp-content\/uploads\/2021\/01\/Presentacion-UV-OBJ3_evento-concise-Espana.pdf\">\u00bfC\u00f3mo le gustar\u00eda ser informada a la ciudadan\u00eda?\u00a0<\/a><\/p>\n<p><a href=\"https:\/\/concise-h2020.eu\/wp-content\/uploads\/2021\/01\/Presentacion-AECC_evento-concise-Espana.pdf\">\u00bfQu\u00e9 hemos hecho en CONCISE y c\u00f3mo hemos involucrado a la ciudadan\u00eda?<\/a><\/p>\n<p><a href=\"https:\/\/concise-h2020.eu\/wp-content\/uploads\/2021\/01\/Presentacion-UPF_evento-concise-Espana.pdf\">Barreras e incentivos para comunicar la ciencia\u00a0<\/a><\/p>\n<p><strong>View the recording of the event <a href=\"https:\/\/youtube.com\/playlist?list=PLzprwh0yePS6T-alwdqKx7ratmk-CTV_b\" target=\"_blank\" rel=\"noopener\">here<\/a><\/strong><\/p>\n<p><strong>Read the chronicle of the event <a href=\"https:\/\/concise-h2020.eu\/presentation-of-the-results-of-the-citizen-consultation-held-in-valencia-in-2019\/\">here<\/a><\/strong><\/p>","protected":false},"excerpt":{"rendered":"<p>Disculpa, pero esta entrada est\u00e1 disponible s\u00f3lo en English. Agenda Agenda of the event Presentations \u00bfC\u00f3mo se informan las personas sobre ciencia en Espa\u00f1a?\u00a0 \u00bfEn qu\u00e9 fuentes o canales de &#8230;<\/p>\n","protected":false},"author":2,"featured_media":1300,"parent":0,"menu_order":0,"comment_status":"closed","ping_status":"closed","template":"","meta":{"footnotes":""},"class_list":["post-1299","page","type-page","status-publish","has-post-thumbnail","hentry"],"yoast_head":"<!-- This site is optimized with the Yoast SEO plugin v27.4 - https:\/\/yoast.com\/product\/yoast-seo-wordpress\/ -->\n<title>National event in Spain - Concise<\/title>\n<meta name=\"robots\" content=\"index, follow, max-snippet:-1, max-image-preview:large, max-video-preview:-1\" \/>\n<link rel=\"canonical\" href=\"https:\/\/concise-h2020.eu\/es\/national-event-in-spain\/\" \/>\n<meta property=\"og:locale\" content=\"es_ES\" \/>\n<meta property=\"og:type\" content=\"article\" \/>\n<meta property=\"og:title\" content=\"National event in Spain - Concise\" \/>\n<meta property=\"og:description\" content=\"Disculpa, pero esta entrada est\u00e1 disponible s\u00f3lo en English. Agenda Agenda of the event Presentations \u00bfC\u00f3mo se informan las personas sobre ciencia en Espa\u00f1a?\u00a0 \u00bfEn qu\u00e9 fuentes o canales de ...\" \/>\n<meta property=\"og:url\" content=\"https:\/\/concise-h2020.eu\/es\/national-event-in-spain\/\" \/>\n<meta property=\"og:site_name\" content=\"Concise\" \/>\n<meta property=\"article:modified_time\" content=\"2021-01-21T11:56:03+00:00\" \/>\n<meta property=\"og:image\" content=\"https:\/\/concise-h2020.eu\/wp-content\/uploads\/2021\/01\/es-event.png\" \/>\n\t<meta property=\"og:image:width\" content=\"2291\" \/>\n\t<meta property=\"og:image:height\" content=\"1289\" \/>\n\t<meta property=\"og:image:type\" content=\"image\/png\" \/>\n<meta name=\"twitter:card\" content=\"summary_large_image\" \/>\n<meta name=\"twitter:site\" content=\"@ConciseEU\" \/>\n<meta name=\"twitter:label1\" content=\"Tiempo de lectura\" \/>\n\t<meta name=\"twitter:data1\" content=\"1 minuto\" \/>\n<script type=\"application\/ld+json\" class=\"yoast-schema-graph\">{\"@context\":\"https:\\\/\\\/schema.org\",\"@graph\":[{\"@type\":\"WebPage\",\"@id\":\"https:\\\/\\\/concise-h2020.eu\\\/es\\\/national-event-in-spain\\\/\",\"url\":\"https:\\\/\\\/concise-h2020.eu\\\/es\\\/national-event-in-spain\\\/\",\"name\":\"National event in Spain - Concise\",\"isPartOf\":{\"@id\":\"https:\\\/\\\/concise-h2020.eu\\\/es\\\/#website\"},\"primaryImageOfPage\":{\"@id\":\"https:\\\/\\\/concise-h2020.eu\\\/es\\\/national-event-in-spain\\\/#primaryimage\"},\"image\":{\"@id\":\"https:\\\/\\\/concise-h2020.eu\\\/pt\\\/national-event-in-spain\\\/#primaryimage\"},\"thumbnailUrl\":\"https:\\\/\\\/concise-h2020.eu\\\/wp-content\\\/uploads\\\/2021\\\/01\\\/es-event.png\",\"datePublished\":\"2021-01-17T16:34:34+00:00\",\"dateModified\":\"2021-01-21T11:56:03+00:00\",\"breadcrumb\":{\"@id\":\"https:\\\/\\\/concise-h2020.eu\\\/es\\\/national-event-in-spain\\\/#breadcrumb\"},\"inLanguage\":\"es\",\"potentialAction\":[{\"@type\":\"ReadAction\",\"target\":[[\"https:\\\/\\\/concise-h2020.eu\\\/es\\\/national-event-in-spain\\\/\"]]}]},{\"@type\":\"ImageObject\",\"inLanguage\":\"es\",\"@id\":\"https:\\\/\\\/concise-h2020.eu\\\/es\\\/national-event-in-spain\\\/#primaryimage\",\"url\":\"https:\\\/\\\/concise-h2020.eu\\\/wp-content\\\/uploads\\\/2021\\\/01\\\/es-event.png\",\"contentUrl\":\"https:\\\/\\\/concise-h2020.eu\\\/wp-content\\\/uploads\\\/2021\\\/01\\\/es-event.png\",\"width\":2291,\"height\":1289},{\"@type\":\"BreadcrumbList\",\"@id\":\"https:\\\/\\\/concise-h2020.eu\\\/es\\\/national-event-in-spain\\\/#breadcrumb\",\"itemListElement\":[{\"@type\":\"ListItem\",\"position\":1,\"name\":\"Home\",\"item\":\"https:\\\/\\\/concise-h2020.eu\\\/es\\\/\"},{\"@type\":\"ListItem\",\"position\":2,\"name\":\"National event in Spain\"}]},{\"@type\":\"WebSite\",\"@id\":\"https:\\\/\\\/concise-h2020.eu\\\/es\\\/#website\",\"url\":\"https:\\\/\\\/concise-h2020.eu\\\/es\\\/\",\"name\":\"Concise\",\"description\":\"Concise in an H2020 project, with aim to explain science communication channels.\",\"publisher\":{\"@id\":\"https:\\\/\\\/concise-h2020.eu\\\/es\\\/#organization\"},\"potentialAction\":[{\"@type\":\"SearchAction\",\"target\":{\"@type\":\"EntryPoint\",\"urlTemplate\":\"https:\\\/\\\/concise-h2020.eu\\\/es\\\/?s={search_term_string}\"},\"query-input\":{\"@type\":\"PropertyValueSpecification\",\"valueRequired\":true,\"valueName\":\"search_term_string\"}}],\"inLanguage\":\"es\"},{\"@type\":\"Organization\",\"@id\":\"https:\\\/\\\/concise-h2020.eu\\\/es\\\/#organization\",\"name\":\"Concise\",\"url\":\"https:\\\/\\\/concise-h2020.eu\\\/es\\\/\",\"logo\":{\"@type\":\"ImageObject\",\"inLanguage\":\"es\",\"@id\":\"https:\\\/\\\/concise-h2020.eu\\\/es\\\/#\\\/schema\\\/logo\\\/image\\\/\",\"url\":\"https:\\\/\\\/concise-h2020.eu\\\/wp-content\\\/uploads\\\/2019\\\/01\\\/concise_logo_crpd.jpg\",\"contentUrl\":\"https:\\\/\\\/concise-h2020.eu\\\/wp-content\\\/uploads\\\/2019\\\/01\\\/concise_logo_crpd.jpg\",\"width\":432,\"height\":124,\"caption\":\"Concise\"},\"image\":{\"@id\":\"https:\\\/\\\/concise-h2020.eu\\\/es\\\/#\\\/schema\\\/logo\\\/image\\\/\"},\"sameAs\":[\"https:\\\/\\\/x.com\\\/ConciseEU\"]}]}<\/script>\n<!-- \/ Yoast SEO plugin. -->","yoast_head_json":{"title":"National event in Spain - Concise","robots":{"index":"index","follow":"follow","max-snippet":"max-snippet:-1","max-image-preview":"max-image-preview:large","max-video-preview":"max-video-preview:-1"},"canonical":"https:\/\/concise-h2020.eu\/es\/national-event-in-spain\/","og_locale":"es_ES","og_type":"article","og_title":"National event in Spain - Concise","og_description":"Disculpa, pero esta entrada est\u00e1 disponible s\u00f3lo en English. Agenda Agenda of the event Presentations \u00bfC\u00f3mo se informan las personas sobre ciencia en Espa\u00f1a?\u00a0 \u00bfEn qu\u00e9 fuentes o canales de ...","og_url":"https:\/\/concise-h2020.eu\/es\/national-event-in-spain\/","og_site_name":"Concise","article_modified_time":"2021-01-21T11:56:03+00:00","og_image":[{"width":2291,"height":1289,"url":"https:\/\/concise-h2020.eu\/wp-content\/uploads\/2021\/01\/es-event.png","type":"image\/png"}],"twitter_card":"summary_large_image","twitter_site":"@ConciseEU","twitter_misc":{"Tiempo de lectura":"1 minuto"},"schema":{"@context":"https:\/\/schema.org","@graph":[{"@type":"WebPage","@id":"https:\/\/concise-h2020.eu\/es\/national-event-in-spain\/","url":"https:\/\/concise-h2020.eu\/es\/national-event-in-spain\/","name":"National event in Spain - Concise","isPartOf":{"@id":"https:\/\/concise-h2020.eu\/es\/#website"},"primaryImageOfPage":{"@id":"https:\/\/concise-h2020.eu\/es\/national-event-in-spain\/#primaryimage"},"image":{"@id":"https:\/\/concise-h2020.eu\/pt\/national-event-in-spain\/#primaryimage"},"thumbnailUrl":"https:\/\/concise-h2020.eu\/wp-content\/uploads\/2021\/01\/es-event.png","datePublished":"2021-01-17T16:34:34+00:00","dateModified":"2021-01-21T11:56:03+00:00","breadcrumb":{"@id":"https:\/\/concise-h2020.eu\/es\/national-event-in-spain\/#breadcrumb"},"inLanguage":"es","potentialAction":[{"@type":"ReadAction","target":[["https:\/\/concise-h2020.eu\/es\/national-event-in-spain\/"]]}]},{"@type":"ImageObject","inLanguage":"es","@id":"https:\/\/concise-h2020.eu\/es\/national-event-in-spain\/#primaryimage","url":"https:\/\/concise-h2020.eu\/wp-content\/uploads\/2021\/01\/es-event.png","contentUrl":"https:\/\/concise-h2020.eu\/wp-content\/uploads\/2021\/01\/es-event.png","width":2291,"height":1289},{"@type":"BreadcrumbList","@id":"https:\/\/concise-h2020.eu\/es\/national-event-in-spain\/#breadcrumb","itemListElement":[{"@type":"ListItem","position":1,"name":"Home","item":"https:\/\/concise-h2020.eu\/es\/"},{"@type":"ListItem","position":2,"name":"National event in Spain"}]},{"@type":"WebSite","@id":"https:\/\/concise-h2020.eu\/es\/#website","url":"https:\/\/concise-h2020.eu\/es\/","name":"Concise","description":"Concise in an H2020 project, with aim to explain science communication channels.","publisher":{"@id":"https:\/\/concise-h2020.eu\/es\/#organization"},"potentialAction":[{"@type":"SearchAction","target":{"@type":"EntryPoint","urlTemplate":"https:\/\/concise-h2020.eu\/es\/?s={search_term_string}"},"query-input":{"@type":"PropertyValueSpecification","valueRequired":true,"valueName":"search_term_string"}}],"inLanguage":"es"},{"@type":"Organization","@id":"https:\/\/concise-h2020.eu\/es\/#organization","name":"Concise","url":"https:\/\/concise-h2020.eu\/es\/","logo":{"@type":"ImageObject","inLanguage":"es","@id":"https:\/\/concise-h2020.eu\/es\/#\/schema\/logo\/image\/","url":"https:\/\/concise-h2020.eu\/wp-content\/uploads\/2019\/01\/concise_logo_crpd.jpg","contentUrl":"https:\/\/concise-h2020.eu\/wp-content\/uploads\/2019\/01\/concise_logo_crpd.jpg","width":432,"height":124,"caption":"Concise"},"image":{"@id":"https:\/\/concise-h2020.eu\/es\/#\/schema\/logo\/image\/"},"sameAs":["https:\/\/x.com\/ConciseEU"]}]}},"_links":{"self":[{"href":"https:\/\/concise-h2020.eu\/es\/wp-json\/wp\/v2\/pages\/1299","targetHints":{"allow":["GET"]}}],"collection":[{"href":"https:\/\/concise-h2020.eu\/es\/wp-json\/wp\/v2\/pages"}],"about":[{"href":"https:\/\/concise-h2020.eu\/es\/wp-json\/wp\/v2\/types\/page"}],"author":[{"embeddable":true,"href":"https:\/\/concise-h2020.eu\/es\/wp-json\/wp\/v2\/users\/2"}],"replies":[{"embeddable":true,"href":"https:\/\/concise-h2020.eu\/es\/wp-json\/wp\/v2\/comments?post=1299"}],"version-history":[{"count":0,"href":"https:\/\/concise-h2020.eu\/es\/wp-json\/wp\/v2\/pages\/1299\/revisions"}],"wp:featuredmedia":[{"embeddable":true,"href":"https:\/\/concise-h2020.eu\/es\/wp-json\/wp\/v2\/media\/1300"}],"wp:attachment":[{"href":"https:\/\/concise-h2020.eu\/es\/wp-json\/wp\/v2\/media?parent=1299"}],"curies":[{"name":"wp","href":"https:\/\/api.w.org\/{rel}","templated":true}]}}