{"id":14,"date":"2019-01-24T13:22:33","date_gmt":"2019-01-24T13:22:33","guid":{"rendered":"https:\/\/concise-h2020.eu\/?page_id=14"},"modified":"2019-06-17T14:31:12","modified_gmt":"2019-06-17T14:31:12","slug":"about-the-project","status":"publish","type":"page","link":"https:\/\/concise-h2020.eu\/es\/about-the-project\/","title":{"rendered":"Sobre el proyecto"},"content":{"rendered":"<p><\/p>\n<div class=\"about\">\n<p>CONCISE es un proyecto europeo (H2020 \u2013 SwafS, GA n. 824537) que re\u00fane a socios de cinco pa\u00edses europeos: Espa\u00f1a, Italia, Portugal, Polonia y Eslovaquia.<\/p>\n<p>CONCISE pretende generar un debate a nivel europeo sobre la comunicaci\u00f3n de la ciencia, abarcando una gran diversidad de partes interesadas, desde medios de comunicaci\u00f3n a legisladores, desde divulgadores cient\u00edficos a organizaciones de la sociedad civil. CONCISE pretende crear conocimiento cualitativo mediante la realizaci\u00f3n de consultas ciudadanas sobre los medios\/canales a trav\u00e9s de los cuales la ciudadan\u00eda de la UE adquiere sus conocimientos sobre ciencia, y c\u00f3mo estos influyen en sus creencias, opiniones y percepciones.<\/p>\n<p>Para este cometido, CONCISE analizar\u00e1 el testimonio de 500 ciudadanos (que representan a los 500 millones de ciudadanos europeos), atendiendo a cuatro temas seleccionados: vacunas, uso de medicina complementaria y alternativa, organismos modificados gen\u00e9ticamente y cambio clim\u00e1tico. CONCISE realizar\u00e1 consultas ciudadanas en cinco ciudades y pa\u00edses: Lisboa (Portugal), Valencia (Espa\u00f1a), Vicenza (Italia), Trnava (Eslovaquia) y Lodz (Polonia), con la participaci\u00f3n de 100 ciudadanos en cada pa\u00eds (ser\u00e1n personas voluntarias representantes de diferentes grupos sociales, teniendo en cuenta el g\u00e9nero, la edad, el nivel educativo y la pertenencia a grupos minoritarios). El equipo de CONCISE evaluar\u00e1, validar\u00e1, analizar\u00e1 y comparar\u00e1 sus conocimientos y posturas sobre estos cuatro temas cient\u00edficos, con el fin de publicar los resultados con libre acceso. Se registrar\u00e1n, transcribir\u00e1n y analizar\u00e1n las opiniones ciudadanas con un programa de corpus ling\u00fc\u00edstico para obtener diferentes indicadores que ayudar\u00e1n a las partes implicadas a tener una comunicaci\u00f3n m\u00e1s directa y fruct\u00edfera, y evitar, as\u00ed, el riesgo de un discurso que genere desconfianza y malentendidos. Los resultados de CONCISE ser\u00e1n escalables y su metodolog\u00eda podr\u00eda aplicarse a otros pa\u00edses europeos para incrementar la comunicaci\u00f3n cient\u00edfica en t\u00e9rminos de calidad y cantidad en toda Europa.<\/p>\n<p>Para lograr todas las metas de CONCISE, se han establecido los siguientes objetivos espec\u00edficos:<\/p>\n<ul>\n<li><strong>OBJ1<\/strong>. Incrementar nuestros conocimientos sobre c\u00f3mo los ciudadanos europeos forman sus creencias, percepciones y conocimientos relacionados con cuestiones cient\u00edficas y tecnol\u00f3gicas.<\/li>\n<li><strong>OBJ2.<\/strong> Revisar los obst\u00e1culos a los que se enfrenta cient\u00edficos y otras partes interesadas de realizar una comunicaci\u00f3n cient\u00edfica eficaz.<\/li>\n<li><strong>OBJ3.<\/strong> Evaluar los modelos actuales de ense\u00f1anza de la comunicaci\u00f3n cient\u00edfica en Europa y valorar la elaboraci\u00f3n de un plan de medidas, incluyendo recomendaciones y cuestiones a explorarse.<\/li>\n<li><strong>OBJ4.<\/strong> Posibilitar la participaci\u00f3n ciudadana activa en los procesos de investigaci\u00f3n cient\u00edfica de acuerdo con el concepto de investigaci\u00f3n e innovaci\u00f3n responsable (RRI, por su siglas en ingl\u00e9s), empleando un m\u00e9todo de consulta p\u00fablica.<\/li>\n<li><strong>OBJ5.<\/strong> Medir la percepci\u00f3n positiva o negativa de los ciudadanos que participan en la consulta p\u00fablica respecto a una selecci\u00f3n de noticias relacionadas con la ciencia.<\/li>\n<\/ul>\n<div class=\"image-middle\"><img decoding=\"async\" class=\"aligncenter\" src=\"\/wp-content\/uploads\/2019\/01\/objgraph.png\" \/><\/div>\n<\/div>\n<style>\n<p>    .about {<br \/>        color: black;<br \/>        background-color: white;<br \/>    }<\/p>\n<p>    .image-middle {<br \/>        text-align: center;<br \/>    }<br \/><\/style>\n<p><\/p>","protected":false},"excerpt":{"rendered":"<p>CONCISE es un proyecto europeo (H2020 \u2013 SwafS, GA n. 824537) que re\u00fane a socios de cinco pa\u00edses europeos: Espa\u00f1a, Italia, Portugal, Polonia y Eslovaquia. CONCISE pretende generar un debate &#8230;<\/p>\n","protected":false},"author":1,"featured_media":0,"parent":0,"menu_order":0,"comment_status":"closed","ping_status":"closed","template":"","meta":{"footnotes":""},"class_list":["post-14","page","type-page","status-publish","hentry"],"yoast_head":"<!-- This site is optimized with the Yoast SEO plugin v27.4 - https:\/\/yoast.com\/product\/yoast-seo-wordpress\/ -->\n<title>Sobre el proyecto - Concise<\/title>\n<meta name=\"robots\" content=\"index, follow, max-snippet:-1, max-image-preview:large, max-video-preview:-1\" \/>\n<link rel=\"canonical\" href=\"https:\/\/concise-h2020.eu\/es\/about-the-project\/\" \/>\n<meta property=\"og:locale\" content=\"es_ES\" \/>\n<meta property=\"og:type\" content=\"article\" \/>\n<meta property=\"og:title\" content=\"Sobre el proyecto - Concise\" \/>\n<meta property=\"og:description\" content=\"CONCISE es un proyecto europeo (H2020 \u2013 SwafS, GA n. 824537) que re\u00fane a socios de cinco pa\u00edses europeos: Espa\u00f1a, Italia, Portugal, Polonia y Eslovaquia. CONCISE pretende generar un debate ...\" \/>\n<meta property=\"og:url\" content=\"https:\/\/concise-h2020.eu\/es\/about-the-project\/\" \/>\n<meta property=\"og:site_name\" content=\"Concise\" \/>\n<meta property=\"article:modified_time\" content=\"2019-06-17T14:31:12+00:00\" \/>\n<meta property=\"og:image\" content=\"https:\/\/concise-h2020.eu\/wp-content\/uploads\/2019\/01\/objgraph.png\" \/>\n<meta name=\"twitter:card\" content=\"summary_large_image\" \/>\n<meta name=\"twitter:site\" content=\"@ConciseEU\" \/>\n<meta name=\"twitter:label1\" content=\"Tiempo de lectura\" \/>\n\t<meta name=\"twitter:data1\" content=\"15 minutos\" \/>\n<script type=\"application\/ld+json\" class=\"yoast-schema-graph\">{\"@context\":\"https:\\\/\\\/schema.org\",\"@graph\":[{\"@type\":\"WebPage\",\"@id\":\"https:\\\/\\\/concise-h2020.eu\\\/es\\\/about-the-project\\\/\",\"url\":\"https:\\\/\\\/concise-h2020.eu\\\/es\\\/about-the-project\\\/\",\"name\":\"Sobre el proyecto - Concise\",\"isPartOf\":{\"@id\":\"https:\\\/\\\/concise-h2020.eu\\\/es\\\/#website\"},\"datePublished\":\"2019-01-24T13:22:33+00:00\",\"dateModified\":\"2019-06-17T14:31:12+00:00\",\"breadcrumb\":{\"@id\":\"https:\\\/\\\/concise-h2020.eu\\\/es\\\/about-the-project\\\/#breadcrumb\"},\"inLanguage\":\"es\",\"potentialAction\":[{\"@type\":\"ReadAction\",\"target\":[[\"https:\\\/\\\/concise-h2020.eu\\\/es\\\/about-the-project\\\/\"]]}]},{\"@type\":\"BreadcrumbList\",\"@id\":\"https:\\\/\\\/concise-h2020.eu\\\/es\\\/about-the-project\\\/#breadcrumb\",\"itemListElement\":[{\"@type\":\"ListItem\",\"position\":1,\"name\":\"Home\",\"item\":\"https:\\\/\\\/concise-h2020.eu\\\/es\\\/\"},{\"@type\":\"ListItem\",\"position\":2,\"name\":\"About the project\"}]},{\"@type\":\"WebSite\",\"@id\":\"https:\\\/\\\/concise-h2020.eu\\\/es\\\/#website\",\"url\":\"https:\\\/\\\/concise-h2020.eu\\\/es\\\/\",\"name\":\"Concise\",\"description\":\"Concise in an H2020 project, with aim to explain science communication channels.\",\"publisher\":{\"@id\":\"https:\\\/\\\/concise-h2020.eu\\\/es\\\/#organization\"},\"potentialAction\":[{\"@type\":\"SearchAction\",\"target\":{\"@type\":\"EntryPoint\",\"urlTemplate\":\"https:\\\/\\\/concise-h2020.eu\\\/es\\\/?s={search_term_string}\"},\"query-input\":{\"@type\":\"PropertyValueSpecification\",\"valueRequired\":true,\"valueName\":\"search_term_string\"}}],\"inLanguage\":\"es\"},{\"@type\":\"Organization\",\"@id\":\"https:\\\/\\\/concise-h2020.eu\\\/es\\\/#organization\",\"name\":\"Concise\",\"url\":\"https:\\\/\\\/concise-h2020.eu\\\/es\\\/\",\"logo\":{\"@type\":\"ImageObject\",\"inLanguage\":\"es\",\"@id\":\"https:\\\/\\\/concise-h2020.eu\\\/es\\\/#\\\/schema\\\/logo\\\/image\\\/\",\"url\":\"https:\\\/\\\/concise-h2020.eu\\\/wp-content\\\/uploads\\\/2019\\\/01\\\/concise_logo_crpd.jpg\",\"contentUrl\":\"https:\\\/\\\/concise-h2020.eu\\\/wp-content\\\/uploads\\\/2019\\\/01\\\/concise_logo_crpd.jpg\",\"width\":432,\"height\":124,\"caption\":\"Concise\"},\"image\":{\"@id\":\"https:\\\/\\\/concise-h2020.eu\\\/es\\\/#\\\/schema\\\/logo\\\/image\\\/\"},\"sameAs\":[\"https:\\\/\\\/x.com\\\/ConciseEU\"]}]}<\/script>\n<!-- \/ Yoast SEO plugin. -->","yoast_head_json":{"title":"Sobre el proyecto - Concise","robots":{"index":"index","follow":"follow","max-snippet":"max-snippet:-1","max-image-preview":"max-image-preview:large","max-video-preview":"max-video-preview:-1"},"canonical":"https:\/\/concise-h2020.eu\/es\/about-the-project\/","og_locale":"es_ES","og_type":"article","og_title":"Sobre el proyecto - Concise","og_description":"CONCISE es un proyecto europeo (H2020 \u2013 SwafS, GA n. 824537) que re\u00fane a socios de cinco pa\u00edses europeos: Espa\u00f1a, Italia, Portugal, Polonia y Eslovaquia. CONCISE pretende generar un debate ...","og_url":"https:\/\/concise-h2020.eu\/es\/about-the-project\/","og_site_name":"Concise","article_modified_time":"2019-06-17T14:31:12+00:00","og_image":[{"url":"https:\/\/concise-h2020.eu\/wp-content\/uploads\/2019\/01\/objgraph.png","type":"","width":"","height":""}],"twitter_card":"summary_large_image","twitter_site":"@ConciseEU","twitter_misc":{"Tiempo de lectura":"15 minutos"},"schema":{"@context":"https:\/\/schema.org","@graph":[{"@type":"WebPage","@id":"https:\/\/concise-h2020.eu\/es\/about-the-project\/","url":"https:\/\/concise-h2020.eu\/es\/about-the-project\/","name":"Sobre el proyecto - Concise","isPartOf":{"@id":"https:\/\/concise-h2020.eu\/es\/#website"},"datePublished":"2019-01-24T13:22:33+00:00","dateModified":"2019-06-17T14:31:12+00:00","breadcrumb":{"@id":"https:\/\/concise-h2020.eu\/es\/about-the-project\/#breadcrumb"},"inLanguage":"es","potentialAction":[{"@type":"ReadAction","target":[["https:\/\/concise-h2020.eu\/es\/about-the-project\/"]]}]},{"@type":"BreadcrumbList","@id":"https:\/\/concise-h2020.eu\/es\/about-the-project\/#breadcrumb","itemListElement":[{"@type":"ListItem","position":1,"name":"Home","item":"https:\/\/concise-h2020.eu\/es\/"},{"@type":"ListItem","position":2,"name":"About the project"}]},{"@type":"WebSite","@id":"https:\/\/concise-h2020.eu\/es\/#website","url":"https:\/\/concise-h2020.eu\/es\/","name":"Concise","description":"Concise in an H2020 project, with aim to explain science communication channels.","publisher":{"@id":"https:\/\/concise-h2020.eu\/es\/#organization"},"potentialAction":[{"@type":"SearchAction","target":{"@type":"EntryPoint","urlTemplate":"https:\/\/concise-h2020.eu\/es\/?s={search_term_string}"},"query-input":{"@type":"PropertyValueSpecification","valueRequired":true,"valueName":"search_term_string"}}],"inLanguage":"es"},{"@type":"Organization","@id":"https:\/\/concise-h2020.eu\/es\/#organization","name":"Concise","url":"https:\/\/concise-h2020.eu\/es\/","logo":{"@type":"ImageObject","inLanguage":"es","@id":"https:\/\/concise-h2020.eu\/es\/#\/schema\/logo\/image\/","url":"https:\/\/concise-h2020.eu\/wp-content\/uploads\/2019\/01\/concise_logo_crpd.jpg","contentUrl":"https:\/\/concise-h2020.eu\/wp-content\/uploads\/2019\/01\/concise_logo_crpd.jpg","width":432,"height":124,"caption":"Concise"},"image":{"@id":"https:\/\/concise-h2020.eu\/es\/#\/schema\/logo\/image\/"},"sameAs":["https:\/\/x.com\/ConciseEU"]}]}},"_links":{"self":[{"href":"https:\/\/concise-h2020.eu\/es\/wp-json\/wp\/v2\/pages\/14","targetHints":{"allow":["GET"]}}],"collection":[{"href":"https:\/\/concise-h2020.eu\/es\/wp-json\/wp\/v2\/pages"}],"about":[{"href":"https:\/\/concise-h2020.eu\/es\/wp-json\/wp\/v2\/types\/page"}],"author":[{"embeddable":true,"href":"https:\/\/concise-h2020.eu\/es\/wp-json\/wp\/v2\/users\/1"}],"replies":[{"embeddable":true,"href":"https:\/\/concise-h2020.eu\/es\/wp-json\/wp\/v2\/comments?post=14"}],"version-history":[{"count":0,"href":"https:\/\/concise-h2020.eu\/es\/wp-json\/wp\/v2\/pages\/14\/revisions"}],"wp:attachment":[{"href":"https:\/\/concise-h2020.eu\/es\/wp-json\/wp\/v2\/media?parent=14"}],"curies":[{"name":"wp","href":"https:\/\/api.w.org\/{rel}","templated":true}]}}