{"id":2,"date":"2019-01-23T16:13:07","date_gmt":"2019-01-23T16:13:07","guid":{"rendered":"https:\/\/concise-h2020.eu\/?page_id=2"},"modified":"2020-09-25T09:43:11","modified_gmt":"2020-09-25T09:43:11","slug":"sample-page","status":"publish","type":"page","link":"https:\/\/concise-h2020.eu\/es\/","title":{"rendered":"<h1 style=\"color: white;\">Communication role on perception and beliefs<br\/>of EU Citizens about Science<\/h1>"},"content":{"rendered":"<p><\/p>\n<p style=\"text-align: center;\"><\/p>\n<div class=\"home-content\">\n<p>El principal objetivo de <strong>CONCISE<\/strong> es conocer el papel que desempe\u00f1a la comunicaci\u00f3n cient\u00edfica en el origen de las creencias, percepciones y conocimientos sobre temas cient\u00edficos de la ciudadan\u00eda. Para ello, <strong>CONCISE<\/strong> realizar\u00e1 cinco consultas ciudadanas en Lisboa (Portugal), Valencia (Espa\u00f1a), Vicenza (Italia), Trnava (Eslovaquia) y Lodz (Polonia), con la participaci\u00f3n de un total de 500 ciudadanos. Esto nos permitir\u00e1 reunir testimonios de diferentes regiones de la UE, que proporcionen a <strong>CONCISE<\/strong> informaci\u00f3n comparable y fiable sobre las percepciones generales de los ciudadanos europeos con respecto a cuatro temas cient\u00edficos de elevada controversia social:<\/p>\n<ul>\n<li>Vacunas<\/li>\n<li>Uso de medicinas complementarias y alternativas<\/li>\n<li>Cambio clim\u00e1tico<\/li>\n<li>Organismos modificados gen\u00e9ticamente.<\/li>\n<\/ul>\n<p>Los investigadores de <strong>CONCISE<\/strong> tienen como objetivo profundizar en la comprensi\u00f3n p\u00fablica de la ciencia e identificar los modelos actuales de comunicaci\u00f3n cient\u00edfica. Las consultas p\u00fablicas tambi\u00e9n revelar\u00e1n indicadores que ayudar\u00e1n a mejorar la comunicaci\u00f3n cient\u00edfica. Asimismo, permitir\u00e1n entender:<\/p>\n<ul>\n<li>C\u00f3mo los ciudadanos perciben la comunicaci\u00f3n cient\u00edfica,<\/li>\n<li>C\u00f3mo los individuos toman decisiones en torno a temas como el uso de vacunas,<\/li>\n<li>Qu\u00e9 fuentes de informaci\u00f3n se utilizan para acceder a la informaci\u00f3n cient\u00edfica.<\/li>\n<\/ul>\n<p>El consorcio de <strong>CONCISE<\/strong> incluye a periodistas cient\u00edficos reconocidos, la asociaci\u00f3n de comunicaci\u00f3n cient\u00edfica m\u00e1s relevante de Espa\u00f1a, cient\u00edficos de diferentes \u00e1reas y disciplinas, tanto de ciencias sociales como de ciencias naturales y experimentales, educadores con experiencia y peque\u00f1as empresas.<\/p>\n<\/div>\n<p><\/p>","protected":false},"excerpt":{"rendered":"<p>El principal objetivo de CONCISE es conocer el papel que desempe\u00f1a la comunicaci\u00f3n cient\u00edfica en el origen de las creencias, percepciones y conocimientos sobre temas cient\u00edficos de la ciudadan\u00eda. Para &#8230;<\/p>\n","protected":false},"author":1,"featured_media":104,"parent":0,"menu_order":0,"comment_status":"closed","ping_status":"open","template":"","meta":{"footnotes":""},"class_list":["post-2","page","type-page","status-publish","has-post-thumbnail","hentry"],"yoast_head":"<!-- This site is optimized with the Yoast SEO plugin v27.4 - https:\/\/yoast.com\/product\/yoast-seo-wordpress\/ -->\n<title>Communication role on perception and beliefsof EU Citizens about Science - Concise<\/title>\n<meta name=\"description\" content=\"Concise is Horizon 2020 project which studies the role science communication plays on the origin of beliefs, perceptions and knowledge concerning scientific issues.\" \/>\n<meta name=\"robots\" content=\"index, follow, max-snippet:-1, max-image-preview:large, max-video-preview:-1\" \/>\n<link rel=\"canonical\" href=\"https:\/\/concise-h2020.eu\/es\/\" \/>\n<meta property=\"og:locale\" content=\"es_ES\" \/>\n<meta property=\"og:type\" content=\"article\" \/>\n<meta property=\"og:title\" content=\"Communication role on perception and beliefsof EU Citizens about Science - Concise\" \/>\n<meta property=\"og:description\" content=\"Concise is Horizon 2020 project which studies the role science communication plays on the origin of beliefs, perceptions and knowledge concerning scientific issues.\" \/>\n<meta property=\"og:url\" content=\"https:\/\/concise-h2020.eu\/es\/\" \/>\n<meta property=\"og:site_name\" content=\"Concise\" \/>\n<meta property=\"article:modified_time\" content=\"2020-09-25T09:43:11+00:00\" \/>\n<meta property=\"og:image\" content=\"https:\/\/concise-h2020.eu\/wp-content\/uploads\/2019\/01\/nasa-53884-unsplash-e1551104261962.jpg\" \/>\n\t<meta property=\"og:image:width\" content=\"2048\" \/>\n\t<meta property=\"og:image:height\" content=\"1363\" \/>\n\t<meta property=\"og:image:type\" content=\"image\/jpeg\" \/>\n<meta name=\"twitter:card\" content=\"summary_large_image\" \/>\n<meta name=\"twitter:site\" content=\"@ConciseEU\" \/>\n<meta name=\"twitter:label1\" content=\"Tiempo de lectura\" \/>\n\t<meta name=\"twitter:data1\" content=\"7 minutos\" \/>\n<script type=\"application\/ld+json\" class=\"yoast-schema-graph\">{\"@context\":\"https:\\\/\\\/schema.org\",\"@graph\":[{\"@type\":\"WebPage\",\"@id\":\"https:\\\/\\\/concise-h2020.eu\\\/es\\\/\",\"url\":\"https:\\\/\\\/concise-h2020.eu\\\/es\\\/\",\"name\":\"Communication role on perception and beliefs of EU Citizens about Science - Concise\",\"isPartOf\":{\"@id\":\"https:\\\/\\\/concise-h2020.eu\\\/es\\\/#website\"},\"primaryImageOfPage\":{\"@id\":\"https:\\\/\\\/concise-h2020.eu\\\/es\\\/#primaryimage\"},\"image\":{\"@id\":\"https:\\\/\\\/concise-h2020.eu\\\/pl\\\/#primaryimage\"},\"thumbnailUrl\":\"https:\\\/\\\/concise-h2020.eu\\\/wp-content\\\/uploads\\\/2019\\\/01\\\/nasa-53884-unsplash-e1551104261962.jpg\",\"datePublished\":\"2019-01-23T16:13:07+00:00\",\"dateModified\":\"2020-09-25T09:43:11+00:00\",\"description\":\"Concise is Horizon 2020 project which studies the role science communication plays on the origin of beliefs, perceptions and knowledge concerning scientific issues.\",\"breadcrumb\":{\"@id\":\"https:\\\/\\\/concise-h2020.eu\\\/es\\\/#breadcrumb\"},\"inLanguage\":\"es\",\"potentialAction\":[{\"@type\":\"ReadAction\",\"target\":[[\"https:\\\/\\\/concise-h2020.eu\\\/es\\\/\"]]}]},{\"@type\":\"ImageObject\",\"inLanguage\":\"es\",\"@id\":\"https:\\\/\\\/concise-h2020.eu\\\/es\\\/#primaryimage\",\"url\":\"https:\\\/\\\/concise-h2020.eu\\\/wp-content\\\/uploads\\\/2019\\\/01\\\/nasa-53884-unsplash-e1551104261962.jpg\",\"contentUrl\":\"https:\\\/\\\/concise-h2020.eu\\\/wp-content\\\/uploads\\\/2019\\\/01\\\/nasa-53884-unsplash-e1551104261962.jpg\",\"width\":2048,\"height\":1363},{\"@type\":\"BreadcrumbList\",\"@id\":\"https:\\\/\\\/concise-h2020.eu\\\/es\\\/#breadcrumb\",\"itemListElement\":[{\"@type\":\"ListItem\",\"position\":1,\"name\":\"Home\",\"item\":\"https:\\\/\\\/concise-h2020.eu\\\/es\\\/\"},{\"@type\":\"ListItem\",\"position\":2,\"name\":\"Communication role on perception and beliefsof EU Citizens about Science\"}]},{\"@type\":\"WebSite\",\"@id\":\"https:\\\/\\\/concise-h2020.eu\\\/es\\\/#website\",\"url\":\"https:\\\/\\\/concise-h2020.eu\\\/es\\\/\",\"name\":\"Concise\",\"description\":\"Concise in an H2020 project, with aim to explain science communication channels.\",\"publisher\":{\"@id\":\"https:\\\/\\\/concise-h2020.eu\\\/es\\\/#organization\"},\"potentialAction\":[{\"@type\":\"SearchAction\",\"target\":{\"@type\":\"EntryPoint\",\"urlTemplate\":\"https:\\\/\\\/concise-h2020.eu\\\/es\\\/?s={search_term_string}\"},\"query-input\":{\"@type\":\"PropertyValueSpecification\",\"valueRequired\":true,\"valueName\":\"search_term_string\"}}],\"inLanguage\":\"es\"},{\"@type\":\"Organization\",\"@id\":\"https:\\\/\\\/concise-h2020.eu\\\/es\\\/#organization\",\"name\":\"Concise\",\"url\":\"https:\\\/\\\/concise-h2020.eu\\\/es\\\/\",\"logo\":{\"@type\":\"ImageObject\",\"inLanguage\":\"es\",\"@id\":\"https:\\\/\\\/concise-h2020.eu\\\/es\\\/#\\\/schema\\\/logo\\\/image\\\/\",\"url\":\"https:\\\/\\\/concise-h2020.eu\\\/wp-content\\\/uploads\\\/2019\\\/01\\\/concise_logo_crpd.jpg\",\"contentUrl\":\"https:\\\/\\\/concise-h2020.eu\\\/wp-content\\\/uploads\\\/2019\\\/01\\\/concise_logo_crpd.jpg\",\"width\":432,\"height\":124,\"caption\":\"Concise\"},\"image\":{\"@id\":\"https:\\\/\\\/concise-h2020.eu\\\/es\\\/#\\\/schema\\\/logo\\\/image\\\/\"},\"sameAs\":[\"https:\\\/\\\/x.com\\\/ConciseEU\"]}]}<\/script>\n<!-- \/ Yoast SEO plugin. -->","yoast_head_json":{"title":"Communication role on perception and beliefsof EU Citizens about Science - Concise","description":"Concise is Horizon 2020 project which studies the role science communication plays on the origin of beliefs, perceptions and knowledge concerning scientific issues.","robots":{"index":"index","follow":"follow","max-snippet":"max-snippet:-1","max-image-preview":"max-image-preview:large","max-video-preview":"max-video-preview:-1"},"canonical":"https:\/\/concise-h2020.eu\/es\/","og_locale":"es_ES","og_type":"article","og_title":"Communication role on perception and beliefsof EU Citizens about Science - Concise","og_description":"Concise is Horizon 2020 project which studies the role science communication plays on the origin of beliefs, perceptions and knowledge concerning scientific issues.","og_url":"https:\/\/concise-h2020.eu\/es\/","og_site_name":"Concise","article_modified_time":"2020-09-25T09:43:11+00:00","og_image":[{"width":2048,"height":1363,"url":"https:\/\/concise-h2020.eu\/wp-content\/uploads\/2019\/01\/nasa-53884-unsplash-e1551104261962.jpg","type":"image\/jpeg"}],"twitter_card":"summary_large_image","twitter_site":"@ConciseEU","twitter_misc":{"Tiempo de lectura":"7 minutos"},"schema":{"@context":"https:\/\/schema.org","@graph":[{"@type":"WebPage","@id":"https:\/\/concise-h2020.eu\/es\/","url":"https:\/\/concise-h2020.eu\/es\/","name":"Communication role on perception and beliefs of EU Citizens about Science - Concise","isPartOf":{"@id":"https:\/\/concise-h2020.eu\/es\/#website"},"primaryImageOfPage":{"@id":"https:\/\/concise-h2020.eu\/es\/#primaryimage"},"image":{"@id":"https:\/\/concise-h2020.eu\/pl\/#primaryimage"},"thumbnailUrl":"https:\/\/concise-h2020.eu\/wp-content\/uploads\/2019\/01\/nasa-53884-unsplash-e1551104261962.jpg","datePublished":"2019-01-23T16:13:07+00:00","dateModified":"2020-09-25T09:43:11+00:00","description":"Concise is Horizon 2020 project which studies the role science communication plays on the origin of beliefs, perceptions and knowledge concerning scientific issues.","breadcrumb":{"@id":"https:\/\/concise-h2020.eu\/es\/#breadcrumb"},"inLanguage":"es","potentialAction":[{"@type":"ReadAction","target":[["https:\/\/concise-h2020.eu\/es\/"]]}]},{"@type":"ImageObject","inLanguage":"es","@id":"https:\/\/concise-h2020.eu\/es\/#primaryimage","url":"https:\/\/concise-h2020.eu\/wp-content\/uploads\/2019\/01\/nasa-53884-unsplash-e1551104261962.jpg","contentUrl":"https:\/\/concise-h2020.eu\/wp-content\/uploads\/2019\/01\/nasa-53884-unsplash-e1551104261962.jpg","width":2048,"height":1363},{"@type":"BreadcrumbList","@id":"https:\/\/concise-h2020.eu\/es\/#breadcrumb","itemListElement":[{"@type":"ListItem","position":1,"name":"Home","item":"https:\/\/concise-h2020.eu\/es\/"},{"@type":"ListItem","position":2,"name":"Communication role on perception and beliefsof EU Citizens about Science"}]},{"@type":"WebSite","@id":"https:\/\/concise-h2020.eu\/es\/#website","url":"https:\/\/concise-h2020.eu\/es\/","name":"Concise","description":"Concise in an H2020 project, with aim to explain science communication channels.","publisher":{"@id":"https:\/\/concise-h2020.eu\/es\/#organization"},"potentialAction":[{"@type":"SearchAction","target":{"@type":"EntryPoint","urlTemplate":"https:\/\/concise-h2020.eu\/es\/?s={search_term_string}"},"query-input":{"@type":"PropertyValueSpecification","valueRequired":true,"valueName":"search_term_string"}}],"inLanguage":"es"},{"@type":"Organization","@id":"https:\/\/concise-h2020.eu\/es\/#organization","name":"Concise","url":"https:\/\/concise-h2020.eu\/es\/","logo":{"@type":"ImageObject","inLanguage":"es","@id":"https:\/\/concise-h2020.eu\/es\/#\/schema\/logo\/image\/","url":"https:\/\/concise-h2020.eu\/wp-content\/uploads\/2019\/01\/concise_logo_crpd.jpg","contentUrl":"https:\/\/concise-h2020.eu\/wp-content\/uploads\/2019\/01\/concise_logo_crpd.jpg","width":432,"height":124,"caption":"Concise"},"image":{"@id":"https:\/\/concise-h2020.eu\/es\/#\/schema\/logo\/image\/"},"sameAs":["https:\/\/x.com\/ConciseEU"]}]}},"_links":{"self":[{"href":"https:\/\/concise-h2020.eu\/es\/wp-json\/wp\/v2\/pages\/2","targetHints":{"allow":["GET"]}}],"collection":[{"href":"https:\/\/concise-h2020.eu\/es\/wp-json\/wp\/v2\/pages"}],"about":[{"href":"https:\/\/concise-h2020.eu\/es\/wp-json\/wp\/v2\/types\/page"}],"author":[{"embeddable":true,"href":"https:\/\/concise-h2020.eu\/es\/wp-json\/wp\/v2\/users\/1"}],"replies":[{"embeddable":true,"href":"https:\/\/concise-h2020.eu\/es\/wp-json\/wp\/v2\/comments?post=2"}],"version-history":[{"count":0,"href":"https:\/\/concise-h2020.eu\/es\/wp-json\/wp\/v2\/pages\/2\/revisions"}],"wp:featuredmedia":[{"embeddable":true,"href":"https:\/\/concise-h2020.eu\/es\/wp-json\/wp\/v2\/media\/104"}],"wp:attachment":[{"href":"https:\/\/concise-h2020.eu\/es\/wp-json\/wp\/v2\/media?parent=2"}],"curies":[{"name":"wp","href":"https:\/\/api.w.org\/{rel}","templated":true}]}}