{"id":908,"date":"2020-07-01T13:32:06","date_gmt":"2020-07-01T13:32:06","guid":{"rendered":"https:\/\/concise-h2020.eu\/?page_id=908"},"modified":"2020-09-25T09:01:23","modified_gmt":"2020-09-25T09:01:23","slug":"database","status":"publish","type":"page","link":"https:\/\/concise-h2020.eu\/es\/database\/","title":{"rendered":"BASE DE DATOS"},"content":{"rendered":"<p>La base de datos CONCISE presenta ejemplos que pueden servir de inspiraci\u00f3n para resolver las barreras a las que se enfrentan los investigadores y los comunicadores profesionales cuando se dedican a la comunicaci\u00f3n cient\u00edfica.<br \/>\nLa siguiente tabla y el informe no son una lista exhaustiva de pr\u00e1cticas. El valor de esta base de datos reside en que proporciona estudios de casos y posibles soluciones a las principales barreras identificadas para participar en la comunicaci\u00f3n cient\u00edfica. Los criterios de selecci\u00f3n son:<\/p>\n<ol>\n<li>Diversidad: Las soluciones se proponen teniendo en cuenta la heterogeneidad tanto geogr\u00e1fica como del p\u00fablico objetivo.<\/li>\n<li>Originalidad: Cada categor\u00eda incluye cinco soluciones diferentes para promover la comunicaci\u00f3n cient\u00edfica.<\/li>\n<li>En funcionamiento: Los casos seleccionados ofrecen soluciones que se est\u00e1n llevando a cabo actualmente.<\/li>\n<li>Disponibilidad de la informaci\u00f3n<\/li>\n<\/ol>\n<p>En el informe completo \u00abBase de datos de pr\u00e1cticas inspiradoras y recomendaciones sobre la participaci\u00f3n de los cient\u00edficos y los comunicadores en la comunicaci\u00f3n cient\u00edfica\u00bb se detalla el marco en el que se ha preparado esta base de datos, sus objetivos y la metodolog\u00eda (<a href=\"https:\/\/concise-h2020.eu\/wp-content\/uploads\/2020\/09\/Deliverable-1.5.pdf\">Enlace<\/a>).<\/p>\n<p>Informaci\u00f3n complementaria: nuestro proyecto hermano Quest tambi\u00e9n tiene informaci\u00f3n interesante sobre la formaci\u00f3n en comunicaci\u00f3n cient\u00edfica (Link: <a href=\"https:\/\/questproject.eu\/where-are-science-communication-courses-in-europe\/\">https:\/\/questproject.eu\/where-are-science-communication-courses-in-europe\/<\/a>)<\/p>\n<p>\n<table id=\"tablepress-1-no-3\" class=\"tablepress tablepress-id-1\">\n<thead>\n<tr class=\"row-1\">\n\t<th class=\"column-1\">Title<\/th><th class=\"column-2\">Brief description<\/th><th class=\"column-3\">Country<\/th><th class=\"column-4\">Target audience<\/th><th class=\"column-5\">Category<\/th>\n<\/tr>\n<\/thead>\n<tbody class=\"row-striping row-hover\">\n<tr class=\"row-2\">\n\t<td class=\"column-1\">Pr\u00eamio Jos\u00e9 Reis de Divulga\u00e7\u00e3o Cient\u00edfica e Tecnol\u00f3gica<\/td><td class=\"column-2\">Award granted annually by the National Council for Scientific and Technological Development to the institution, communication company (newspaper, magazine, television station, etc.) or individual, researcher or journalist, who has most contributed to the dissemination of science and technology in Brazil.<\/td><td class=\"column-3\">Brazil<\/td><td class=\"column-4\">Journalists, researchers, communication companies, Research institutions<\/td><td class=\"column-5\">Awards<\/td>\n<\/tr>\n<tr class=\"row-3\">\n\t<td class=\"column-1\">European Science Writers Award<\/td><td class=\"column-2\">Award to editors and writers for their achievements for the promotion of science journalism in Europe since 2001. The senior prize so called \u201cAward for Lifetime Achievements\u201d and the two \u201cJunior\u201d prizes were awarded every two years at the EuroScience Open Forum (ESOF). <\/td><td class=\"column-3\">European Union countries<\/td><td class=\"column-4\">Science editors and writers<\/td><td class=\"column-5\">Awards<\/td>\n<\/tr>\n<tr class=\"row-4\">\n\t<td class=\"column-1\">FameLab<\/td><td class=\"column-2\">Famelab is an international contest of scientific monologues. Its main objective is to promote the popularization of science by identifying, training and publicizing new talents, new spokespersons for science through an innovative format, the science monologue.<\/td><td class=\"column-3\">International<\/td><td class=\"column-4\">Researchers, journalists, scholars<\/td><td class=\"column-5\">Awards<\/td>\n<\/tr>\n<tr class=\"row-5\">\n\t<td class=\"column-1\">Premio Boehringer Ingelheim al Periodismo en Medicina<\/td><td class=\"column-2\">Journalistic awards with the aim of promoting and recognizing the work of journalists and the media in disseminating and bringing public opinion closer to the advances that are taking place in the field of medicine and health.<\/td><td class=\"column-3\">Spain<\/td><td class=\"column-4\">Journalists<\/td><td class=\"column-5\">Awards<\/td>\n<\/tr>\n<tr class=\"row-6\">\n\t<td class=\"column-1\">Sentinel Awards <\/td><td class=\"column-2\">Awards to recognize exemplary achievements in TV storylines that inform, educate and motivate viewers to make choices for healthier and safer lives.<\/td><td class=\"column-3\">USA<\/td><td class=\"column-4\">TV shows<\/td><td class=\"column-5\">Awards<\/td>\n<\/tr>\n<tr class=\"row-7\">\n\t<td class=\"column-1\">CSIRO<\/td><td class=\"column-2\">Science communication skills included as a criterion for recruitment and career promotion in science and engineering research positions.<\/td><td class=\"column-3\">Australia<\/td><td class=\"column-4\">Researchers<\/td><td class=\"column-5\">Career progression<\/td>\n<\/tr>\n<tr class=\"row-8\">\n\t<td class=\"column-1\">EU-LIFE<\/td><td class=\"column-2\">Science communication activities used to evaluate candidates recruitment and career promotion in all EU-LIFE institutes.<\/td><td class=\"column-3\">European countries<\/td><td class=\"column-4\">Researchers<\/td><td class=\"column-5\">Career progression<\/td>\n<\/tr>\n<tr class=\"row-9\">\n\t<td class=\"column-1\">Conferencia de Rectores de las Universidades Espa\u00f1olas <\/td><td class=\"column-2\">Assessment guide with specific criteria for science communication activities of university research staff proposed by the Conference of Rectors of Spanish Universities (Conferencia de Rectores de las Universidades Espa\u00f1olas).<\/td><td class=\"column-3\">Spain<\/td><td class=\"column-4\">Researchers<\/td><td class=\"column-5\">Career progression<\/td>\n<\/tr>\n<tr class=\"row-10\">\n\t<td class=\"column-1\">University of Wisconsin - Madison<\/td><td class=\"column-2\">Science communication, outreach and public engagement activities included in the criterion for tenure promotion of research staff of the University of Wisconsin - Madison. <\/td><td class=\"column-3\">USA<\/td><td class=\"column-4\">Researchers<\/td><td class=\"column-5\">Career progression<\/td>\n<\/tr>\n<tr class=\"row-11\">\n\t<td class=\"column-1\">University of Birmingham<\/td><td class=\"column-2\">Science communication skills included as a criterion for recruitment to research staff positions.<\/td><td class=\"column-3\">UK<\/td><td class=\"column-4\">Researchers<\/td><td class=\"column-5\">Career progression<\/td>\n<\/tr>\n<tr class=\"row-12\">\n\t<td class=\"column-1\">International Institute for Applied Systems Analysis Science Communication Fellowship<\/td><td class=\"column-2\">The IIASA Science Communication Fellowship, established in 2016, provides the opportunity for one to two early-career science communicators to gain hands-on experience in the IIASA Communications Department each summer.<\/td><td class=\"column-3\">Austria<\/td><td class=\"column-4\">Graduate students<\/td><td class=\"column-5\">Fellowship<\/td>\n<\/tr>\n<tr class=\"row-13\">\n\t<td class=\"column-1\"> Knight Science Journalism Program at MIT <\/td><td class=\"column-2\">A nine-month fellowship program that brings together a small group of elite journalists from across the globe for two semesters of study, intellectual growth, and exploration at MIT, Harvard, and other institutions in Cambridge and greater Boston.<\/td><td class=\"column-3\">International<\/td><td class=\"column-4\">Science journalists<\/td><td class=\"column-5\">Fellowship<\/td>\n<\/tr>\n<tr class=\"row-14\">\n\t<td class=\"column-1\">Erice International School of Scientific Journalism<\/td><td class=\"column-2\">The School is based on lectures, interactive sessions and other activities held by international experts in the fields of science, journalism and communication, and encourages a lively discussion on how to communicate scientific results in different ways and through different media.<\/td><td class=\"column-3\">International<\/td><td class=\"column-4\">Early career science journalists, science communicators, students<\/td><td class=\"column-5\">Fellowship<\/td>\n<\/tr>\n<tr class=\"row-15\">\n\t<td class=\"column-1\">British Science Association Media Fellows<\/td><td class=\"column-2\">The British Science Association Media Fellowships provide a unique opportunity for practicing scientists, clinicians and engineers to spend two to six weeks working at the heart of a media outlet such as the Guardian, BBC Breakfast or the Londonist.<\/td><td class=\"column-3\">UK<\/td><td class=\"column-4\">Scientists, clinicians and engineers<\/td><td class=\"column-5\">Fellowship<\/td>\n<\/tr>\n<tr class=\"row-16\">\n\t<td class=\"column-1\">Science News Internship<\/td><td class=\"column-2\">Science News, the award-winning magazine covering all fields of science for a general readership, is now accepting applications for its science writing internships. Interns work as full-time science writers under the guidance of Science News editors and writers. Internships are offered in fall, spring and summer each year.<\/td><td class=\"column-3\">USA<\/td><td class=\"column-4\">Journalism students<\/td><td class=\"column-5\">Fellowship<\/td>\n<\/tr>\n<tr class=\"row-17\">\n\t<td class=\"column-1\">European Commission<\/td><td class=\"column-2\">Demand for communication, dissemination and promotion of European Commission funded projects<\/td><td class=\"column-3\">European Union countries<\/td><td class=\"column-4\">Researchers<\/td><td class=\"column-5\">Funding<\/td>\n<\/tr>\n<tr class=\"row-18\">\n\t<td class=\"column-1\">Funda\u00e7\u00e3o para a Ci\u00eancia e a Tecnologia<\/td><td class=\"column-2\">Since 2016, Portuguese Foundation for Science and Technology funded projects must include a dissemination plan with a dedicated item in the budget. In some calls the dissemination costs have to be at least 15% of the total budget. <\/td><td class=\"column-3\">Portugal<\/td><td class=\"column-4\">Researchers<\/td><td class=\"column-5\">Funding<\/td>\n<\/tr>\n<tr class=\"row-19\">\n\t<td class=\"column-1\">Fundaci\u00f3n Espa\u00f1ola para la Ciencia y la Tecnolog\u00eda<\/td><td class=\"column-2\">Spanish Foundation for Science and Technology open yearly specific funding calls devoted to science dissemination and communication projects<\/td><td class=\"column-3\">Spain<\/td><td class=\"column-4\">Researchers and science communication professionals<\/td><td class=\"column-5\">Funding<\/td>\n<\/tr>\n<tr class=\"row-20\">\n\t<td class=\"column-1\">Swiss National Science Foundation<\/td><td class=\"column-2\">The Swiss National Science Foundation funds specific projects to foster dialogue between scientists and society. It encourages researchers to communicate their current research to an audience of lay people. <\/td><td class=\"column-3\">Switzerland<\/td><td class=\"column-4\">Researchers<\/td><td class=\"column-5\">Funding<\/td>\n<\/tr>\n<tr class=\"row-21\">\n\t<td class=\"column-1\">Network of funders<\/td><td class=\"column-2\">The Rita Allen foundation built in 2017 a network of funders who recognize and support the need to invest in productive public engagement with evidence-based science communication.<\/td><td class=\"column-3\">USA<\/td><td class=\"column-4\">Science communication professionals<\/td><td class=\"column-5\">Funding<\/td>\n<\/tr>\n<tr class=\"row-22\">\n\t<td class=\"column-1\">Master Information et m\u00e9diation scientifique et technique (IMST)<\/td><td class=\"column-2\">Master program offered by the Universit\u00e9 Bordeaux Montaigne that aims to study science, its discourse, its concepts, its relations with society, in its historical, philosophical, sociological, ethical and communicative dimensions.<\/td><td class=\"column-3\">France<\/td><td class=\"column-4\">Graduate students<\/td><td class=\"column-5\">Training<\/td>\n<\/tr>\n<tr class=\"row-23\">\n\t<td class=\"column-1\">Science communication and Bionics<\/td><td class=\"column-2\">Bachelor program on linking communication practice with rigorous research methodologies offered by the Rhine-Waal University of Applied Sciences<\/td><td class=\"column-3\">Gemany<\/td><td class=\"column-4\">Undergraduate students<\/td><td class=\"column-5\">Training<\/td>\n<\/tr>\n<tr class=\"row-24\">\n\t<td class=\"column-1\">Master in Science Education<\/td><td class=\"column-2\">Master program offered by the Trinity College Dublin to give students the academic and practical skills they need to develop a critical understanding of the role of science education, research and communication in society.<\/td><td class=\"column-3\">Ireland<\/td><td class=\"column-4\">Graduate students<\/td><td class=\"column-5\">Training<\/td>\n<\/tr>\n<tr class=\"row-25\">\n\t<td class=\"column-1\">M\u00e1ster en comunicaci\u00f3n cient\u00edfica, m\u00e9dica y ambiental<\/td><td class=\"column-2\">Stellenbosch University offers a Master program in the field of science and technology studies, with a specialisation in science and public engagement. The course content focuses on challenges associated with the communication between science, public audiences and stakeholder groups in society, with a special focus on Africa.<\/td><td class=\"column-3\">South Africa<\/td><td class=\"column-4\">Graduate students<\/td><td class=\"column-5\">Training<\/td>\n<\/tr>\n<tr class=\"row-26\">\n\t<td class=\"column-1\">M\u00e1ster en comunicaci\u00f3n cient\u00edfica, m\u00e9dica y ambiental<\/td><td class=\"column-2\">Master program offered by the Universitat Pompeu Fabra - Barcelona School of Management. This course combines theory and practice to provide students with the skills and critical thinking necessary to meet current job demands in all aspects of scientific, medical, and environmental communication.<\/td><td class=\"column-3\">Spain<\/td><td class=\"column-4\">Graduate students<\/td><td class=\"column-5\">Training<\/td>\n<\/tr>\n<\/tbody>\n<\/table>\n<!-- #tablepress-1-no-3 from cache --><\/p>","protected":false},"excerpt":{"rendered":"<p>La base de datos CONCISE presenta ejemplos que pueden servir de inspiraci\u00f3n para resolver las barreras a las que se enfrentan los investigadores y los comunicadores profesionales cuando se dedican &#8230;<\/p>\n","protected":false},"author":2,"featured_media":0,"parent":0,"menu_order":0,"comment_status":"closed","ping_status":"closed","template":"","meta":{"footnotes":""},"class_list":["post-908","page","type-page","status-publish","hentry"],"yoast_head":"<!-- This site is optimized with the Yoast SEO plugin v27.4 - https:\/\/yoast.com\/product\/yoast-seo-wordpress\/ -->\n<title>BASE DE DATOS - Concise<\/title>\n<meta name=\"robots\" content=\"index, follow, max-snippet:-1, max-image-preview:large, max-video-preview:-1\" \/>\n<link rel=\"canonical\" href=\"https:\/\/concise-h2020.eu\/es\/database\/\" \/>\n<meta property=\"og:locale\" content=\"es_ES\" \/>\n<meta property=\"og:type\" content=\"article\" \/>\n<meta property=\"og:title\" content=\"BASE DE DATOS - Concise\" \/>\n<meta property=\"og:description\" content=\"La base de datos CONCISE presenta ejemplos que pueden servir de inspiraci\u00f3n para resolver las barreras a las que se enfrentan los investigadores y los comunicadores profesionales cuando se dedican ...\" \/>\n<meta property=\"og:url\" content=\"https:\/\/concise-h2020.eu\/es\/database\/\" \/>\n<meta property=\"og:site_name\" content=\"Concise\" \/>\n<meta property=\"article:modified_time\" content=\"2020-09-25T09:01:23+00:00\" \/>\n<meta name=\"twitter:card\" content=\"summary_large_image\" \/>\n<meta name=\"twitter:site\" content=\"@ConciseEU\" \/>\n<meta name=\"twitter:label1\" content=\"Tiempo de lectura\" \/>\n\t<meta name=\"twitter:data1\" content=\"6 minutos\" \/>\n<script type=\"application\/ld+json\" class=\"yoast-schema-graph\">{\"@context\":\"https:\\\/\\\/schema.org\",\"@graph\":[{\"@type\":\"WebPage\",\"@id\":\"https:\\\/\\\/concise-h2020.eu\\\/es\\\/database\\\/\",\"url\":\"https:\\\/\\\/concise-h2020.eu\\\/es\\\/database\\\/\",\"name\":\"BASE DE DATOS - Concise\",\"isPartOf\":{\"@id\":\"https:\\\/\\\/concise-h2020.eu\\\/es\\\/#website\"},\"datePublished\":\"2020-07-01T13:32:06+00:00\",\"dateModified\":\"2020-09-25T09:01:23+00:00\",\"breadcrumb\":{\"@id\":\"https:\\\/\\\/concise-h2020.eu\\\/es\\\/database\\\/#breadcrumb\"},\"inLanguage\":\"es\",\"potentialAction\":[{\"@type\":\"ReadAction\",\"target\":[[\"https:\\\/\\\/concise-h2020.eu\\\/es\\\/database\\\/\"]]}]},{\"@type\":\"BreadcrumbList\",\"@id\":\"https:\\\/\\\/concise-h2020.eu\\\/es\\\/database\\\/#breadcrumb\",\"itemListElement\":[{\"@type\":\"ListItem\",\"position\":1,\"name\":\"Home\",\"item\":\"https:\\\/\\\/concise-h2020.eu\\\/es\\\/\"},{\"@type\":\"ListItem\",\"position\":2,\"name\":\"Database\"}]},{\"@type\":\"WebSite\",\"@id\":\"https:\\\/\\\/concise-h2020.eu\\\/es\\\/#website\",\"url\":\"https:\\\/\\\/concise-h2020.eu\\\/es\\\/\",\"name\":\"Concise\",\"description\":\"Concise in an H2020 project, with aim to explain science communication channels.\",\"publisher\":{\"@id\":\"https:\\\/\\\/concise-h2020.eu\\\/es\\\/#organization\"},\"potentialAction\":[{\"@type\":\"SearchAction\",\"target\":{\"@type\":\"EntryPoint\",\"urlTemplate\":\"https:\\\/\\\/concise-h2020.eu\\\/es\\\/?s={search_term_string}\"},\"query-input\":{\"@type\":\"PropertyValueSpecification\",\"valueRequired\":true,\"valueName\":\"search_term_string\"}}],\"inLanguage\":\"es\"},{\"@type\":\"Organization\",\"@id\":\"https:\\\/\\\/concise-h2020.eu\\\/es\\\/#organization\",\"name\":\"Concise\",\"url\":\"https:\\\/\\\/concise-h2020.eu\\\/es\\\/\",\"logo\":{\"@type\":\"ImageObject\",\"inLanguage\":\"es\",\"@id\":\"https:\\\/\\\/concise-h2020.eu\\\/es\\\/#\\\/schema\\\/logo\\\/image\\\/\",\"url\":\"https:\\\/\\\/concise-h2020.eu\\\/wp-content\\\/uploads\\\/2019\\\/01\\\/concise_logo_crpd.jpg\",\"contentUrl\":\"https:\\\/\\\/concise-h2020.eu\\\/wp-content\\\/uploads\\\/2019\\\/01\\\/concise_logo_crpd.jpg\",\"width\":432,\"height\":124,\"caption\":\"Concise\"},\"image\":{\"@id\":\"https:\\\/\\\/concise-h2020.eu\\\/es\\\/#\\\/schema\\\/logo\\\/image\\\/\"},\"sameAs\":[\"https:\\\/\\\/x.com\\\/ConciseEU\"]}]}<\/script>\n<!-- \/ Yoast SEO plugin. -->","yoast_head_json":{"title":"BASE DE DATOS - Concise","robots":{"index":"index","follow":"follow","max-snippet":"max-snippet:-1","max-image-preview":"max-image-preview:large","max-video-preview":"max-video-preview:-1"},"canonical":"https:\/\/concise-h2020.eu\/es\/database\/","og_locale":"es_ES","og_type":"article","og_title":"BASE DE DATOS - Concise","og_description":"La base de datos CONCISE presenta ejemplos que pueden servir de inspiraci\u00f3n para resolver las barreras a las que se enfrentan los investigadores y los comunicadores profesionales cuando se dedican ...","og_url":"https:\/\/concise-h2020.eu\/es\/database\/","og_site_name":"Concise","article_modified_time":"2020-09-25T09:01:23+00:00","twitter_card":"summary_large_image","twitter_site":"@ConciseEU","twitter_misc":{"Tiempo de lectura":"6 minutos"},"schema":{"@context":"https:\/\/schema.org","@graph":[{"@type":"WebPage","@id":"https:\/\/concise-h2020.eu\/es\/database\/","url":"https:\/\/concise-h2020.eu\/es\/database\/","name":"BASE DE DATOS - Concise","isPartOf":{"@id":"https:\/\/concise-h2020.eu\/es\/#website"},"datePublished":"2020-07-01T13:32:06+00:00","dateModified":"2020-09-25T09:01:23+00:00","breadcrumb":{"@id":"https:\/\/concise-h2020.eu\/es\/database\/#breadcrumb"},"inLanguage":"es","potentialAction":[{"@type":"ReadAction","target":[["https:\/\/concise-h2020.eu\/es\/database\/"]]}]},{"@type":"BreadcrumbList","@id":"https:\/\/concise-h2020.eu\/es\/database\/#breadcrumb","itemListElement":[{"@type":"ListItem","position":1,"name":"Home","item":"https:\/\/concise-h2020.eu\/es\/"},{"@type":"ListItem","position":2,"name":"Database"}]},{"@type":"WebSite","@id":"https:\/\/concise-h2020.eu\/es\/#website","url":"https:\/\/concise-h2020.eu\/es\/","name":"Concise","description":"Concise in an H2020 project, with aim to explain science communication channels.","publisher":{"@id":"https:\/\/concise-h2020.eu\/es\/#organization"},"potentialAction":[{"@type":"SearchAction","target":{"@type":"EntryPoint","urlTemplate":"https:\/\/concise-h2020.eu\/es\/?s={search_term_string}"},"query-input":{"@type":"PropertyValueSpecification","valueRequired":true,"valueName":"search_term_string"}}],"inLanguage":"es"},{"@type":"Organization","@id":"https:\/\/concise-h2020.eu\/es\/#organization","name":"Concise","url":"https:\/\/concise-h2020.eu\/es\/","logo":{"@type":"ImageObject","inLanguage":"es","@id":"https:\/\/concise-h2020.eu\/es\/#\/schema\/logo\/image\/","url":"https:\/\/concise-h2020.eu\/wp-content\/uploads\/2019\/01\/concise_logo_crpd.jpg","contentUrl":"https:\/\/concise-h2020.eu\/wp-content\/uploads\/2019\/01\/concise_logo_crpd.jpg","width":432,"height":124,"caption":"Concise"},"image":{"@id":"https:\/\/concise-h2020.eu\/es\/#\/schema\/logo\/image\/"},"sameAs":["https:\/\/x.com\/ConciseEU"]}]}},"_links":{"self":[{"href":"https:\/\/concise-h2020.eu\/es\/wp-json\/wp\/v2\/pages\/908","targetHints":{"allow":["GET"]}}],"collection":[{"href":"https:\/\/concise-h2020.eu\/es\/wp-json\/wp\/v2\/pages"}],"about":[{"href":"https:\/\/concise-h2020.eu\/es\/wp-json\/wp\/v2\/types\/page"}],"author":[{"embeddable":true,"href":"https:\/\/concise-h2020.eu\/es\/wp-json\/wp\/v2\/users\/2"}],"replies":[{"embeddable":true,"href":"https:\/\/concise-h2020.eu\/es\/wp-json\/wp\/v2\/comments?post=908"}],"version-history":[{"count":0,"href":"https:\/\/concise-h2020.eu\/es\/wp-json\/wp\/v2\/pages\/908\/revisions"}],"wp:attachment":[{"href":"https:\/\/concise-h2020.eu\/es\/wp-json\/wp\/v2\/media?parent=908"}],"curies":[{"name":"wp","href":"https:\/\/api.w.org\/{rel}","templated":true}]}}