{"id":662,"date":"2020-02-12T12:36:43","date_gmt":"2020-02-12T12:36:43","guid":{"rendered":"https:\/\/concise-h2020.eu\/?page_id=662"},"modified":"2020-09-25T16:22:47","modified_gmt":"2020-09-25T16:22:47","slug":"public-consultations","status":"publish","type":"page","link":"https:\/\/concise-h2020.eu\/it\/public-consultations\/","title":{"rendered":"Consultazioni pubbliche"},"content":{"rendered":"<p>Il progetto CONCISE ha condotto le cinque consultazioni pubbliche tra settembre e novembre 2019. Oltre 500 cittadini europei hanno avuto l&#8217;opportunit\u00e0 di condividere le loro opinioni sulla comunicazione scientifica relativa a quattro argomenti: vaccini, uso della medicina complementare e alternativa (CAM), organismi geneticamente modificati ( OGM) e cambiamenti climatici.<\/p>\n<p>&nbsp;<\/p>\n<p><a href=\"https:\/\/concise-h2020.eu\/wp-content\/uploads\/2020\/09\/general-3-levels-Italian-corrected-Sept20-scaled.jpg\" target=\"_blank\" rel=\"noopener noreferrer\"><img loading=\"lazy\" decoding=\"async\" class=\"aligncenter wp-image-1090 size-large\" src=\"https:\/\/concise-h2020.eu\/wp-content\/uploads\/2020\/09\/general-3-levels-Italian-corrected-Sept20-584x1024.jpg\" alt=\"\" width=\"584\" height=\"1024\" srcset=\"https:\/\/concise-h2020.eu\/wp-content\/uploads\/2020\/09\/general-3-levels-Italian-corrected-Sept20-584x1024.jpg 584w, https:\/\/concise-h2020.eu\/wp-content\/uploads\/2020\/09\/general-3-levels-Italian-corrected-Sept20-171x300.jpg 171w, https:\/\/concise-h2020.eu\/wp-content\/uploads\/2020\/09\/general-3-levels-Italian-corrected-Sept20-438x768.jpg 438w, https:\/\/concise-h2020.eu\/wp-content\/uploads\/2020\/09\/general-3-levels-Italian-corrected-Sept20-876x1536.jpg 876w, https:\/\/concise-h2020.eu\/wp-content\/uploads\/2020\/09\/general-3-levels-Italian-corrected-Sept20-1168x2048.jpg 1168w, https:\/\/concise-h2020.eu\/wp-content\/uploads\/2020\/09\/general-3-levels-Italian-corrected-Sept20-scaled.jpg 1460w\" sizes=\"auto, (max-width: 584px) 100vw, 584px\" \/><\/a><\/p>\n<p>&nbsp;<\/p>\n<p>I video che sintetizzano le consultazioni e con interviste ai partecipanti sono gi\u00e0 disponibili:<\/p>\n<p><strong><span style=\"font-size: 12pt;\">VICENZA (Italia) \u2013 14t settembre 2019<\/span><\/strong><\/p>\n<p><a href=\"https:\/\/concise-h2020.eu\/wp-content\/uploads\/slider4\/ConsultationItalyinItalian.jpeg\" target=\"_blank\" rel=\"noopener noreferrer\"><img loading=\"lazy\" decoding=\"async\" class=\"aligncenter wp-image-1054\" src=\"https:\/\/concise-h2020.eu\/wp-content\/uploads\/slider4\/ConsultationItalyinItalian.jpeg\" alt=\"\" width=\"800\" height=\"616\" srcset=\"https:\/\/concise-h2020.eu\/wp-content\/uploads\/slider4\/ConsultationItalyinItalian.jpeg 1000w, https:\/\/concise-h2020.eu\/wp-content\/uploads\/slider4\/ConsultationItalyinItalian-300x231.jpeg 300w, https:\/\/concise-h2020.eu\/wp-content\/uploads\/slider4\/ConsultationItalyinItalian-768x591.jpeg 768w\" sizes=\"auto, (max-width: 800px) 100vw, 800px\" \/><\/a><\/p>\n<p>&nbsp;<\/p>\n<p><iframe loading=\"lazy\" src=\"https:\/\/www.youtube.com\/embed\/FhNr7wuxt2w\" width=\"1280\" height=\"720\" frameborder=\"0\" allowfullscreen=\"allowfullscreen\"><\/iframe><\/p>\n<p>&nbsp;<\/p>\n<hr \/>\n<p>&nbsp;<\/p>\n<p><strong><span style=\"font-size: 12pt;\">\u0141\u00d3D\u0179 (Polonia) \u2013 21 settembre r 2019<\/span><\/strong><\/p>\n<p><a href=\"https:\/\/concise-h2020.eu\/wp-content\/uploads\/slider4\/ConsultationPolandinItalian.jpeg\" target=\"_blank\" rel=\"noopener noreferrer\"><img loading=\"lazy\" decoding=\"async\" class=\"aligncenter wp-image-1055\" src=\"https:\/\/concise-h2020.eu\/wp-content\/uploads\/slider4\/ConsultationPolandinItalian.jpeg\" alt=\"\" width=\"800\" height=\"616\" srcset=\"https:\/\/concise-h2020.eu\/wp-content\/uploads\/slider4\/ConsultationPolandinItalian.jpeg 1000w, https:\/\/concise-h2020.eu\/wp-content\/uploads\/slider4\/ConsultationPolandinItalian-300x231.jpeg 300w, https:\/\/concise-h2020.eu\/wp-content\/uploads\/slider4\/ConsultationPolandinItalian-768x591.jpeg 768w\" sizes=\"auto, (max-width: 800px) 100vw, 800px\" \/><\/a><\/p>\n<p>&nbsp;<\/p>\n<p><iframe loading=\"lazy\" src=\"https:\/\/www.youtube.com\/embed\/MM_YLUBs7-o?start=178\" width=\"1280\" height=\"720\" frameborder=\"0\" allowfullscreen=\"allowfullscreen\"><span data-mce-type=\"bookmark\" style=\"display: inline-block; width: 0px; overflow: hidden; line-height: 0;\" class=\"mce_SELRES_start\">\ufeff<\/span><\/iframe><\/p>\n<p>&nbsp;<\/p>\n<hr \/>\n<p><span style=\"font-size: 12pt;\"><strong>TRNAVA (Slovacchia) \u2013 19 ottobre 2019<\/strong><\/span><\/p>\n<p><a href=\"https:\/\/concise-h2020.eu\/wp-content\/uploads\/slider4\/ConsultationSlovakiainItalian.jpeg\" target=\"_blank\" rel=\"noopener noreferrer\"><img loading=\"lazy\" decoding=\"async\" class=\"aligncenter wp-image-1057\" src=\"https:\/\/concise-h2020.eu\/wp-content\/uploads\/slider4\/ConsultationSlovakiainItalian.jpeg\" alt=\"\" width=\"800\" height=\"615\" srcset=\"https:\/\/concise-h2020.eu\/wp-content\/uploads\/slider4\/ConsultationSlovakiainItalian.jpeg 1000w, https:\/\/concise-h2020.eu\/wp-content\/uploads\/slider4\/ConsultationSlovakiainItalian-300x231.jpeg 300w, https:\/\/concise-h2020.eu\/wp-content\/uploads\/slider4\/ConsultationSlovakiainItalian-768x591.jpeg 768w\" sizes=\"auto, (max-width: 800px) 100vw, 800px\" \/><\/a><\/p>\n<p>&nbsp;<\/p>\n<p><iframe loading=\"lazy\" src=\"https:\/\/www.youtube.com\/embed\/4wi6eReEO6Y\" width=\"1280\" height=\"720\" frameborder=\"0\" allowfullscreen=\"allowfullscreen\"><\/iframe><\/p>\n<p>&nbsp;<\/p>\n<hr \/>\n<p><span style=\"font-size: 12pt;\"><strong>VALENCIA (Spagna) \u2013 26 ottobre 2019<\/strong><\/span><\/p>\n<p><a href=\"https:\/\/concise-h2020.eu\/wp-content\/uploads\/slider4\/ConsultationSpaininItalian.jpeg\" target=\"_blank\" rel=\"noopener noreferrer\"><img loading=\"lazy\" decoding=\"async\" class=\"aligncenter wp-image-1058\" src=\"https:\/\/concise-h2020.eu\/wp-content\/uploads\/slider4\/ConsultationSpaininItalian.jpeg\" alt=\"\" width=\"800\" height=\"616\" srcset=\"https:\/\/concise-h2020.eu\/wp-content\/uploads\/slider4\/ConsultationSpaininItalian.jpeg 1000w, https:\/\/concise-h2020.eu\/wp-content\/uploads\/slider4\/ConsultationSpaininItalian-300x231.jpeg 300w, https:\/\/concise-h2020.eu\/wp-content\/uploads\/slider4\/ConsultationSpaininItalian-768x591.jpeg 768w\" sizes=\"auto, (max-width: 800px) 100vw, 800px\" \/><\/a><\/p>\n<p>&nbsp;<\/p>\n<p><iframe loading=\"lazy\" src=\"https:\/\/www.youtube.com\/embed\/lCln5tI1l2M\" width=\"1280\" height=\"720\" frameborder=\"0\" allowfullscreen=\"allowfullscreen\"><\/iframe><\/p>\n<p>&nbsp;<\/p>\n<hr \/>\n<p>&nbsp;<\/p>\n<p><span style=\"font-size: 12pt;\"><strong>LISBON (Portogallo) \u2013 16 novembre 2019<\/strong><\/span><\/p>\n<p><a href=\"https:\/\/concise-h2020.eu\/wp-content\/uploads\/slider4\/ConsultationPortugalinItalian_CORRECTED.jpeg\" target=\"_blank\" rel=\"noopener noreferrer\"><img loading=\"lazy\" decoding=\"async\" class=\"aligncenter wp-image-1056\" src=\"https:\/\/concise-h2020.eu\/wp-content\/uploads\/slider4\/ConsultationPortugalinItalian_CORRECTED.jpeg\" alt=\"\" width=\"800\" height=\"615\" srcset=\"https:\/\/concise-h2020.eu\/wp-content\/uploads\/slider4\/ConsultationPortugalinItalian_CORRECTED.jpeg 1000w, https:\/\/concise-h2020.eu\/wp-content\/uploads\/slider4\/ConsultationPortugalinItalian_CORRECTED-300x231.jpeg 300w, https:\/\/concise-h2020.eu\/wp-content\/uploads\/slider4\/ConsultationPortugalinItalian_CORRECTED-768x591.jpeg 768w\" sizes=\"auto, (max-width: 800px) 100vw, 800px\" \/><\/a><\/p>\n<p>&nbsp;<\/p>\n<p><iframe loading=\"lazy\" src=\"https:\/\/www.youtube.com\/embed\/57BWJ7bjOlQ\" width=\"1280\" height=\"720\" frameborder=\"0\" allowfullscreen=\"allowfullscreen\"><\/iframe><\/p>\n<p>&nbsp;<\/p>\n<hr \/>\n<p>&nbsp;<\/p>\n<div id='gallery-2' class='gallery galleryid-662 gallery-columns-2 gallery-size-medium'><figure class='gallery-item'>\n\t\t\t<div class='gallery-icon landscape'>\n\t\t\t\t<a href='https:\/\/concise-h2020.eu\/wp-content\/uploads\/2020\/02\/DSC_3363.jpg'><img loading=\"lazy\" decoding=\"async\" width=\"300\" height=\"199\" src=\"https:\/\/concise-h2020.eu\/wp-content\/uploads\/2020\/02\/DSC_3363-300x199.jpg\" class=\"attachment-medium size-medium\" alt=\"\" srcset=\"https:\/\/concise-h2020.eu\/wp-content\/uploads\/2020\/02\/DSC_3363-300x199.jpg 300w, https:\/\/concise-h2020.eu\/wp-content\/uploads\/2020\/02\/DSC_3363-1024x678.jpg 1024w, https:\/\/concise-h2020.eu\/wp-content\/uploads\/2020\/02\/DSC_3363-768x509.jpg 768w, https:\/\/concise-h2020.eu\/wp-content\/uploads\/2020\/02\/DSC_3363-1536x1018.jpg 1536w, https:\/\/concise-h2020.eu\/wp-content\/uploads\/2020\/02\/DSC_3363.jpg 2000w\" sizes=\"auto, (max-width: 300px) 100vw, 300px\" \/><\/a>\n\t\t\t<\/div><\/figure><figure class='gallery-item'>\n\t\t\t<div class='gallery-icon landscape'>\n\t\t\t\t<a href='https:\/\/concise-h2020.eu\/wp-content\/uploads\/2020\/02\/DSC_3472.jpg'><img loading=\"lazy\" decoding=\"async\" width=\"300\" height=\"199\" src=\"https:\/\/concise-h2020.eu\/wp-content\/uploads\/2020\/02\/DSC_3472-300x199.jpg\" class=\"attachment-medium size-medium\" alt=\"\" srcset=\"https:\/\/concise-h2020.eu\/wp-content\/uploads\/2020\/02\/DSC_3472-300x199.jpg 300w, https:\/\/concise-h2020.eu\/wp-content\/uploads\/2020\/02\/DSC_3472-1024x678.jpg 1024w, https:\/\/concise-h2020.eu\/wp-content\/uploads\/2020\/02\/DSC_3472-768x509.jpg 768w, https:\/\/concise-h2020.eu\/wp-content\/uploads\/2020\/02\/DSC_3472-1536x1018.jpg 1536w, https:\/\/concise-h2020.eu\/wp-content\/uploads\/2020\/02\/DSC_3472.jpg 2000w\" sizes=\"auto, (max-width: 300px) 100vw, 300px\" \/><\/a>\n\t\t\t<\/div><\/figure><figure class='gallery-item'>\n\t\t\t<div class='gallery-icon landscape'>\n\t\t\t\t<a href='https:\/\/concise-h2020.eu\/wp-content\/uploads\/2020\/02\/DSC_3575.jpg'><img loading=\"lazy\" decoding=\"async\" width=\"300\" height=\"199\" src=\"https:\/\/concise-h2020.eu\/wp-content\/uploads\/2020\/02\/DSC_3575-300x199.jpg\" class=\"attachment-medium size-medium\" alt=\"\" srcset=\"https:\/\/concise-h2020.eu\/wp-content\/uploads\/2020\/02\/DSC_3575-300x199.jpg 300w, https:\/\/concise-h2020.eu\/wp-content\/uploads\/2020\/02\/DSC_3575-1024x678.jpg 1024w, https:\/\/concise-h2020.eu\/wp-content\/uploads\/2020\/02\/DSC_3575-768x509.jpg 768w, https:\/\/concise-h2020.eu\/wp-content\/uploads\/2020\/02\/DSC_3575-1536x1018.jpg 1536w, https:\/\/concise-h2020.eu\/wp-content\/uploads\/2020\/02\/DSC_3575.jpg 2000w\" sizes=\"auto, (max-width: 300px) 100vw, 300px\" \/><\/a>\n\t\t\t<\/div><\/figure><figure class='gallery-item'>\n\t\t\t<div class='gallery-icon landscape'>\n\t\t\t\t<a href='https:\/\/concise-h2020.eu\/wp-content\/uploads\/2020\/02\/DSC_3795.jpg'><img loading=\"lazy\" decoding=\"async\" width=\"300\" height=\"199\" src=\"https:\/\/concise-h2020.eu\/wp-content\/uploads\/2020\/02\/DSC_3795-300x199.jpg\" class=\"attachment-medium size-medium\" alt=\"\" srcset=\"https:\/\/concise-h2020.eu\/wp-content\/uploads\/2020\/02\/DSC_3795-300x199.jpg 300w, https:\/\/concise-h2020.eu\/wp-content\/uploads\/2020\/02\/DSC_3795-1024x678.jpg 1024w, https:\/\/concise-h2020.eu\/wp-content\/uploads\/2020\/02\/DSC_3795-768x508.jpg 768w, https:\/\/concise-h2020.eu\/wp-content\/uploads\/2020\/02\/DSC_3795.jpg 1200w\" sizes=\"auto, (max-width: 300px) 100vw, 300px\" \/><\/a>\n\t\t\t<\/div><\/figure><figure class='gallery-item'>\n\t\t\t<div class='gallery-icon landscape'>\n\t\t\t\t<a href='https:\/\/concise-h2020.eu\/wp-content\/uploads\/2020\/02\/DSC_3873.jpg'><img loading=\"lazy\" decoding=\"async\" width=\"300\" height=\"199\" src=\"https:\/\/concise-h2020.eu\/wp-content\/uploads\/2020\/02\/DSC_3873-300x199.jpg\" class=\"attachment-medium size-medium\" alt=\"\" srcset=\"https:\/\/concise-h2020.eu\/wp-content\/uploads\/2020\/02\/DSC_3873-300x199.jpg 300w, https:\/\/concise-h2020.eu\/wp-content\/uploads\/2020\/02\/DSC_3873-1024x678.jpg 1024w, https:\/\/concise-h2020.eu\/wp-content\/uploads\/2020\/02\/DSC_3873-768x508.jpg 768w, https:\/\/concise-h2020.eu\/wp-content\/uploads\/2020\/02\/DSC_3873.jpg 1200w\" sizes=\"auto, (max-width: 300px) 100vw, 300px\" \/><\/a>\n\t\t\t<\/div><\/figure><figure class='gallery-item'>\n\t\t\t<div class='gallery-icon landscape'>\n\t\t\t\t<a href='https:\/\/concise-h2020.eu\/wp-content\/uploads\/2020\/02\/DSC_2931.jpg'><img loading=\"lazy\" decoding=\"async\" width=\"300\" height=\"199\" src=\"https:\/\/concise-h2020.eu\/wp-content\/uploads\/2020\/02\/DSC_2931-300x199.jpg\" class=\"attachment-medium size-medium\" alt=\"\" srcset=\"https:\/\/concise-h2020.eu\/wp-content\/uploads\/2020\/02\/DSC_2931-300x199.jpg 300w, https:\/\/concise-h2020.eu\/wp-content\/uploads\/2020\/02\/DSC_2931-1024x678.jpg 1024w, https:\/\/concise-h2020.eu\/wp-content\/uploads\/2020\/02\/DSC_2931-768x509.jpg 768w, https:\/\/concise-h2020.eu\/wp-content\/uploads\/2020\/02\/DSC_2931-1536x1018.jpg 1536w, https:\/\/concise-h2020.eu\/wp-content\/uploads\/2020\/02\/DSC_2931.jpg 2000w\" sizes=\"auto, (max-width: 300px) 100vw, 300px\" \/><\/a>\n\t\t\t<\/div><\/figure><figure class='gallery-item'>\n\t\t\t<div class='gallery-icon landscape'>\n\t\t\t\t<a href='https:\/\/concise-h2020.eu\/wp-content\/uploads\/2020\/02\/DSC_3032.jpg'><img loading=\"lazy\" decoding=\"async\" width=\"300\" height=\"199\" src=\"https:\/\/concise-h2020.eu\/wp-content\/uploads\/2020\/02\/DSC_3032-300x199.jpg\" class=\"attachment-medium size-medium\" alt=\"\" srcset=\"https:\/\/concise-h2020.eu\/wp-content\/uploads\/2020\/02\/DSC_3032-300x199.jpg 300w, https:\/\/concise-h2020.eu\/wp-content\/uploads\/2020\/02\/DSC_3032-1024x678.jpg 1024w, https:\/\/concise-h2020.eu\/wp-content\/uploads\/2020\/02\/DSC_3032-768x509.jpg 768w, https:\/\/concise-h2020.eu\/wp-content\/uploads\/2020\/02\/DSC_3032-1536x1018.jpg 1536w, https:\/\/concise-h2020.eu\/wp-content\/uploads\/2020\/02\/DSC_3032.jpg 2000w\" sizes=\"auto, (max-width: 300px) 100vw, 300px\" \/><\/a>\n\t\t\t<\/div><\/figure><figure class='gallery-item'>\n\t\t\t<div class='gallery-icon landscape'>\n\t\t\t\t<a href='https:\/\/concise-h2020.eu\/wp-content\/uploads\/2020\/02\/DSC_3106.jpg'><img loading=\"lazy\" decoding=\"async\" width=\"300\" height=\"199\" src=\"https:\/\/concise-h2020.eu\/wp-content\/uploads\/2020\/02\/DSC_3106-300x199.jpg\" class=\"attachment-medium size-medium\" alt=\"\" srcset=\"https:\/\/concise-h2020.eu\/wp-content\/uploads\/2020\/02\/DSC_3106-300x199.jpg 300w, https:\/\/concise-h2020.eu\/wp-content\/uploads\/2020\/02\/DSC_3106-1024x678.jpg 1024w, https:\/\/concise-h2020.eu\/wp-content\/uploads\/2020\/02\/DSC_3106-768x509.jpg 768w, https:\/\/concise-h2020.eu\/wp-content\/uploads\/2020\/02\/DSC_3106-1536x1018.jpg 1536w, https:\/\/concise-h2020.eu\/wp-content\/uploads\/2020\/02\/DSC_3106.jpg 2000w\" sizes=\"auto, (max-width: 300px) 100vw, 300px\" \/><\/a>\n\t\t\t<\/div><\/figure><figure class='gallery-item'>\n\t\t\t<div class='gallery-icon landscape'>\n\t\t\t\t<a href='https:\/\/concise-h2020.eu\/wp-content\/uploads\/2020\/02\/DSC_3160.jpg'><img loading=\"lazy\" decoding=\"async\" width=\"300\" height=\"199\" src=\"https:\/\/concise-h2020.eu\/wp-content\/uploads\/2020\/02\/DSC_3160-300x199.jpg\" class=\"attachment-medium size-medium\" alt=\"\" srcset=\"https:\/\/concise-h2020.eu\/wp-content\/uploads\/2020\/02\/DSC_3160-300x199.jpg 300w, https:\/\/concise-h2020.eu\/wp-content\/uploads\/2020\/02\/DSC_3160-1024x678.jpg 1024w, https:\/\/concise-h2020.eu\/wp-content\/uploads\/2020\/02\/DSC_3160-768x509.jpg 768w, https:\/\/concise-h2020.eu\/wp-content\/uploads\/2020\/02\/DSC_3160-1536x1018.jpg 1536w, https:\/\/concise-h2020.eu\/wp-content\/uploads\/2020\/02\/DSC_3160.jpg 2000w\" sizes=\"auto, (max-width: 300px) 100vw, 300px\" \/><\/a>\n\t\t\t<\/div><\/figure><figure class='gallery-item'>\n\t\t\t<div class='gallery-icon landscape'>\n\t\t\t\t<a href='https:\/\/concise-h2020.eu\/wp-content\/uploads\/2020\/02\/DSC_3233.jpg'><img loading=\"lazy\" decoding=\"async\" width=\"300\" height=\"199\" src=\"https:\/\/concise-h2020.eu\/wp-content\/uploads\/2020\/02\/DSC_3233-300x199.jpg\" class=\"attachment-medium size-medium\" alt=\"\" srcset=\"https:\/\/concise-h2020.eu\/wp-content\/uploads\/2020\/02\/DSC_3233-300x199.jpg 300w, https:\/\/concise-h2020.eu\/wp-content\/uploads\/2020\/02\/DSC_3233-1024x678.jpg 1024w, https:\/\/concise-h2020.eu\/wp-content\/uploads\/2020\/02\/DSC_3233-768x509.jpg 768w, https:\/\/concise-h2020.eu\/wp-content\/uploads\/2020\/02\/DSC_3233-1536x1018.jpg 1536w, https:\/\/concise-h2020.eu\/wp-content\/uploads\/2020\/02\/DSC_3233.jpg 2000w\" sizes=\"auto, (max-width: 300px) 100vw, 300px\" \/><\/a>\n\t\t\t<\/div><\/figure>\n\t\t<\/div>\n\n<style> .gallery-item{margin-bottom: 25px;} <\/style>\n<p><\/p>","protected":false},"excerpt":{"rendered":"<p>Il progetto CONCISE ha condotto le cinque consultazioni pubbliche tra settembre e novembre 2019. Oltre 500 cittadini europei hanno avuto l&#8217;opportunit\u00e0 di condividere le loro opinioni sulla comunicazione scientifica relativa &#8230;<\/p>\n","protected":false},"author":1,"featured_media":0,"parent":0,"menu_order":0,"comment_status":"closed","ping_status":"closed","template":"","meta":{"footnotes":""},"class_list":["post-662","page","type-page","status-publish","hentry"],"yoast_head":"<!-- This site is optimized with the Yoast SEO plugin v27.4 - https:\/\/yoast.com\/product\/yoast-seo-wordpress\/ -->\n<title>Consultazioni pubbliche - Concise<\/title>\n<meta name=\"description\" content=\"Videos from 5 consultations which were carried out in last months. Topics included the climate change, alternative medicine, GMOs and vaccines.\" \/>\n<meta name=\"robots\" content=\"index, follow, max-snippet:-1, max-image-preview:large, max-video-preview:-1\" \/>\n<link rel=\"canonical\" href=\"https:\/\/concise-h2020.eu\/it\/public-consultations\/\" \/>\n<meta property=\"og:locale\" content=\"it_IT\" \/>\n<meta property=\"og:type\" content=\"article\" \/>\n<meta property=\"og:title\" content=\"Consultazioni pubbliche - Concise\" \/>\n<meta property=\"og:description\" content=\"Videos from 5 consultations which were carried out in last months. Topics included the climate change, alternative medicine, GMOs and vaccines.\" \/>\n<meta property=\"og:url\" content=\"https:\/\/concise-h2020.eu\/it\/public-consultations\/\" \/>\n<meta property=\"og:site_name\" content=\"Concise\" \/>\n<meta property=\"article:modified_time\" content=\"2020-09-25T16:22:47+00:00\" \/>\n<meta property=\"og:image\" content=\"https:\/\/concise-h2020.eu\/wp-content\/uploads\/2020\/02\/DSC_3363-300x199.jpg\" \/>\n<meta name=\"twitter:card\" content=\"summary_large_image\" \/>\n<meta name=\"twitter:site\" content=\"@ConciseEU\" \/>\n<meta name=\"twitter:label1\" content=\"Tempo di lettura stimato\" \/>\n\t<meta name=\"twitter:data1\" content=\"5 minuti\" \/>\n<script type=\"application\/ld+json\" class=\"yoast-schema-graph\">{\"@context\":\"https:\\\/\\\/schema.org\",\"@graph\":[{\"@type\":\"WebPage\",\"@id\":\"https:\\\/\\\/concise-h2020.eu\\\/it\\\/public-consultations\\\/\",\"url\":\"https:\\\/\\\/concise-h2020.eu\\\/it\\\/public-consultations\\\/\",\"name\":\"Consultazioni pubbliche - Concise\",\"isPartOf\":{\"@id\":\"https:\\\/\\\/concise-h2020.eu\\\/it\\\/#website\"},\"primaryImageOfPage\":{\"@id\":\"https:\\\/\\\/concise-h2020.eu\\\/it\\\/public-consultations\\\/#primaryimage\"},\"image\":{\"@id\":\"https:\\\/\\\/concise-h2020.eu\\\/sk\\\/public-consultations\\\/#primaryimage\"},\"thumbnailUrl\":\"https:\\\/\\\/concise-h2020.eu\\\/wp-content\\\/uploads\\\/2020\\\/09\\\/general-3-levels-ENGLISH-corrected-Sept20-584x1024.jpg\",\"datePublished\":\"2020-02-12T12:36:43+00:00\",\"dateModified\":\"2020-09-25T16:22:47+00:00\",\"description\":\"Videos from 5 consultations which were carried out in last months. Topics included the climate change, alternative medicine, GMOs and vaccines.\",\"breadcrumb\":{\"@id\":\"https:\\\/\\\/concise-h2020.eu\\\/it\\\/public-consultations\\\/#breadcrumb\"},\"inLanguage\":\"it-IT\",\"potentialAction\":[{\"@type\":\"ReadAction\",\"target\":[[\"https:\\\/\\\/concise-h2020.eu\\\/it\\\/public-consultations\\\/\"]]}]},{\"@type\":\"ImageObject\",\"inLanguage\":\"it-IT\",\"@id\":\"https:\\\/\\\/concise-h2020.eu\\\/it\\\/public-consultations\\\/#primaryimage\",\"url\":\"https:\\\/\\\/concise-h2020.eu\\\/wp-content\\\/uploads\\\/2020\\\/09\\\/general-3-levels-ENGLISH-corrected-Sept20-584x1024.jpg\",\"contentUrl\":\"https:\\\/\\\/concise-h2020.eu\\\/wp-content\\\/uploads\\\/2020\\\/09\\\/general-3-levels-ENGLISH-corrected-Sept20-584x1024.jpg\"},{\"@type\":\"BreadcrumbList\",\"@id\":\"https:\\\/\\\/concise-h2020.eu\\\/it\\\/public-consultations\\\/#breadcrumb\",\"itemListElement\":[{\"@type\":\"ListItem\",\"position\":1,\"name\":\"Home\",\"item\":\"https:\\\/\\\/concise-h2020.eu\\\/it\\\/\"},{\"@type\":\"ListItem\",\"position\":2,\"name\":\"Verejn\u00e9 konzult\u00e1cie\"}]},{\"@type\":\"WebSite\",\"@id\":\"https:\\\/\\\/concise-h2020.eu\\\/it\\\/#website\",\"url\":\"https:\\\/\\\/concise-h2020.eu\\\/it\\\/\",\"name\":\"Concise\",\"description\":\"Concise in an H2020 project, with aim to explain science communication channels.\",\"publisher\":{\"@id\":\"https:\\\/\\\/concise-h2020.eu\\\/it\\\/#organization\"},\"potentialAction\":[{\"@type\":\"SearchAction\",\"target\":{\"@type\":\"EntryPoint\",\"urlTemplate\":\"https:\\\/\\\/concise-h2020.eu\\\/it\\\/?s={search_term_string}\"},\"query-input\":{\"@type\":\"PropertyValueSpecification\",\"valueRequired\":true,\"valueName\":\"search_term_string\"}}],\"inLanguage\":\"it-IT\"},{\"@type\":\"Organization\",\"@id\":\"https:\\\/\\\/concise-h2020.eu\\\/it\\\/#organization\",\"name\":\"Concise\",\"url\":\"https:\\\/\\\/concise-h2020.eu\\\/it\\\/\",\"logo\":{\"@type\":\"ImageObject\",\"inLanguage\":\"it-IT\",\"@id\":\"https:\\\/\\\/concise-h2020.eu\\\/it\\\/#\\\/schema\\\/logo\\\/image\\\/\",\"url\":\"https:\\\/\\\/concise-h2020.eu\\\/wp-content\\\/uploads\\\/2019\\\/01\\\/concise_logo_crpd.jpg\",\"contentUrl\":\"https:\\\/\\\/concise-h2020.eu\\\/wp-content\\\/uploads\\\/2019\\\/01\\\/concise_logo_crpd.jpg\",\"width\":432,\"height\":124,\"caption\":\"Concise\"},\"image\":{\"@id\":\"https:\\\/\\\/concise-h2020.eu\\\/it\\\/#\\\/schema\\\/logo\\\/image\\\/\"},\"sameAs\":[\"https:\\\/\\\/x.com\\\/ConciseEU\"]}]}<\/script>\n<!-- \/ Yoast SEO plugin. -->","yoast_head_json":{"title":"Consultazioni pubbliche - Concise","description":"Videos from 5 consultations which were carried out in last months. Topics included the climate change, alternative medicine, GMOs and vaccines.","robots":{"index":"index","follow":"follow","max-snippet":"max-snippet:-1","max-image-preview":"max-image-preview:large","max-video-preview":"max-video-preview:-1"},"canonical":"https:\/\/concise-h2020.eu\/it\/public-consultations\/","og_locale":"it_IT","og_type":"article","og_title":"Consultazioni pubbliche - Concise","og_description":"Videos from 5 consultations which were carried out in last months. Topics included the climate change, alternative medicine, GMOs and vaccines.","og_url":"https:\/\/concise-h2020.eu\/it\/public-consultations\/","og_site_name":"Concise","article_modified_time":"2020-09-25T16:22:47+00:00","og_image":[{"url":"https:\/\/concise-h2020.eu\/wp-content\/uploads\/2020\/02\/DSC_3363-300x199.jpg","type":"","width":"","height":""}],"twitter_card":"summary_large_image","twitter_site":"@ConciseEU","twitter_misc":{"Tempo di lettura stimato":"5 minuti"},"schema":{"@context":"https:\/\/schema.org","@graph":[{"@type":"WebPage","@id":"https:\/\/concise-h2020.eu\/it\/public-consultations\/","url":"https:\/\/concise-h2020.eu\/it\/public-consultations\/","name":"Consultazioni pubbliche - Concise","isPartOf":{"@id":"https:\/\/concise-h2020.eu\/it\/#website"},"primaryImageOfPage":{"@id":"https:\/\/concise-h2020.eu\/it\/public-consultations\/#primaryimage"},"image":{"@id":"https:\/\/concise-h2020.eu\/sk\/public-consultations\/#primaryimage"},"thumbnailUrl":"https:\/\/concise-h2020.eu\/wp-content\/uploads\/2020\/09\/general-3-levels-ENGLISH-corrected-Sept20-584x1024.jpg","datePublished":"2020-02-12T12:36:43+00:00","dateModified":"2020-09-25T16:22:47+00:00","description":"Videos from 5 consultations which were carried out in last months. Topics included the climate change, alternative medicine, GMOs and vaccines.","breadcrumb":{"@id":"https:\/\/concise-h2020.eu\/it\/public-consultations\/#breadcrumb"},"inLanguage":"it-IT","potentialAction":[{"@type":"ReadAction","target":[["https:\/\/concise-h2020.eu\/it\/public-consultations\/"]]}]},{"@type":"ImageObject","inLanguage":"it-IT","@id":"https:\/\/concise-h2020.eu\/it\/public-consultations\/#primaryimage","url":"https:\/\/concise-h2020.eu\/wp-content\/uploads\/2020\/09\/general-3-levels-ENGLISH-corrected-Sept20-584x1024.jpg","contentUrl":"https:\/\/concise-h2020.eu\/wp-content\/uploads\/2020\/09\/general-3-levels-ENGLISH-corrected-Sept20-584x1024.jpg"},{"@type":"BreadcrumbList","@id":"https:\/\/concise-h2020.eu\/it\/public-consultations\/#breadcrumb","itemListElement":[{"@type":"ListItem","position":1,"name":"Home","item":"https:\/\/concise-h2020.eu\/it\/"},{"@type":"ListItem","position":2,"name":"Verejn\u00e9 konzult\u00e1cie"}]},{"@type":"WebSite","@id":"https:\/\/concise-h2020.eu\/it\/#website","url":"https:\/\/concise-h2020.eu\/it\/","name":"Concise","description":"Concise in an H2020 project, with aim to explain science communication channels.","publisher":{"@id":"https:\/\/concise-h2020.eu\/it\/#organization"},"potentialAction":[{"@type":"SearchAction","target":{"@type":"EntryPoint","urlTemplate":"https:\/\/concise-h2020.eu\/it\/?s={search_term_string}"},"query-input":{"@type":"PropertyValueSpecification","valueRequired":true,"valueName":"search_term_string"}}],"inLanguage":"it-IT"},{"@type":"Organization","@id":"https:\/\/concise-h2020.eu\/it\/#organization","name":"Concise","url":"https:\/\/concise-h2020.eu\/it\/","logo":{"@type":"ImageObject","inLanguage":"it-IT","@id":"https:\/\/concise-h2020.eu\/it\/#\/schema\/logo\/image\/","url":"https:\/\/concise-h2020.eu\/wp-content\/uploads\/2019\/01\/concise_logo_crpd.jpg","contentUrl":"https:\/\/concise-h2020.eu\/wp-content\/uploads\/2019\/01\/concise_logo_crpd.jpg","width":432,"height":124,"caption":"Concise"},"image":{"@id":"https:\/\/concise-h2020.eu\/it\/#\/schema\/logo\/image\/"},"sameAs":["https:\/\/x.com\/ConciseEU"]}]}},"_links":{"self":[{"href":"https:\/\/concise-h2020.eu\/it\/wp-json\/wp\/v2\/pages\/662","targetHints":{"allow":["GET"]}}],"collection":[{"href":"https:\/\/concise-h2020.eu\/it\/wp-json\/wp\/v2\/pages"}],"about":[{"href":"https:\/\/concise-h2020.eu\/it\/wp-json\/wp\/v2\/types\/page"}],"author":[{"embeddable":true,"href":"https:\/\/concise-h2020.eu\/it\/wp-json\/wp\/v2\/users\/1"}],"replies":[{"embeddable":true,"href":"https:\/\/concise-h2020.eu\/it\/wp-json\/wp\/v2\/comments?post=662"}],"version-history":[{"count":0,"href":"https:\/\/concise-h2020.eu\/it\/wp-json\/wp\/v2\/pages\/662\/revisions"}],"wp:attachment":[{"href":"https:\/\/concise-h2020.eu\/it\/wp-json\/wp\/v2\/media?parent=662"}],"curies":[{"name":"wp","href":"https:\/\/api.w.org\/{rel}","templated":true}]}}