{"id":705,"date":"2020-02-20T14:50:52","date_gmt":"2020-02-20T14:50:52","guid":{"rendered":"https:\/\/concise-h2020.eu\/?page_id=705"},"modified":"2020-11-02T15:55:11","modified_gmt":"2020-11-02T15:55:11","slug":"conferences","status":"publish","type":"page","link":"https:\/\/concise-h2020.eu\/it\/conferences\/","title":{"rendered":"Conferences"},"content":{"rendered":"<p>I membri del gruppo Concise partecipano a numerose conferenze e molti eventi. Vi invitiamo a l&#8217;elenco per maggiori dettagli. Gli eventi sono una grande opportunit\u00e0 per discutere con il team i risultati del progetto o, semplicemente, per avere una conversazione sui diversi temi correlati.<\/p>\n<p><strong>A causa della pandemia COVID-19, molte delle conferenze programmate per i prossimi mesi verranno annullate o posticipate. Per maggiori dettagli, consigliamo di consultare la pagina ufficiala di ogni conferenza.<\/strong><\/p>\n<h4><span style=\"color: #ff0000;\">Anno 2021<\/span><\/h4>\n<table class=\"blueTable\" style=\"width: 100%\">\n<colgroup>\n<col style=\"width: 20%;\" \/>\n<col style=\"width: 10%;\" \/>\n<col style=\"width: 10%;\" \/>\n<col style=\"width: 60%;\" \/> <\/colgroup>\n<thead>\n<tr style=\"height: 18px;\">\n<th style=\"height: 18px;\"><strong>CONFERENZA<\/strong><\/th>\n<th style=\"height: 18px;\"><strong>DOVE?<\/strong><\/th>\n<th style=\"height: 18px;\"><strong>QUANDO?<\/strong><\/th>\n<th style=\"height: 18px;\"><strong>CONTRIBUTO CONCISE<\/strong><\/th>\n<\/tr>\n<\/thead>\n<tbody>\n<tr>\n<td><a href=\"https:\/\/hicss.hawaii.edu\/\">https:\/\/hicss.hawaii.edu\\<\/a><\/td>\n<td>Hawaii, USA<\/td>\n<td>January 4, 2021<\/td>\n<td>Izabela Warwas, Aneta Krzewi\u0144ska, Ma\u0142gorzata Dzimi\u0144ska (ULODZ), <em>The Frequency of Using Websites and Social Media by Various Age Groups to Form Opinions about Scientific Topics: Findings from the European Context.<br \/>\n        <\/em> Proceedings HICSS-54 approved<\/td>\n<\/tr>\n<tr>\n<td><a href=\"https:\/\/xi-congresso-aps.eventqualia.net\/pt\/2020\/inicio\/\">Portuguese Sociological Conference<\/a><\/td>\n<td>Lisbon, Portugal<\/td>\n<td>29-31 March 2021<\/td>\n<td>Accepted manuscript:<br \/>\n            <em>Atitudes e perce\u00e7\u00f5es dos cidad\u00e3os face \u00e0 ci\u00eancia e tecnologia: entendimentos e ambival\u00eancias<\/em><\/td>\n<\/tr>\n<tr>\n<td><a href=\"https:\/\/www.abdn.ac.uk\/events\/conferences\/pcst\/\">Public Communication of Science and Technology Conference 2020+1<\/a><\/td>\n<td>Aberdeen, Scotland<\/td>\n<td>25\u201327 May 2021<\/td>\n<td>Accepted Roundtable:<\/p>\n<p>            &#8220;<em>Public Communication of Science: trust and credibility in the eyes of the public. The results of the international CONCISE project regarding channels and sources of communication<\/em>&#8220;<\/td>\n<\/tr>\n<tr>\n<td><a href=\"https:\/\/www.stsitaliaconf2020.com\/\">8<sup>th<\/sup> STS Italia Conference<\/a><\/td>\n<td>Trieste, Italy<\/td>\n<td>17-19 June 2021<\/td>\n<td>&nbsp;<\/td>\n<\/tr>\n<tr>\n<td><a href=\"https:\/\/www.europeansociology.org\/esa-conference-2021-in-barcelona\">15<sup>th<\/sup> European Sociological Association Conference<\/a><\/td>\n<td>Barcelona, Spain<\/td>\n<td>31 Aug- 3 Sept. 2021<\/td>\n<td>&nbsp;<\/td>\n<\/tr>\n<\/tbody>\n<\/table>\n<p><strong> <\/strong><\/p>\n<h4><span style=\"color: #ff0000;\">Anno 2020<\/span><\/h4>\n<table class=\"blueTable\" style=\"width: 100%\">\n<colgroup>\n<col style=\"width: 20%;\" \/>\n<col style=\"width: 10%;\" \/>\n<col style=\"width: 10%;\" \/>\n<col style=\"width: 60%;\" \/> <\/colgroup>\n<thead>\n<tr style=\"height: 18px;\">\n<th style=\"height: 18px;\"><strong>CONFERENZA<\/strong><\/th>\n<th style=\"height: 18px;\"><strong>DOVE?<\/strong><\/th>\n<th style=\"height: 18px;\"><strong>QUANDO?<\/strong><\/th>\n<th style=\"height: 18px;\"><strong>CONTRIBUTO CONCISE<\/strong><\/th>\n<\/tr>\n<\/thead>\n<tbody>\n<tr>\n<td><strong>Conference<\/strong><\/td>\n<td><strong>Where?<\/strong><\/td>\n<td><strong>When?<\/strong><\/td>\n<td><strong>CONCISE contribution<\/strong><\/td>\n<\/tr>\n<tr>\n<td>CONCISE online workshop<\/td>\n<td>Online<\/td>\n<td>21 January 2020<\/td>\n<td>Carolina Llorente (UPF)<\/p>\n<p>            <em><a href=\"https:\/\/ap.adminproject.eu\/files\/index\/getFile\/1842\/199600\">Hurdles and incentives to engage in science communication<\/a><\/em><\/td>\n<\/tr>\n<tr>\n<td>Discurso Pol\u00edtico y Periodismo<\/td>\n<td>Valencia<\/td>\n<td>7 February 2020<\/td>\n<td>Carolina Moreno (UVEG)<\/p>\n<p>            <em><a href=\"https:\/\/ap.adminproject.eu\/files\/index\/getFile\/1842\/200672\">\u00bfC\u00f3mo percibe la ciudadan\u00eda el discurso pol\u00edtico sobre ciencia?<\/a><\/em><\/td>\n<\/tr>\n<tr>\n<td><a href=\"https:\/\/ambiente68.wixsite.com\/environment-society\">INTERNATIONAL SEMINAR ON ENVIRONMENT AND SOCIETY<\/a> Current challenges and pathways to change<\/p>\n<p>            &nbsp;<\/td>\n<td>Lisbon, Portugal<\/td>\n<td>2-3 March 2020<\/td>\n<td>Jussara Rowland (ICS)<\/p>\n<p>            <em><a href=\"https:\/\/ap.adminproject.eu\/files\/index\/getFile\/1842\/172846\">Communicating the science of climate change: channels, sources and trust<\/a><\/em><\/td>\n<\/tr>\n<tr>\n<td><a href=\"https:\/\/www.egu2020.eu\/\">EGU General Assembly 2020<\/a><\/td>\n<td>Online<\/td>\n<td>3-8 May 2020<\/td>\n<td>Andrea Rubin (OBSERVA)<\/p>\n<p>            <em><a href=\"https:\/\/ap.adminproject.eu\/files\/index\/getFile\/1842\/199234\">Role of Science Communication in beliefs, perceptions and knowledge of science and technology issues among European citizens.<\/a><\/em><\/td>\n<\/tr>\n<tr>\n<td><a href=\"http:\/\/scicom.pt\">SciCom PT 2020 (online)<\/a><\/td>\n<td>Azores<\/td>\n<td>7 May to 18 June 2020<\/td>\n<td>Jo\u00e3o Estevens (ICS)<\/p>\n<p>            <em><a href=\"https:\/\/www.youtube.com\/watch?v=SgudaOIQxVc&amp;t=3s\">CONCISE &#8211; Perce\u00e7\u00f5es coletivas sobre comunica\u00e7\u00e3o de ci\u00eancia<\/a><\/em><\/td>\n<\/tr>\n<tr>\n<td><a href=\"https:\/\/aeicvalencia2020.org\/\">VII Congreso Internacional AE-IC<\/a><\/td>\n<td>Valencia, Spain<\/td>\n<td>29\u201330 October 2020<\/td>\n<td>Isabel Mendoza (UVEG) Accepted abstract<\/p>\n<p>            \u201c<em>Estudiar co\u0301mo se percibe la comunicacio\u0301n de la ciencia desde un enfoque cualitativo inclusivo<\/em>\u201d<\/td>\n<\/tr>\n<tr>\n<td><a href=\"https:\/\/easst.net\/easst-4s-2020\/\">EASST\/4S 2020 CONFERENCE<\/a><\/td>\n<td>Online<\/td>\n<td>18-21 August<\/td>\n<td>Ana Delicado (ICS)<br \/>\n            <em><a href=\"https:\/\/ap.adminproject.eu\/files\/index\/getFile\/1842\/202540\">What Does The Public Expect From Science Communication? Explorations Based On A Participatory Methodology<\/a><\/em><\/p>\n<p>            Jussara Rowland (ICS)<br \/>\n            <em><a href=\"https:\/\/ap.adminproject.eu\/files\/index\/getFile\/1842\/202916\">The Plataformisation of Scientific Knowledge: Affects and Effects on Publics Strategies and Perceptions<\/a><\/em><\/p>\n<p>            Jo\u00e3o Estevens (ICS)<br \/>\n            <em><a href=\"https:\/\/ap.adminproject.eu\/files\/index\/getFile\/1842\/202817\">Science as a gatekeeper for trust and collective responsibility in the post-truth era<\/a><\/em><\/td>\n<\/tr>\n<tr>\n<td><a href=\"https:\/\/www.esof.eu\/en\/\">Euroscience Open Forum 2020<\/a><\/td>\n<td>Trieste, Italy<\/td>\n<td>2-6 September<\/td>\n<td>Ana Delicado (ICS), Roundtable \u201c<em><a href=\"https:\/\/www.youtube.com\/watch?v=fZFcLF10nRs&amp;feature=youtu.be\">Rethinking Science Communication: Science Stories in Perspective<\/a><\/em>\u201d, Organiser: Christine Heller del Riego, Science Stories and EuroScience Governing Board.<\/td>\n<\/tr>\n<tr>\n<td><a href=\"https:\/\/aeicvalencia2020.org\/\">VII Congreso Internacional AE-IC<\/a><\/td>\n<td>Valencia, Spain<\/td>\n<td>29\u201330 October 2020<\/td>\n<td>&nbsp;<\/td>\n<\/tr>\n<tr>\n<td><a href=\"https:\/\/agingandsocialchange.com\">https:\/\/agingandsocialchange.com<\/a><\/p>\n<p>            Aging &amp; Social Change: Tenth Interdisciplinary Conference<\/td>\n<td>Vancouver, Canada<\/td>\n<td>24-25 September 2020<\/td>\n<td>Izabela Warwas (ULODZ), <em><a href=\"https:\/\/ap.adminproject.eu\/files\/index\/getFile\/1842\/216558\">Vaccination Vs. Healthy Ageing: The Role Of Scientific Knowledge Channels in The Increasingly Positive Preferences For Vaccines Among Elderly People<\/a><\/em><\/td>\n<\/tr>\n<tr>\n<td>Og\u00f3lnopolska konferencja<em> Wiedza w akademii i poza akademi\u0105<\/em> [National conference <em>Knowledge at the academy and outside the academy] <\/em><\/td>\n<td>Lublin, Poland<\/td>\n<td>October 9-10, 2020<\/td>\n<td><em><a href=\"https:\/\/ap.adminproject.eu\/files\/index\/getFile\/1842\/216559\">Jak usprawni\u0107 komunikacj\u0119 na tematy naukowe? Wyniki bada\u0144, wnioski i rekomendacje z konsultacji spo\u0142ecznych w Polsce<\/a> <\/em>[How to improve communication on scientific topics? Research results, conclusions and recommendations from public consultations in Poland], Aneta Krzewi\u0144ska, Izabela Warwas, Ma\u0142gorzata Dzimi\u0144ska<\/td>\n<\/tr>\n<tr>\n<td><a href=\"http:\/\/mediaflows.es\/call-for-papers\/\">Congreso Mediaflows-UIMP Valencia<\/a><\/p>\n<p>            Democracias fr\u00e1giles: polarizaci\u00f3n, populismo y desinformaci\u00f3n en un contexto medi\u00e1tico h\u00edbrido<\/td>\n<td>Valencia, Spain<\/td>\n<td>November 11-13, 2020.<\/td>\n<td>Roundtable \u201d<em>Communication role on perception and beliefs of EU Citizens about Science<\/em>\u201d, moderated by Carolina Moreno-Castro (UVEG).<\/p>\n<p>            Peter Gur\u00e1\u0148 (TRNAVA)<em><br \/>\n                Institutional trust and science communication \u2013 findings from the Slovak public consultation<\/em><\/p>\n<p>            Isabel Mendoza (UVEG)<br \/>\n            <em>The lack of science information was the central claim of CONCISE public consultation in Spain<\/em><\/p>\n<p>            Ana Delicado (ICS)<br \/>\n            <em>The Role of the Public Debate in public perceptions about science information: Climate Change and GMO in Portugal<\/em><\/p>\n<p>            Ma\u0142gorzata Dzimi\u0144ska (ULODZ)<br \/>\n            <em>Communicating science by academia \u2013 findings from the public consultation in Poland<\/em><\/p>\n<p>            Edurne Gaston (AECC)<em><br \/>\n                Recruiting participants for the CONCISE public consultations \u2013 a five-country case<\/em><\/td>\n<\/tr>\n<tr>\n<td>XIII International Scientific Conference MASEP 2020, Measurement and Assessment of Social and Economic Phenomena MASEP,<\/p>\n<p>            <em><a href=\"https:\/\/sites.google.com\/view\/masep\">https:\/\/sites.google.com\/view\/masep<\/a><\/em><\/td>\n<td>\u0141\u00f3d\u017a, Poland<\/td>\n<td><em>21-23.10.2020<\/em><\/td>\n<td>Justyna Wiktorowicz, Izabela Warwas (ULODZ) <em>TRUST and TRUSTWORTHINESS within science. Polish citizens perspective<\/em><\/p>\n<p>            <em> <\/em><\/td>\n<\/tr>\n<\/tbody>\n<\/table>\n<p><strong> <\/strong><\/p>\n<h4><span style=\"color: #ff0000;\">Anno 2019<\/span><\/h4>\n<table class=\"blueTable\" style=\"width: 100%\">\n<colgroup>\n<col style=\"width: 20%;\" \/>\n<col style=\"width: 10%;\" \/>\n<col style=\"width: 10%;\" \/>\n<col style=\"width: 60%;\" \/> <\/colgroup>\n<thead>\n<tr style=\"height: 18px;\">\n<th style=\"height: 18px;\"><strong>CONFERENZA<\/strong><\/th>\n<th style=\"height: 18px;\"><strong>DOVE?<\/strong><\/th>\n<th style=\"height: 18px;\"><strong>QUANDO?<\/strong><\/th>\n<th style=\"height: 18px;\"><strong>CONTRIBUTO CONCISE<\/strong><\/th>\n<\/tr>\n<\/thead>\n<tbody>\n<tr>\n<td><strong>Conference<\/strong><\/td>\n<td><strong>Where?<\/strong><\/td>\n<td><strong>When?<\/strong><\/td>\n<td><strong>CONCISE contribution<\/strong><\/td>\n<\/tr>\n<tr>\n<td><a href=\"http:\/\/www.euroscitizen.eu\/\">Euroscitizen Porto Meeting<\/a><\/td>\n<td>Porto, Portugal<\/td>\n<td>13 February 2019<\/td>\n<td>Participation in group discussions<\/td>\n<\/tr>\n<tr>\n<td><a href=\"https:\/\/www.europeansociology.org\/conferences\/esa-conference-2019-manchester-uk\">European Sociological Association Conference 2019<\/a><\/td>\n<td>Manchester, UK<\/td>\n<td>20-23 August 2019<\/td>\n<td>Ana Delicado (ICS)<\/p>\n<p>            <em><a href=\"https:\/\/ap.adminproject.eu\/files\/index\/getFile\/1842\/136289\">Seeing is Believing: Citizen\u2019s Engagement with the Science of Climate Change<\/a><\/em><\/td>\n<\/tr>\n<tr>\n<td><a href=\"https:\/\/cienciaenredes.com\/programa-ciencia-en-redes-2019\/\">Ciencia en Redes 2019<\/a><\/td>\n<td>Barcelona, Spain<\/td>\n<td>15 March 2019<\/td>\n<td>Edurne Gaston (AECC)<\/p>\n<p>            <em><a href=\"https:\/\/ap.adminproject.eu\/files\/index\/getFile\/1842\/197856\">C\u00f3mo vamos a contar CONCISE<\/a><\/em><\/td>\n<\/tr>\n<tr>\n<td>PUS Seminar<\/td>\n<td>London<\/td>\n<td>1 May 2019<\/td>\n<td>Carolina Moreno (UVEG)<\/p>\n<p>            <em><a href=\"https:\/\/ap.adminproject.eu\/files\/index\/getFile\/1842\/200670\">How do citizens build their thoughts related to scientific issues in contemporary life?<\/a><\/em><\/td>\n<\/tr>\n<tr>\n<td>LOS DESAFIOS DE LAS SCIENCE-SHOPS Y LA CIENCIA CIUDADANA EN ESPA\u00d1A Y<\/p>\n<p>            PORTUGAL \u00bfC\u00d3MO IMPLICAR A LA CIUDADAN\u00cdA?<\/td>\n<td>Madrid<\/td>\n<td>6 May 2019<\/td>\n<td>Carolina Moreno (UVEG)<\/p>\n<p>            <em><a href=\"https:\/\/ap.adminproject.eu\/files\/index\/getFile\/1842\/200673\">Participaci\u00f3n ciudadana en ciencia y tecnolog\u00eda. De la teor\u00eda a la acci\u00f3n<\/a><\/em><\/td>\n<\/tr>\n<tr>\n<td><a href=\"https:\/\/gutenberg.bsm.upf.edu\/wp-content\/uploads\/2019\/09\/Programa-2019_v0.0.8_enlaces.pdf\">Campus Gutenberg-CosmoCaixa de la Ciencia y la Cultura Cient\u00edficas 2019<\/a><\/td>\n<td>Barcelona, Spain<\/td>\n<td>16-17 September 2019<\/td>\n<td>Carolina Llorente (UPF)<\/p>\n<p>            <em><a href=\"https:\/\/ap.adminproject.eu\/files\/index\/getFile\/1842\/199599\">Proyecto CONCISE: Barreras e incentivos para comunicar ciencia<\/a><\/em><\/td>\n<\/tr>\n<tr>\n<td><a href=\"https:\/\/www.ubu.es\/agenda\/vii-congreso-de-comunicacion-social-de-la-ciencia\">Congreso de Comunicaci\u00f3n Social de la Ciencia 2019<\/a><\/td>\n<td>Burgos, Spain<\/td>\n<td>9-11 October 2019<\/td>\n<td>Edurne Gaston (AECC)<\/p>\n<p>            <em><a href=\"https:\/\/ap.adminproject.eu\/files\/index\/getFile\/1842\/197858\">C\u00f3mo comunicar sobre temas cient\u00edficos pol\u00e9micos sin condicionar una investigaci\u00f3n social<\/a><\/em><\/td>\n<\/tr>\n<tr>\n<td><a href=\"http:\/\/www.divulgacioninnovadora.com\">Jornadas de divulgaci\u00f3n Innovadora D+1 2019<\/a><\/td>\n<td>Zaragoza, Spain<\/td>\n<td>29-30 November 2019<\/td>\n<td>Carolina Moreno-Castro (UVEG) &amp; Edurne Gaston (AECC)<br \/>\n            <em><a href=\"https:\/\/ap.adminproject.eu\/files\/index\/getFile\/1842\/197857\">\u00bfC\u00f3mo se construyen las opiniones y creencias relacionadas con temas cient\u00edficos?<\/a><\/em><\/td>\n<\/tr>\n<tr>\n<td><a href=\"http:\/\/www.scicom2019.pt\">ScicomPT 2019<\/a><\/td>\n<td>Aveiro, Portugal<\/td>\n<td>30-31 May 2019<\/td>\n<td>1) Edurne Gaston (AECC)<\/p>\n<p>            <em><a href=\"https:\/\/ap.adminproject.eu\/files\/index\/getFile\/1842\/197859\">La dif\u00edcil tarea de comunicar sin tomar partido<\/a><\/em><\/p>\n<p>            2) Ana Delicado (ICS)<\/p>\n<p>            <em><a href=\"https:\/\/ap.adminproject.eu\/files\/index\/getFile\/1842\/197859\">CONCISE Papel da comunica\u00e7\u00e3o na perce\u00e7\u00e3o e cren\u00e7as dos cidad\u00e3os europeus sobre ci\u00eancia<\/a><\/em><\/td>\n<\/tr>\n<tr>\n<td>European Researchers Night 2019<\/td>\n<td>Lisbon, Portugal<\/td>\n<td>27 September 2019<\/td>\n<td>Leaflet distribution<\/td>\n<\/tr>\n<tr>\n<td><a href=\"https:\/\/17zjazdpts.uni.wroc.pl\/en\/idea\">17th Polish Sociological Congress<\/a><\/td>\n<td>Wroc\u0142aw, Poland<\/td>\n<td>11-14 September 2019<\/td>\n<td>Aneta Krzewi\u0144ska (ULODZ)<br \/>\n            <em><a href=\"https:\/\/ap.adminproject.eu\/files\/index\/getFile\/1842\/141605\">Naukowiec wiedza odbiorca czy producent<\/a><\/em><\/p>\n<p>            <em><a href=\"https:\/\/ap.adminproject.eu\/files\/index\/getFile\/1842\/141605\">produkt u\u017cytkownik<\/a><\/em><em>?Scientist-knowledge-recipient or product-producer-user?<\/em><\/td>\n<\/tr>\n<tr>\n<td><a href=\"https:\/\/eeflisbon2019.org\">15th European Ecological Federation (EEF) Congress Embedding Ecology in Sustainable Development Goals<\/a>.<\/td>\n<td>Lisbon<\/td>\n<td>29 July-2 August 2019<\/td>\n<td>Ana Delicado (ICS)<\/p>\n<p>            <em><a href=\"https:\/\/ap.adminproject.eu\/files\/index\/getFile\/1842\/134717\">Debating the science communication of climate change and GMO<\/a><\/em><\/td>\n<\/tr>\n<tr>\n<td><a href=\"http:\/\/cts.grupos.uniovi.es\/actualidad\/-\/blogs\/congreso-cultura-cientifica-y-tecnologica-en-la-sociedad-digital\">Cultura cient\u00edfica y tecnol\u00f3gica en la sociedad digital<\/a><\/td>\n<td>Oviedo<\/td>\n<td>30-31 October 2019<\/td>\n<td>Empar Vengut (UVEG)<\/p>\n<p>            <em><a href=\"https:\/\/ap.adminproject.eu\/files\/index\/getFile\/1842\/200671\">\u00bfC\u00f3mo se construyen las opiniones y creencias relacionadas con temas cient\u00edficos?<\/a><\/em><\/td>\n<\/tr>\n<tr>\n<td>International conference \u201e\u010cesko-slovensk\u00e9 sociologick\u00e9 dni\u201c<\/p>\n<p>            &nbsp;<\/td>\n<td>Slovakia<\/td>\n<td>21. \u2013 22. November 2019<\/td>\n<td>Peter Gur\u00e1\u0148 &amp; Martin Fero (TRNAVA)<\/p>\n<p>            <a href=\"https:\/\/ap.adminproject.eu\/files\/index\/getFile\/1842\/199695\">Leaflet Distrubution<\/a> + Formal\/informal sharing of the experience from CONCISE project among the Slovak sociological society<\/td>\n<\/tr>\n<tr>\n<td><a href=\"http:\/\/cies.iscte-iul.pt\/np4\/2454.html\">Media literacy in a media-rich ecology<\/a><\/td>\n<td>Lisbon<\/td>\n<td>4 December 2019<\/td>\n<td>Jo\u00e3o Estevens (ICS)<\/p>\n<p>            <em><a href=\"https:\/\/ap.adminproject.eu\/files\/index\/getFile\/1842\/158193\">Digital Science: Citizens\u2019 Perceptions of Science in Portugal<\/a><\/em><\/td>\n<\/tr>\n<tr>\n<td>Polibienestar Seminar<\/td>\n<td>Valencia<\/td>\n<td>4 December 2019<\/td>\n<td>Carolina Moreno (UVEG)<\/p>\n<p>            <em>\u00bfC\u00f3mo construye la ciudadan\u00eda sus opiniones y creencias sobre temas cient\u00edficos?<\/em><\/td>\n<\/tr>\n<\/tbody>\n<\/table>\n<p>&nbsp;<br \/>\n<\/p>","protected":false},"excerpt":{"rendered":"<p>I membri del gruppo Concise partecipano a numerose conferenze e molti eventi. Vi invitiamo a l&#8217;elenco per maggiori dettagli. Gli eventi sono una grande opportunit\u00e0 per discutere con il team &#8230;<\/p>\n","protected":false},"author":1,"featured_media":0,"parent":0,"menu_order":0,"comment_status":"closed","ping_status":"closed","template":"","meta":{"footnotes":""},"class_list":["post-705","page","type-page","status-publish","hentry"],"yoast_head":"<!-- This site is optimized with the Yoast SEO plugin v27.3 - https:\/\/yoast.com\/product\/yoast-seo-wordpress\/ -->\n<title>Conferences - Concise<\/title>\n<meta name=\"robots\" content=\"index, follow, max-snippet:-1, max-image-preview:large, max-video-preview:-1\" \/>\n<link rel=\"canonical\" href=\"https:\/\/concise-h2020.eu\/it\/conferences\/\" \/>\n<meta property=\"og:locale\" content=\"it_IT\" \/>\n<meta property=\"og:type\" content=\"article\" \/>\n<meta property=\"og:title\" content=\"Conferences - Concise\" \/>\n<meta property=\"og:description\" content=\"I membri del gruppo Concise partecipano a numerose conferenze e molti eventi. Vi invitiamo a l&#8217;elenco per maggiori dettagli. Gli eventi sono una grande opportunit\u00e0 per discutere con il team ...\" \/>\n<meta property=\"og:url\" content=\"https:\/\/concise-h2020.eu\/it\/conferences\/\" \/>\n<meta property=\"og:site_name\" content=\"Concise\" \/>\n<meta property=\"article:modified_time\" content=\"2020-11-02T15:55:11+00:00\" \/>\n<meta name=\"twitter:card\" content=\"summary_large_image\" \/>\n<meta name=\"twitter:site\" content=\"@ConciseEU\" \/>\n<meta name=\"twitter:label1\" content=\"Tempo di lettura stimato\" \/>\n\t<meta name=\"twitter:data1\" content=\"34 minuti\" \/>\n<script type=\"application\/ld+json\" class=\"yoast-schema-graph\">{\"@context\":\"https:\\\/\\\/schema.org\",\"@graph\":[{\"@type\":\"WebPage\",\"@id\":\"https:\\\/\\\/concise-h2020.eu\\\/it\\\/conferences\\\/\",\"url\":\"https:\\\/\\\/concise-h2020.eu\\\/it\\\/conferences\\\/\",\"name\":\"Conferences - Concise\",\"isPartOf\":{\"@id\":\"https:\\\/\\\/concise-h2020.eu\\\/it\\\/#website\"},\"datePublished\":\"2020-02-20T14:50:52+00:00\",\"dateModified\":\"2020-11-02T15:55:11+00:00\",\"breadcrumb\":{\"@id\":\"https:\\\/\\\/concise-h2020.eu\\\/it\\\/conferences\\\/#breadcrumb\"},\"inLanguage\":\"it-IT\",\"potentialAction\":[{\"@type\":\"ReadAction\",\"target\":[[\"https:\\\/\\\/concise-h2020.eu\\\/it\\\/conferences\\\/\"]]}]},{\"@type\":\"BreadcrumbList\",\"@id\":\"https:\\\/\\\/concise-h2020.eu\\\/it\\\/conferences\\\/#breadcrumb\",\"itemListElement\":[{\"@type\":\"ListItem\",\"position\":1,\"name\":\"Home\",\"item\":\"https:\\\/\\\/concise-h2020.eu\\\/it\\\/\"},{\"@type\":\"ListItem\",\"position\":2,\"name\":\"Conferences\"}]},{\"@type\":\"WebSite\",\"@id\":\"https:\\\/\\\/concise-h2020.eu\\\/it\\\/#website\",\"url\":\"https:\\\/\\\/concise-h2020.eu\\\/it\\\/\",\"name\":\"Concise\",\"description\":\"Concise in an H2020 project, with aim to explain science communication channels.\",\"publisher\":{\"@id\":\"https:\\\/\\\/concise-h2020.eu\\\/it\\\/#organization\"},\"potentialAction\":[{\"@type\":\"SearchAction\",\"target\":{\"@type\":\"EntryPoint\",\"urlTemplate\":\"https:\\\/\\\/concise-h2020.eu\\\/it\\\/?s={search_term_string}\"},\"query-input\":{\"@type\":\"PropertyValueSpecification\",\"valueRequired\":true,\"valueName\":\"search_term_string\"}}],\"inLanguage\":\"it-IT\"},{\"@type\":\"Organization\",\"@id\":\"https:\\\/\\\/concise-h2020.eu\\\/it\\\/#organization\",\"name\":\"Concise\",\"url\":\"https:\\\/\\\/concise-h2020.eu\\\/it\\\/\",\"logo\":{\"@type\":\"ImageObject\",\"inLanguage\":\"it-IT\",\"@id\":\"https:\\\/\\\/concise-h2020.eu\\\/it\\\/#\\\/schema\\\/logo\\\/image\\\/\",\"url\":\"https:\\\/\\\/concise-h2020.eu\\\/wp-content\\\/uploads\\\/2019\\\/01\\\/concise_logo_crpd.jpg\",\"contentUrl\":\"https:\\\/\\\/concise-h2020.eu\\\/wp-content\\\/uploads\\\/2019\\\/01\\\/concise_logo_crpd.jpg\",\"width\":432,\"height\":124,\"caption\":\"Concise\"},\"image\":{\"@id\":\"https:\\\/\\\/concise-h2020.eu\\\/it\\\/#\\\/schema\\\/logo\\\/image\\\/\"},\"sameAs\":[\"https:\\\/\\\/x.com\\\/ConciseEU\"]}]}<\/script>\n<!-- \/ Yoast SEO plugin. -->","yoast_head_json":{"title":"Conferences - Concise","robots":{"index":"index","follow":"follow","max-snippet":"max-snippet:-1","max-image-preview":"max-image-preview:large","max-video-preview":"max-video-preview:-1"},"canonical":"https:\/\/concise-h2020.eu\/it\/conferences\/","og_locale":"it_IT","og_type":"article","og_title":"Conferences - Concise","og_description":"I membri del gruppo Concise partecipano a numerose conferenze e molti eventi. Vi invitiamo a l&#8217;elenco per maggiori dettagli. Gli eventi sono una grande opportunit\u00e0 per discutere con il team ...","og_url":"https:\/\/concise-h2020.eu\/it\/conferences\/","og_site_name":"Concise","article_modified_time":"2020-11-02T15:55:11+00:00","twitter_card":"summary_large_image","twitter_site":"@ConciseEU","twitter_misc":{"Tempo di lettura stimato":"34 minuti"},"schema":{"@context":"https:\/\/schema.org","@graph":[{"@type":"WebPage","@id":"https:\/\/concise-h2020.eu\/it\/conferences\/","url":"https:\/\/concise-h2020.eu\/it\/conferences\/","name":"Conferences - Concise","isPartOf":{"@id":"https:\/\/concise-h2020.eu\/it\/#website"},"datePublished":"2020-02-20T14:50:52+00:00","dateModified":"2020-11-02T15:55:11+00:00","breadcrumb":{"@id":"https:\/\/concise-h2020.eu\/it\/conferences\/#breadcrumb"},"inLanguage":"it-IT","potentialAction":[{"@type":"ReadAction","target":[["https:\/\/concise-h2020.eu\/it\/conferences\/"]]}]},{"@type":"BreadcrumbList","@id":"https:\/\/concise-h2020.eu\/it\/conferences\/#breadcrumb","itemListElement":[{"@type":"ListItem","position":1,"name":"Home","item":"https:\/\/concise-h2020.eu\/it\/"},{"@type":"ListItem","position":2,"name":"Conferences"}]},{"@type":"WebSite","@id":"https:\/\/concise-h2020.eu\/it\/#website","url":"https:\/\/concise-h2020.eu\/it\/","name":"Concise","description":"Concise in an H2020 project, with aim to explain science communication channels.","publisher":{"@id":"https:\/\/concise-h2020.eu\/it\/#organization"},"potentialAction":[{"@type":"SearchAction","target":{"@type":"EntryPoint","urlTemplate":"https:\/\/concise-h2020.eu\/it\/?s={search_term_string}"},"query-input":{"@type":"PropertyValueSpecification","valueRequired":true,"valueName":"search_term_string"}}],"inLanguage":"it-IT"},{"@type":"Organization","@id":"https:\/\/concise-h2020.eu\/it\/#organization","name":"Concise","url":"https:\/\/concise-h2020.eu\/it\/","logo":{"@type":"ImageObject","inLanguage":"it-IT","@id":"https:\/\/concise-h2020.eu\/it\/#\/schema\/logo\/image\/","url":"https:\/\/concise-h2020.eu\/wp-content\/uploads\/2019\/01\/concise_logo_crpd.jpg","contentUrl":"https:\/\/concise-h2020.eu\/wp-content\/uploads\/2019\/01\/concise_logo_crpd.jpg","width":432,"height":124,"caption":"Concise"},"image":{"@id":"https:\/\/concise-h2020.eu\/it\/#\/schema\/logo\/image\/"},"sameAs":["https:\/\/x.com\/ConciseEU"]}]}},"_links":{"self":[{"href":"https:\/\/concise-h2020.eu\/it\/wp-json\/wp\/v2\/pages\/705","targetHints":{"allow":["GET"]}}],"collection":[{"href":"https:\/\/concise-h2020.eu\/it\/wp-json\/wp\/v2\/pages"}],"about":[{"href":"https:\/\/concise-h2020.eu\/it\/wp-json\/wp\/v2\/types\/page"}],"author":[{"embeddable":true,"href":"https:\/\/concise-h2020.eu\/it\/wp-json\/wp\/v2\/users\/1"}],"replies":[{"embeddable":true,"href":"https:\/\/concise-h2020.eu\/it\/wp-json\/wp\/v2\/comments?post=705"}],"version-history":[{"count":0,"href":"https:\/\/concise-h2020.eu\/it\/wp-json\/wp\/v2\/pages\/705\/revisions"}],"wp:attachment":[{"href":"https:\/\/concise-h2020.eu\/it\/wp-json\/wp\/v2\/media?parent=705"}],"curies":[{"name":"wp","href":"https:\/\/api.w.org\/{rel}","templated":true}]}}