{"id":14,"date":"2019-01-24T13:22:33","date_gmt":"2019-01-24T13:22:33","guid":{"rendered":"https:\/\/concise-h2020.eu\/?page_id=14"},"modified":"2019-06-17T14:31:12","modified_gmt":"2019-06-17T14:31:12","slug":"about-the-project","status":"publish","type":"page","link":"https:\/\/concise-h2020.eu\/pl\/about-the-project\/","title":{"rendered":"O projekcie"},"content":{"rendered":"<p><\/p>\n<div class=\"about\">\n<p>CONCISE to projekt finansowany ze \u015brodk\u00f3w UE (H2020 \u2013 SwafS, nr 824537), kt\u00f3ry zrzesza partner\u00f3w z pi\u0119ciu kraj\u00f3w: Hiszpanii, W\u0142och, Portugalii, Polski oraz S\u0142owacji.<\/p>\n<p>Projekt CONCISE zmierza do utworzenia og\u00f3lnoeuropejskiej debaty na temat komunikacji naukowej, z udzia\u0142em szerokiego grona interesariuszy: przedstawicieli medi\u00f3w, urz\u0119dnik\u00f3w, naukowc\u00f3w, przedsi\u0119biorstw, popularyzator\u00f3w \u015brodowisk naukowych oraz organizacji spo\u0142ecze\u0144stwa obywatelskiego.<br \/>\nCONCISE ma na celu dostarczanie jako\u015bciowej wiedzy poprzez konsultacje obywatelskie na temat \u015brodk\u00f3w\/kana\u0142\u00f3w (medi\u00f3w i sieci spo\u0142eczno\u015bciowych, do\u015bwiadcze\u0144 \u017cyciowych, zaanga\u017cowania krewnych, religii, ideologii politycznych, system\u00f3w edukacyjnych, itd.), dzi\u0119ki kt\u00f3rym obywatele UE zdobywaj\u0105 wiedz\u0119 naukow\u0105 zwi\u0105zan\u0105 z nauk\u0105, oraz jak ta wiedza wp\u0142ywa na ich przekonania, opinie i percepcje.<\/p>\n<p>W tym celu Konsorcjum CONCISE zbada poziom zrozumienia 500 obywateli (reprezentuj\u0105cych 500 milion\u00f3w obywateli UE) w zakresie czterech wybranych przez Konsorcjum projektowe temat\u00f3w: szczepionek, medycyny podstawowej i alternatywnej (CAM), genetycznie modyfikowanych organizm\u00f3w (GMO) i zmian klimatu. Konsorcjum CONCISE przeprowadzi konsultacje obywatelskie w pi\u0119ciu miastach: Lizbonie (Portugalii), Walencji (Hiszpanii), Vicenzie (W\u0142oszech), Trnawie (S\u0142owacji) i \u0141odzi (Polsce), z udzia\u0142em 100 obywateli w ka\u017cdym z tych miast. W konsultacjach wezm\u0105 udzia\u0142 wolontariusze i przedstawiciele r\u00f3\u017cnych grup spo\u0142ecznych, zar\u00f3wno kobiety i m\u0119\u017cczy\u017ani, w r\u00f3\u017cnym wieku, z r\u00f3\u017cnym wykszta\u0142ceniem, o r\u00f3\u017cnym pochodzeniu etnicznym (w tym mniejszo\u015bci etniczne), a tak\u017ce osoby niepe\u0142nosprawne i na r\u00f3\u017cnym poziomie rozwoju zawodowego. Ich stan wiedzy i opinie w tych czterech tematach naukowych zostan\u0105 ocenione, zweryfikowane, por\u00f3wnane i przeanalizowane, a nast\u0119pnie opublikowane przez Konsorcjum projektu. Opinie obywateli b\u0119d\u0105 rejestrowane, notowane i analizowane za pomoc\u0105 specjalnego oprogramowania j\u0119zykoznawstwa korpusowego, aby uzyska\u0107 r\u00f3\u017cne wska\u017aniki, kt\u00f3re umo\u017cliwi\u0105 beneficjentom skuteczn\u0105 komunikacj\u0119, eliminuj\u0105c sytuacje nieporozumie\u0144, czy ograniczenia zaufania, b\u0119d\u0105ce wynikiem b\u0142\u0119dnej komunikacji. Rezultaty projektu CONCISE b\u0119d\u0105 \u0142atwo skalowalne, a metodologia b\u0119dzie mo\u017cliwa do zastosowania w innych krajach europejskich w celu poprawy jako\u015bci komunikacji naukowej w ca\u0142ej Europie.<\/p>\n<p>Aby osi\u0105gn\u0105\u0107 og\u00f3lny cel projektu CONCISE, ustalono nast\u0119puj\u0105ce cele szczeg\u00f3\u0142owe:<\/p>\n<ul>\n<li><strong>CEL1.<\/strong> Aby lepiej zrozumie\u0107 przekonania, percepcje i wiedz\u0119 na temat zagadnie\u0144 zwi\u0105zanych z nauk\u0105 i technologi\u0105 w\u015br\u00f3d obywateli europejskich.<\/li>\n<li><strong>CEL2.<\/strong> Aby dokona\u0107 przegl\u0105du istniej\u0105cych przeszk\u00f3d strukturalnych, z kt\u00f3rymi borykaj\u0105 si\u0119 naukowcy i inni interesariusze w dziedzinie bada\u0144 i innowacji, w tym decydenci, pr\u00f3buj\u0105c skutecznie przekaza\u0107 wiedz\u0119 naukow\u0105.<\/li>\n<li><strong>CEL3.<\/strong> Aby oceni\u0107 istniej\u0105ce modele nauczania o komunikacji naukowej w\u015br\u00f3d popularyzator\u00f3w nauki i naukowc\u00f3w w Europie oraz przeanalizowa\u0107, w jaki spos\u00f3b opracowa\u0107 plan dzia\u0142ania, uwzgl\u0119dniaj\u0105c rekomendacje i obszary, kt\u00f3re nale\u017ca\u0142oby zbada\u0107.<\/li>\n<li><strong>CEL4.<\/strong> Aby umo\u017cliwi\u0107 uczestnictwo obywateli w procesach bada\u0144 naukowych, zgodnie z koncepcj\u0105 odpowiedzialnych i innowacyjnych bada\u0144, poprzez przeprowadzenie konsultacji obywatelskich.<\/li>\n<li><strong>CEL5.<\/strong> Aby zebra\u0107 opinie, zar\u00f3wno pozytywne jak i negatywne, obywateli uczestnicz\u0105cych w konsultacjach spo\u0142ecznych, w oparciu o wybrane historie zwi\u0105zane z nauk\u0105.<\/li>\n<\/ul>\n<div class=\"image-middle\"><img decoding=\"async\" class=\"aligncenter\" src=\"\/wp-content\/uploads\/2019\/01\/objgraph.png\" \/><\/div>\n<\/div>\n<p><\/p>","protected":false},"excerpt":{"rendered":"<p>CONCISE to projekt finansowany ze \u015brodk\u00f3w UE (H2020 \u2013 SwafS, nr 824537), kt\u00f3ry zrzesza partner\u00f3w z pi\u0119ciu kraj\u00f3w: Hiszpanii, W\u0142och, Portugalii, Polski oraz S\u0142owacji. Projekt CONCISE zmierza do utworzenia og\u00f3lnoeuropejskiej &#8230;<\/p>\n","protected":false},"author":1,"featured_media":0,"parent":0,"menu_order":0,"comment_status":"closed","ping_status":"closed","template":"","meta":{"footnotes":""},"class_list":["post-14","page","type-page","status-publish","hentry"],"yoast_head":"<!-- This site is optimized with the Yoast SEO plugin v27.4 - https:\/\/yoast.com\/product\/yoast-seo-wordpress\/ -->\n<title>O projekcie - Concise<\/title>\n<meta name=\"robots\" content=\"index, follow, max-snippet:-1, max-image-preview:large, max-video-preview:-1\" \/>\n<link rel=\"canonical\" href=\"https:\/\/concise-h2020.eu\/pl\/about-the-project\/\" \/>\n<meta property=\"og:locale\" content=\"pl_PL\" \/>\n<meta property=\"og:type\" content=\"article\" \/>\n<meta property=\"og:title\" content=\"O projekcie - Concise\" \/>\n<meta property=\"og:description\" content=\"CONCISE to projekt finansowany ze \u015brodk\u00f3w UE (H2020 \u2013 SwafS, nr 824537), kt\u00f3ry zrzesza partner\u00f3w z pi\u0119ciu kraj\u00f3w: Hiszpanii, W\u0142och, Portugalii, Polski oraz S\u0142owacji. Projekt CONCISE zmierza do utworzenia og\u00f3lnoeuropejskiej ...\" \/>\n<meta property=\"og:url\" content=\"https:\/\/concise-h2020.eu\/pl\/about-the-project\/\" \/>\n<meta property=\"og:site_name\" content=\"Concise\" \/>\n<meta property=\"article:modified_time\" content=\"2019-06-17T14:31:12+00:00\" \/>\n<meta property=\"og:image\" content=\"https:\/\/concise-h2020.eu\/wp-content\/uploads\/2019\/01\/objgraph.png\" \/>\n<meta name=\"twitter:card\" content=\"summary_large_image\" \/>\n<meta name=\"twitter:site\" content=\"@ConciseEU\" \/>\n<meta name=\"twitter:label1\" content=\"Szacowany czas czytania\" \/>\n\t<meta name=\"twitter:data1\" content=\"15 minut\" \/>\n<script type=\"application\/ld+json\" class=\"yoast-schema-graph\">{\"@context\":\"https:\\\/\\\/schema.org\",\"@graph\":[{\"@type\":\"WebPage\",\"@id\":\"https:\\\/\\\/concise-h2020.eu\\\/pl\\\/about-the-project\\\/\",\"url\":\"https:\\\/\\\/concise-h2020.eu\\\/pl\\\/about-the-project\\\/\",\"name\":\"O projekcie - Concise\",\"isPartOf\":{\"@id\":\"https:\\\/\\\/concise-h2020.eu\\\/pl\\\/#website\"},\"datePublished\":\"2019-01-24T13:22:33+00:00\",\"dateModified\":\"2019-06-17T14:31:12+00:00\",\"breadcrumb\":{\"@id\":\"https:\\\/\\\/concise-h2020.eu\\\/pl\\\/about-the-project\\\/#breadcrumb\"},\"inLanguage\":\"pl-PL\",\"potentialAction\":[{\"@type\":\"ReadAction\",\"target\":[[\"https:\\\/\\\/concise-h2020.eu\\\/pl\\\/about-the-project\\\/\"]]}]},{\"@type\":\"BreadcrumbList\",\"@id\":\"https:\\\/\\\/concise-h2020.eu\\\/pl\\\/about-the-project\\\/#breadcrumb\",\"itemListElement\":[{\"@type\":\"ListItem\",\"position\":1,\"name\":\"Home\",\"item\":\"https:\\\/\\\/concise-h2020.eu\\\/pl\\\/\"},{\"@type\":\"ListItem\",\"position\":2,\"name\":\"About the project\"}]},{\"@type\":\"WebSite\",\"@id\":\"https:\\\/\\\/concise-h2020.eu\\\/pl\\\/#website\",\"url\":\"https:\\\/\\\/concise-h2020.eu\\\/pl\\\/\",\"name\":\"Concise\",\"description\":\"Concise in an H2020 project, with aim to explain science communication channels.\",\"publisher\":{\"@id\":\"https:\\\/\\\/concise-h2020.eu\\\/pl\\\/#organization\"},\"potentialAction\":[{\"@type\":\"SearchAction\",\"target\":{\"@type\":\"EntryPoint\",\"urlTemplate\":\"https:\\\/\\\/concise-h2020.eu\\\/pl\\\/?s={search_term_string}\"},\"query-input\":{\"@type\":\"PropertyValueSpecification\",\"valueRequired\":true,\"valueName\":\"search_term_string\"}}],\"inLanguage\":\"pl-PL\"},{\"@type\":\"Organization\",\"@id\":\"https:\\\/\\\/concise-h2020.eu\\\/pl\\\/#organization\",\"name\":\"Concise\",\"url\":\"https:\\\/\\\/concise-h2020.eu\\\/pl\\\/\",\"logo\":{\"@type\":\"ImageObject\",\"inLanguage\":\"pl-PL\",\"@id\":\"https:\\\/\\\/concise-h2020.eu\\\/pl\\\/#\\\/schema\\\/logo\\\/image\\\/\",\"url\":\"https:\\\/\\\/concise-h2020.eu\\\/wp-content\\\/uploads\\\/2019\\\/01\\\/concise_logo_crpd.jpg\",\"contentUrl\":\"https:\\\/\\\/concise-h2020.eu\\\/wp-content\\\/uploads\\\/2019\\\/01\\\/concise_logo_crpd.jpg\",\"width\":432,\"height\":124,\"caption\":\"Concise\"},\"image\":{\"@id\":\"https:\\\/\\\/concise-h2020.eu\\\/pl\\\/#\\\/schema\\\/logo\\\/image\\\/\"},\"sameAs\":[\"https:\\\/\\\/x.com\\\/ConciseEU\"]}]}<\/script>\n<!-- \/ Yoast SEO plugin. -->","yoast_head_json":{"title":"O projekcie - Concise","robots":{"index":"index","follow":"follow","max-snippet":"max-snippet:-1","max-image-preview":"max-image-preview:large","max-video-preview":"max-video-preview:-1"},"canonical":"https:\/\/concise-h2020.eu\/pl\/about-the-project\/","og_locale":"pl_PL","og_type":"article","og_title":"O projekcie - Concise","og_description":"CONCISE to projekt finansowany ze \u015brodk\u00f3w UE (H2020 \u2013 SwafS, nr 824537), kt\u00f3ry zrzesza partner\u00f3w z pi\u0119ciu kraj\u00f3w: Hiszpanii, W\u0142och, Portugalii, Polski oraz S\u0142owacji. Projekt CONCISE zmierza do utworzenia og\u00f3lnoeuropejskiej ...","og_url":"https:\/\/concise-h2020.eu\/pl\/about-the-project\/","og_site_name":"Concise","article_modified_time":"2019-06-17T14:31:12+00:00","og_image":[{"url":"https:\/\/concise-h2020.eu\/wp-content\/uploads\/2019\/01\/objgraph.png","type":"","width":"","height":""}],"twitter_card":"summary_large_image","twitter_site":"@ConciseEU","twitter_misc":{"Szacowany czas czytania":"15 minut"},"schema":{"@context":"https:\/\/schema.org","@graph":[{"@type":"WebPage","@id":"https:\/\/concise-h2020.eu\/pl\/about-the-project\/","url":"https:\/\/concise-h2020.eu\/pl\/about-the-project\/","name":"O projekcie - Concise","isPartOf":{"@id":"https:\/\/concise-h2020.eu\/pl\/#website"},"datePublished":"2019-01-24T13:22:33+00:00","dateModified":"2019-06-17T14:31:12+00:00","breadcrumb":{"@id":"https:\/\/concise-h2020.eu\/pl\/about-the-project\/#breadcrumb"},"inLanguage":"pl-PL","potentialAction":[{"@type":"ReadAction","target":[["https:\/\/concise-h2020.eu\/pl\/about-the-project\/"]]}]},{"@type":"BreadcrumbList","@id":"https:\/\/concise-h2020.eu\/pl\/about-the-project\/#breadcrumb","itemListElement":[{"@type":"ListItem","position":1,"name":"Home","item":"https:\/\/concise-h2020.eu\/pl\/"},{"@type":"ListItem","position":2,"name":"About the project"}]},{"@type":"WebSite","@id":"https:\/\/concise-h2020.eu\/pl\/#website","url":"https:\/\/concise-h2020.eu\/pl\/","name":"Concise","description":"Concise in an H2020 project, with aim to explain science communication channels.","publisher":{"@id":"https:\/\/concise-h2020.eu\/pl\/#organization"},"potentialAction":[{"@type":"SearchAction","target":{"@type":"EntryPoint","urlTemplate":"https:\/\/concise-h2020.eu\/pl\/?s={search_term_string}"},"query-input":{"@type":"PropertyValueSpecification","valueRequired":true,"valueName":"search_term_string"}}],"inLanguage":"pl-PL"},{"@type":"Organization","@id":"https:\/\/concise-h2020.eu\/pl\/#organization","name":"Concise","url":"https:\/\/concise-h2020.eu\/pl\/","logo":{"@type":"ImageObject","inLanguage":"pl-PL","@id":"https:\/\/concise-h2020.eu\/pl\/#\/schema\/logo\/image\/","url":"https:\/\/concise-h2020.eu\/wp-content\/uploads\/2019\/01\/concise_logo_crpd.jpg","contentUrl":"https:\/\/concise-h2020.eu\/wp-content\/uploads\/2019\/01\/concise_logo_crpd.jpg","width":432,"height":124,"caption":"Concise"},"image":{"@id":"https:\/\/concise-h2020.eu\/pl\/#\/schema\/logo\/image\/"},"sameAs":["https:\/\/x.com\/ConciseEU"]}]}},"_links":{"self":[{"href":"https:\/\/concise-h2020.eu\/pl\/wp-json\/wp\/v2\/pages\/14","targetHints":{"allow":["GET"]}}],"collection":[{"href":"https:\/\/concise-h2020.eu\/pl\/wp-json\/wp\/v2\/pages"}],"about":[{"href":"https:\/\/concise-h2020.eu\/pl\/wp-json\/wp\/v2\/types\/page"}],"author":[{"embeddable":true,"href":"https:\/\/concise-h2020.eu\/pl\/wp-json\/wp\/v2\/users\/1"}],"replies":[{"embeddable":true,"href":"https:\/\/concise-h2020.eu\/pl\/wp-json\/wp\/v2\/comments?post=14"}],"version-history":[{"count":0,"href":"https:\/\/concise-h2020.eu\/pl\/wp-json\/wp\/v2\/pages\/14\/revisions"}],"wp:attachment":[{"href":"https:\/\/concise-h2020.eu\/pl\/wp-json\/wp\/v2\/media?parent=14"}],"curies":[{"name":"wp","href":"https:\/\/api.w.org\/{rel}","templated":true}]}}