{"id":156,"date":"2019-02-04T12:23:43","date_gmt":"2019-02-04T12:23:43","guid":{"rendered":"https:\/\/concise-h2020.eu\/?page_id=156"},"modified":"2019-05-15T09:14:06","modified_gmt":"2019-05-15T09:14:06","slug":"contact","status":"publish","type":"page","link":"https:\/\/concise-h2020.eu\/pl\/contact\/","title":{"rendered":"Kontakt"},"content":{"rendered":"<p><div class=\"wpforms-container wpforms-container-full\" id=\"wpforms-159\"><form id=\"wpforms-form-159\" class=\"wpforms-validate wpforms-form\" data-formid=\"159\" method=\"post\" enctype=\"multipart\/form-data\" action=\"\/pl\/wp-json\/wp\/v2\/pages\/156\" data-token=\"60683c0bbf5890c6aac70fc3a98d508c\" data-token-time=\"1776142711\"><noscript class=\"wpforms-error-noscript\">Aby wype\u0142ni\u0107 ten formularz, w\u0142\u0105cz obs\u0142ug\u0119 JavaScript w przegl\u0105darce.<\/noscript><div class=\"wpforms-field-container\"><div id=\"wpforms-159-field_0-container\" class=\"wpforms-field wpforms-field-name\" data-field-id=\"0\"><label class=\"wpforms-field-label\" for=\"wpforms-159-field_0\">Imi\u0119 <span class=\"wpforms-required-label\">*<\/span><\/label><input type=\"text\" id=\"wpforms-159-field_0\" class=\"wpforms-field-medium wpforms-field-required\" name=\"wpforms[fields][0]\" required><\/div><div id=\"wpforms-159-field_1-container\" class=\"wpforms-field wpforms-field-email\" data-field-id=\"1\"><label class=\"wpforms-field-label\" for=\"wpforms-159-field_1\">Email <span class=\"wpforms-required-label\">*<\/span><\/label><input type=\"email\" id=\"wpforms-159-field_1\" class=\"wpforms-field-medium wpforms-field-required\" name=\"wpforms[fields][1]\" spellcheck=\"false\" required><\/div><div id=\"wpforms-159-field_2-container\" class=\"wpforms-field wpforms-field-textarea\" data-field-id=\"2\"><label class=\"wpforms-field-label\" for=\"wpforms-159-field_2\">Komentarz \/ Wiadomo\u015b\u0107 <span class=\"wpforms-required-label\">*<\/span><\/label><textarea id=\"wpforms-159-field_2\" class=\"wpforms-field-medium wpforms-field-required\" name=\"wpforms[fields][2]\" required><\/textarea><\/div><\/div><!-- .wpforms-field-container --><div class=\"wpforms-field wpforms-field-hp\"><label for=\"wpforms-159-field-hp\" class=\"wpforms-field-label\">Comment<\/label><input type=\"text\" name=\"wpforms[hp]\" id=\"wpforms-159-field-hp\" class=\"wpforms-field-medium\"><\/div><div class=\"wpforms-recaptcha-container wpforms-is-recaptcha wpforms-is-recaptcha-type-v3\" ><input type=\"hidden\" name=\"wpforms[recaptcha]\" value=\"\"><\/div><div class=\"wpforms-submit-container\" ><input type=\"hidden\" name=\"wpforms[id]\" value=\"159\"><input type=\"hidden\" name=\"page_title\" value=\"\"><input type=\"hidden\" name=\"page_url\" value=\"https:\/\/concise-h2020.eu\/pl\/wp-json\/wp\/v2\/pages\/156\"><input type=\"hidden\" name=\"url_referer\" value=\"\"><button type=\"submit\" name=\"wpforms[submit]\" id=\"wpforms-submit-159\" class=\"wpforms-submit\" aria-live=\"assertive\" value=\"wpforms-submit\">Wy\u015blij<\/button><\/div><\/form><\/div>  <!-- .wpforms-container --><\/p>\n<div style=\"margin-top: 50px;\"><em>Przypis RODO: Zgodnie z przepisami rozporz\u0105dzenia 2016\/679, Parlamentu Europejskiego i Rady z dnia 27 kwietnia 2016 r., Konsorcjum Concise informuje, \u017ce Twoje dane b\u0119d\u0105 traktowane z zachowaniem poufno\u015bci i nie b\u0119d\u0105 przekazywane osobom trzecim. Informujemy r\u00f3wnie\u017c o mo\u017cliwo\u015bci skorzystania z prawa dost\u0119pu, sprostowania, usuni\u0119cia, sprzeciwu, ograniczenia dost\u0119pu i mo\u017cliwo\u015bci przenoszenia danych, na warunkach okre\u015blonych w obowi\u0105zuj\u0105cym prawodawstwie, po wcze\u015bniejszym skontaktowaniu si\u0119 z Konsorcjum Concise za pomoc\u0105 powy\u017cszego formularza kontaktowego.<\/em><\/div>\n<p><\/p>","protected":false},"excerpt":{"rendered":"<p>Przypis RODO: Zgodnie z przepisami rozporz\u0105dzenia 2016\/679, Parlamentu Europejskiego i Rady z dnia 27 kwietnia 2016 r., Konsorcjum Concise informuje, \u017ce Twoje dane b\u0119d\u0105 traktowane z zachowaniem poufno\u015bci i nie &#8230;<\/p>\n","protected":false},"author":1,"featured_media":0,"parent":0,"menu_order":0,"comment_status":"closed","ping_status":"closed","template":"","meta":{"footnotes":""},"class_list":["post-156","page","type-page","status-publish","hentry"],"yoast_head":"<!-- This site is optimized with the Yoast SEO plugin v27.3 - https:\/\/yoast.com\/product\/yoast-seo-wordpress\/ -->\n<title>Kontakt - Concise<\/title>\n<meta name=\"robots\" content=\"index, follow, max-snippet:-1, max-image-preview:large, max-video-preview:-1\" \/>\n<link rel=\"canonical\" href=\"https:\/\/concise-h2020.eu\/pl\/contact\/\" \/>\n<meta property=\"og:locale\" content=\"pl_PL\" \/>\n<meta property=\"og:type\" content=\"article\" \/>\n<meta property=\"og:title\" content=\"Kontakt - Concise\" \/>\n<meta property=\"og:description\" content=\"Przypis RODO: Zgodnie z przepisami rozporz\u0105dzenia 2016\/679, Parlamentu Europejskiego i Rady z dnia 27 kwietnia 2016 r., Konsorcjum Concise informuje, \u017ce Twoje dane b\u0119d\u0105 traktowane z zachowaniem poufno\u015bci i nie ...\" \/>\n<meta property=\"og:url\" content=\"https:\/\/concise-h2020.eu\/pl\/contact\/\" \/>\n<meta property=\"og:site_name\" content=\"Concise\" \/>\n<meta property=\"article:modified_time\" content=\"2019-05-15T09:14:06+00:00\" \/>\n<meta name=\"twitter:card\" content=\"summary_large_image\" \/>\n<meta name=\"twitter:site\" content=\"@ConciseEU\" \/>\n<meta name=\"twitter:label1\" content=\"Szacowany czas czytania\" \/>\n\t<meta name=\"twitter:data1\" content=\"3 minuty\" \/>\n<script type=\"application\/ld+json\" class=\"yoast-schema-graph\">{\"@context\":\"https:\\\/\\\/schema.org\",\"@graph\":[{\"@type\":\"WebPage\",\"@id\":\"https:\\\/\\\/concise-h2020.eu\\\/pl\\\/contact\\\/\",\"url\":\"https:\\\/\\\/concise-h2020.eu\\\/pl\\\/contact\\\/\",\"name\":\"Kontakt - Concise\",\"isPartOf\":{\"@id\":\"https:\\\/\\\/concise-h2020.eu\\\/pl\\\/#website\"},\"datePublished\":\"2019-02-04T12:23:43+00:00\",\"dateModified\":\"2019-05-15T09:14:06+00:00\",\"breadcrumb\":{\"@id\":\"https:\\\/\\\/concise-h2020.eu\\\/pl\\\/contact\\\/#breadcrumb\"},\"inLanguage\":\"pl-PL\",\"potentialAction\":[{\"@type\":\"ReadAction\",\"target\":[[\"https:\\\/\\\/concise-h2020.eu\\\/pl\\\/contact\\\/\"]]}]},{\"@type\":\"BreadcrumbList\",\"@id\":\"https:\\\/\\\/concise-h2020.eu\\\/pl\\\/contact\\\/#breadcrumb\",\"itemListElement\":[{\"@type\":\"ListItem\",\"position\":1,\"name\":\"Home\",\"item\":\"https:\\\/\\\/concise-h2020.eu\\\/pl\\\/\"},{\"@type\":\"ListItem\",\"position\":2,\"name\":\"Contact\"}]},{\"@type\":\"WebSite\",\"@id\":\"https:\\\/\\\/concise-h2020.eu\\\/pl\\\/#website\",\"url\":\"https:\\\/\\\/concise-h2020.eu\\\/pl\\\/\",\"name\":\"Concise\",\"description\":\"Concise in an H2020 project, with aim to explain science communication channels.\",\"publisher\":{\"@id\":\"https:\\\/\\\/concise-h2020.eu\\\/pl\\\/#organization\"},\"potentialAction\":[{\"@type\":\"SearchAction\",\"target\":{\"@type\":\"EntryPoint\",\"urlTemplate\":\"https:\\\/\\\/concise-h2020.eu\\\/pl\\\/?s={search_term_string}\"},\"query-input\":{\"@type\":\"PropertyValueSpecification\",\"valueRequired\":true,\"valueName\":\"search_term_string\"}}],\"inLanguage\":\"pl-PL\"},{\"@type\":\"Organization\",\"@id\":\"https:\\\/\\\/concise-h2020.eu\\\/pl\\\/#organization\",\"name\":\"Concise\",\"url\":\"https:\\\/\\\/concise-h2020.eu\\\/pl\\\/\",\"logo\":{\"@type\":\"ImageObject\",\"inLanguage\":\"pl-PL\",\"@id\":\"https:\\\/\\\/concise-h2020.eu\\\/pl\\\/#\\\/schema\\\/logo\\\/image\\\/\",\"url\":\"https:\\\/\\\/concise-h2020.eu\\\/wp-content\\\/uploads\\\/2019\\\/01\\\/concise_logo_crpd.jpg\",\"contentUrl\":\"https:\\\/\\\/concise-h2020.eu\\\/wp-content\\\/uploads\\\/2019\\\/01\\\/concise_logo_crpd.jpg\",\"width\":432,\"height\":124,\"caption\":\"Concise\"},\"image\":{\"@id\":\"https:\\\/\\\/concise-h2020.eu\\\/pl\\\/#\\\/schema\\\/logo\\\/image\\\/\"},\"sameAs\":[\"https:\\\/\\\/x.com\\\/ConciseEU\"]}]}<\/script>\n<!-- \/ Yoast SEO plugin. -->","yoast_head_json":{"title":"Kontakt - Concise","robots":{"index":"index","follow":"follow","max-snippet":"max-snippet:-1","max-image-preview":"max-image-preview:large","max-video-preview":"max-video-preview:-1"},"canonical":"https:\/\/concise-h2020.eu\/pl\/contact\/","og_locale":"pl_PL","og_type":"article","og_title":"Kontakt - Concise","og_description":"Przypis RODO: Zgodnie z przepisami rozporz\u0105dzenia 2016\/679, Parlamentu Europejskiego i Rady z dnia 27 kwietnia 2016 r., Konsorcjum Concise informuje, \u017ce Twoje dane b\u0119d\u0105 traktowane z zachowaniem poufno\u015bci i nie ...","og_url":"https:\/\/concise-h2020.eu\/pl\/contact\/","og_site_name":"Concise","article_modified_time":"2019-05-15T09:14:06+00:00","twitter_card":"summary_large_image","twitter_site":"@ConciseEU","twitter_misc":{"Szacowany czas czytania":"3 minuty"},"schema":{"@context":"https:\/\/schema.org","@graph":[{"@type":"WebPage","@id":"https:\/\/concise-h2020.eu\/pl\/contact\/","url":"https:\/\/concise-h2020.eu\/pl\/contact\/","name":"Kontakt - Concise","isPartOf":{"@id":"https:\/\/concise-h2020.eu\/pl\/#website"},"datePublished":"2019-02-04T12:23:43+00:00","dateModified":"2019-05-15T09:14:06+00:00","breadcrumb":{"@id":"https:\/\/concise-h2020.eu\/pl\/contact\/#breadcrumb"},"inLanguage":"pl-PL","potentialAction":[{"@type":"ReadAction","target":[["https:\/\/concise-h2020.eu\/pl\/contact\/"]]}]},{"@type":"BreadcrumbList","@id":"https:\/\/concise-h2020.eu\/pl\/contact\/#breadcrumb","itemListElement":[{"@type":"ListItem","position":1,"name":"Home","item":"https:\/\/concise-h2020.eu\/pl\/"},{"@type":"ListItem","position":2,"name":"Contact"}]},{"@type":"WebSite","@id":"https:\/\/concise-h2020.eu\/pl\/#website","url":"https:\/\/concise-h2020.eu\/pl\/","name":"Concise","description":"Concise in an H2020 project, with aim to explain science communication channels.","publisher":{"@id":"https:\/\/concise-h2020.eu\/pl\/#organization"},"potentialAction":[{"@type":"SearchAction","target":{"@type":"EntryPoint","urlTemplate":"https:\/\/concise-h2020.eu\/pl\/?s={search_term_string}"},"query-input":{"@type":"PropertyValueSpecification","valueRequired":true,"valueName":"search_term_string"}}],"inLanguage":"pl-PL"},{"@type":"Organization","@id":"https:\/\/concise-h2020.eu\/pl\/#organization","name":"Concise","url":"https:\/\/concise-h2020.eu\/pl\/","logo":{"@type":"ImageObject","inLanguage":"pl-PL","@id":"https:\/\/concise-h2020.eu\/pl\/#\/schema\/logo\/image\/","url":"https:\/\/concise-h2020.eu\/wp-content\/uploads\/2019\/01\/concise_logo_crpd.jpg","contentUrl":"https:\/\/concise-h2020.eu\/wp-content\/uploads\/2019\/01\/concise_logo_crpd.jpg","width":432,"height":124,"caption":"Concise"},"image":{"@id":"https:\/\/concise-h2020.eu\/pl\/#\/schema\/logo\/image\/"},"sameAs":["https:\/\/x.com\/ConciseEU"]}]}},"_links":{"self":[{"href":"https:\/\/concise-h2020.eu\/pl\/wp-json\/wp\/v2\/pages\/156","targetHints":{"allow":["GET"]}}],"collection":[{"href":"https:\/\/concise-h2020.eu\/pl\/wp-json\/wp\/v2\/pages"}],"about":[{"href":"https:\/\/concise-h2020.eu\/pl\/wp-json\/wp\/v2\/types\/page"}],"author":[{"embeddable":true,"href":"https:\/\/concise-h2020.eu\/pl\/wp-json\/wp\/v2\/users\/1"}],"replies":[{"embeddable":true,"href":"https:\/\/concise-h2020.eu\/pl\/wp-json\/wp\/v2\/comments?post=156"}],"version-history":[{"count":0,"href":"https:\/\/concise-h2020.eu\/pl\/wp-json\/wp\/v2\/pages\/156\/revisions"}],"wp:attachment":[{"href":"https:\/\/concise-h2020.eu\/pl\/wp-json\/wp\/v2\/media?parent=156"}],"curies":[{"name":"wp","href":"https:\/\/api.w.org\/{rel}","templated":true}]}}