{"id":2,"date":"2019-01-23T16:13:07","date_gmt":"2019-01-23T16:13:07","guid":{"rendered":"https:\/\/concise-h2020.eu\/?page_id=2"},"modified":"2020-09-25T09:43:11","modified_gmt":"2020-09-25T09:43:11","slug":"sample-page","status":"publish","type":"page","link":"https:\/\/concise-h2020.eu\/pl\/","title":{"rendered":"<h1 style=\"color: white;\">Communication role on perception and beliefs<br\/>of EU Citizens about Science<\/h1>"},"content":{"rendered":"<p><\/p>\n<p style=\"text-align: center;\"><\/p>\n<div class=\"home-content\">\n<p>G\u0142\u00f3wnym celem projektu <strong>CONCISE<\/strong> jest poznanie wp\u0142ywu komunikacji naukowej na przekonania, percepcj\u0119 i wiedz\u0119 ludzi na temat zjawisk poznawanych i opisywanych przez naukowc\u00f3w. Aby osi\u0105gn\u0105\u0107 ten cel, zesp\u00f3\u0142 projektowy przeprowadzi pi\u0119\u0107 konsultacji obywatelskich w Lizbonie (Portugalia), Walencji (Hiszpania), Vicenzie (W\u0142ochy), Trnavie (S\u0142owacja) i \u0141odzi (Polska). \u0141\u0105cznie wypowie si\u0119 500 obywateli. Umo\u017cliwi to Konsorcjum <strong>CONCISE<\/strong> zebranie i por\u00f3wnanie opinii mieszka\u0144c\u00f3w r\u00f3\u017cnych region\u00f3w UE na cztery \u201egor\u0105ce\u201d tematy badane w projekcie:<\/p>\n<ul>\n<li>Szczepionki<\/li>\n<li>Podstawowa i alternatywna medycyna<\/li>\n<li>Zmiany klimatyczne<\/li>\n<li>Bezpiecze\u0144stwo \u017cywno\u015bci<\/li>\n<\/ul>\n<p>Celem naukowc\u00f3w projektu <strong>CONCISE<\/strong> jest g\u0142\u0119bsze poznanie, jak obywatele rozumiej\u0105 nauk\u0119 i zidentyfikowanie obecnych modeli komunikacji naukowej. Mamy nadziej\u0119, \u017ce konsultacje spo\u0142eczne pozwol\u0105 zidentyfikowa\u0107 wska\u017aniki wspieraj\u0105ce skuteczno\u015b\u0107 komunikacji naukowej. Ponadto pozwol\u0105 zrozumie\u0107:<\/p>\n<ul>\n<li>Jak obywatele postrzegaj\u0105 komunikacj\u0119 naukow\u0105?<\/li>\n<li>Jak podejmuj\u0105 decyzje w kwestiach typu szczepienia?<\/li>\n<li>Z jakich \u017ar\u00f3de\u0142 najcz\u0119\u015bciej korzystaj\u0105, szukaj\u0105c dost\u0119pu do informacji naukowych?<\/li>\n<\/ul>\n<p>Konsorcjum <strong>CONCISE<\/strong> sk\u0142ada si\u0119 z do\u015bwiadczonych dziennikarzy naukowych, cz\u0142onk\u00f3w stowarzyszenia hiszpa\u0144skich popularyzator\u00f3w naukowych, naukowc\u00f3w z r\u00f3\u017cnych dziedzin i dyscyplin, w tym nauk spo\u0142ecznych i przyrodniczych, a tak\u017ce do\u015bwiadczonych pedagog\u00f3w oraz przedstawicieli sektora M\u015aP.<\/p>\n<\/div>\n<p><\/p>","protected":false},"excerpt":{"rendered":"<p>G\u0142\u00f3wnym celem projektu CONCISE jest poznanie wp\u0142ywu komunikacji naukowej na przekonania, percepcj\u0119 i wiedz\u0119 ludzi na temat zjawisk poznawanych i opisywanych przez naukowc\u00f3w. Aby osi\u0105gn\u0105\u0107 ten cel, zesp\u00f3\u0142 projektowy przeprowadzi &#8230;<\/p>\n","protected":false},"author":1,"featured_media":104,"parent":0,"menu_order":0,"comment_status":"closed","ping_status":"open","template":"","meta":{"footnotes":""},"class_list":["post-2","page","type-page","status-publish","has-post-thumbnail","hentry"],"yoast_head":"<!-- This site is optimized with the Yoast SEO plugin v27.4 - https:\/\/yoast.com\/product\/yoast-seo-wordpress\/ -->\n<title>Communication role on perception and beliefsof EU Citizens about Science - Concise<\/title>\n<meta name=\"description\" content=\"Concise is Horizon 2020 project which studies the role science communication plays on the origin of beliefs, perceptions and knowledge concerning scientific issues.\" \/>\n<meta name=\"robots\" content=\"index, follow, max-snippet:-1, max-image-preview:large, max-video-preview:-1\" \/>\n<link rel=\"canonical\" href=\"https:\/\/concise-h2020.eu\/pl\/\" \/>\n<meta property=\"og:locale\" content=\"pl_PL\" \/>\n<meta property=\"og:type\" content=\"article\" \/>\n<meta property=\"og:title\" content=\"Communication role on perception and beliefsof EU Citizens about Science - Concise\" \/>\n<meta property=\"og:description\" content=\"Concise is Horizon 2020 project which studies the role science communication plays on the origin of beliefs, perceptions and knowledge concerning scientific issues.\" \/>\n<meta property=\"og:url\" content=\"https:\/\/concise-h2020.eu\/pl\/\" \/>\n<meta property=\"og:site_name\" content=\"Concise\" \/>\n<meta property=\"article:modified_time\" content=\"2020-09-25T09:43:11+00:00\" \/>\n<meta property=\"og:image\" content=\"https:\/\/concise-h2020.eu\/wp-content\/uploads\/2019\/01\/nasa-53884-unsplash-e1551104261962.jpg\" \/>\n\t<meta property=\"og:image:width\" content=\"2048\" \/>\n\t<meta property=\"og:image:height\" content=\"1363\" \/>\n\t<meta property=\"og:image:type\" content=\"image\/jpeg\" \/>\n<meta name=\"twitter:card\" content=\"summary_large_image\" \/>\n<meta name=\"twitter:site\" content=\"@ConciseEU\" \/>\n<meta name=\"twitter:label1\" content=\"Szacowany czas czytania\" \/>\n\t<meta name=\"twitter:data1\" content=\"7 minut\" \/>\n<script type=\"application\/ld+json\" class=\"yoast-schema-graph\">{\"@context\":\"https:\\\/\\\/schema.org\",\"@graph\":[{\"@type\":\"WebPage\",\"@id\":\"https:\\\/\\\/concise-h2020.eu\\\/pl\\\/\",\"url\":\"https:\\\/\\\/concise-h2020.eu\\\/pl\\\/\",\"name\":\"Communication role on perception and beliefs of EU Citizens about Science - Concise\",\"isPartOf\":{\"@id\":\"https:\\\/\\\/concise-h2020.eu\\\/pl\\\/#website\"},\"primaryImageOfPage\":{\"@id\":\"https:\\\/\\\/concise-h2020.eu\\\/pl\\\/#primaryimage\"},\"image\":{\"@id\":\"https:\\\/\\\/concise-h2020.eu\\\/pl\\\/#primaryimage\"},\"thumbnailUrl\":\"https:\\\/\\\/concise-h2020.eu\\\/wp-content\\\/uploads\\\/2019\\\/01\\\/nasa-53884-unsplash-e1551104261962.jpg\",\"datePublished\":\"2019-01-23T16:13:07+00:00\",\"dateModified\":\"2020-09-25T09:43:11+00:00\",\"description\":\"Concise is Horizon 2020 project which studies the role science communication plays on the origin of beliefs, perceptions and knowledge concerning scientific issues.\",\"breadcrumb\":{\"@id\":\"https:\\\/\\\/concise-h2020.eu\\\/pl\\\/#breadcrumb\"},\"inLanguage\":\"pl-PL\",\"potentialAction\":[{\"@type\":\"ReadAction\",\"target\":[[\"https:\\\/\\\/concise-h2020.eu\\\/pl\\\/\"]]}]},{\"@type\":\"ImageObject\",\"inLanguage\":\"pl-PL\",\"@id\":\"https:\\\/\\\/concise-h2020.eu\\\/pl\\\/#primaryimage\",\"url\":\"https:\\\/\\\/concise-h2020.eu\\\/wp-content\\\/uploads\\\/2019\\\/01\\\/nasa-53884-unsplash-e1551104261962.jpg\",\"contentUrl\":\"https:\\\/\\\/concise-h2020.eu\\\/wp-content\\\/uploads\\\/2019\\\/01\\\/nasa-53884-unsplash-e1551104261962.jpg\",\"width\":2048,\"height\":1363},{\"@type\":\"BreadcrumbList\",\"@id\":\"https:\\\/\\\/concise-h2020.eu\\\/pl\\\/#breadcrumb\",\"itemListElement\":[{\"@type\":\"ListItem\",\"position\":1,\"name\":\"Home\",\"item\":\"https:\\\/\\\/concise-h2020.eu\\\/pl\\\/\"},{\"@type\":\"ListItem\",\"position\":2,\"name\":\"Communication role on perception and beliefsof EU Citizens about Science\"}]},{\"@type\":\"WebSite\",\"@id\":\"https:\\\/\\\/concise-h2020.eu\\\/pl\\\/#website\",\"url\":\"https:\\\/\\\/concise-h2020.eu\\\/pl\\\/\",\"name\":\"Concise\",\"description\":\"Concise in an H2020 project, with aim to explain science communication channels.\",\"publisher\":{\"@id\":\"https:\\\/\\\/concise-h2020.eu\\\/pl\\\/#organization\"},\"potentialAction\":[{\"@type\":\"SearchAction\",\"target\":{\"@type\":\"EntryPoint\",\"urlTemplate\":\"https:\\\/\\\/concise-h2020.eu\\\/pl\\\/?s={search_term_string}\"},\"query-input\":{\"@type\":\"PropertyValueSpecification\",\"valueRequired\":true,\"valueName\":\"search_term_string\"}}],\"inLanguage\":\"pl-PL\"},{\"@type\":\"Organization\",\"@id\":\"https:\\\/\\\/concise-h2020.eu\\\/pl\\\/#organization\",\"name\":\"Concise\",\"url\":\"https:\\\/\\\/concise-h2020.eu\\\/pl\\\/\",\"logo\":{\"@type\":\"ImageObject\",\"inLanguage\":\"pl-PL\",\"@id\":\"https:\\\/\\\/concise-h2020.eu\\\/pl\\\/#\\\/schema\\\/logo\\\/image\\\/\",\"url\":\"https:\\\/\\\/concise-h2020.eu\\\/wp-content\\\/uploads\\\/2019\\\/01\\\/concise_logo_crpd.jpg\",\"contentUrl\":\"https:\\\/\\\/concise-h2020.eu\\\/wp-content\\\/uploads\\\/2019\\\/01\\\/concise_logo_crpd.jpg\",\"width\":432,\"height\":124,\"caption\":\"Concise\"},\"image\":{\"@id\":\"https:\\\/\\\/concise-h2020.eu\\\/pl\\\/#\\\/schema\\\/logo\\\/image\\\/\"},\"sameAs\":[\"https:\\\/\\\/x.com\\\/ConciseEU\"]}]}<\/script>\n<!-- \/ Yoast SEO plugin. -->","yoast_head_json":{"title":"Communication role on perception and beliefsof EU Citizens about Science - Concise","description":"Concise is Horizon 2020 project which studies the role science communication plays on the origin of beliefs, perceptions and knowledge concerning scientific issues.","robots":{"index":"index","follow":"follow","max-snippet":"max-snippet:-1","max-image-preview":"max-image-preview:large","max-video-preview":"max-video-preview:-1"},"canonical":"https:\/\/concise-h2020.eu\/pl\/","og_locale":"pl_PL","og_type":"article","og_title":"Communication role on perception and beliefsof EU Citizens about Science - Concise","og_description":"Concise is Horizon 2020 project which studies the role science communication plays on the origin of beliefs, perceptions and knowledge concerning scientific issues.","og_url":"https:\/\/concise-h2020.eu\/pl\/","og_site_name":"Concise","article_modified_time":"2020-09-25T09:43:11+00:00","og_image":[{"width":2048,"height":1363,"url":"https:\/\/concise-h2020.eu\/wp-content\/uploads\/2019\/01\/nasa-53884-unsplash-e1551104261962.jpg","type":"image\/jpeg"}],"twitter_card":"summary_large_image","twitter_site":"@ConciseEU","twitter_misc":{"Szacowany czas czytania":"7 minut"},"schema":{"@context":"https:\/\/schema.org","@graph":[{"@type":"WebPage","@id":"https:\/\/concise-h2020.eu\/pl\/","url":"https:\/\/concise-h2020.eu\/pl\/","name":"Communication role on perception and beliefs of EU Citizens about Science - Concise","isPartOf":{"@id":"https:\/\/concise-h2020.eu\/pl\/#website"},"primaryImageOfPage":{"@id":"https:\/\/concise-h2020.eu\/pl\/#primaryimage"},"image":{"@id":"https:\/\/concise-h2020.eu\/pl\/#primaryimage"},"thumbnailUrl":"https:\/\/concise-h2020.eu\/wp-content\/uploads\/2019\/01\/nasa-53884-unsplash-e1551104261962.jpg","datePublished":"2019-01-23T16:13:07+00:00","dateModified":"2020-09-25T09:43:11+00:00","description":"Concise is Horizon 2020 project which studies the role science communication plays on the origin of beliefs, perceptions and knowledge concerning scientific issues.","breadcrumb":{"@id":"https:\/\/concise-h2020.eu\/pl\/#breadcrumb"},"inLanguage":"pl-PL","potentialAction":[{"@type":"ReadAction","target":[["https:\/\/concise-h2020.eu\/pl\/"]]}]},{"@type":"ImageObject","inLanguage":"pl-PL","@id":"https:\/\/concise-h2020.eu\/pl\/#primaryimage","url":"https:\/\/concise-h2020.eu\/wp-content\/uploads\/2019\/01\/nasa-53884-unsplash-e1551104261962.jpg","contentUrl":"https:\/\/concise-h2020.eu\/wp-content\/uploads\/2019\/01\/nasa-53884-unsplash-e1551104261962.jpg","width":2048,"height":1363},{"@type":"BreadcrumbList","@id":"https:\/\/concise-h2020.eu\/pl\/#breadcrumb","itemListElement":[{"@type":"ListItem","position":1,"name":"Home","item":"https:\/\/concise-h2020.eu\/pl\/"},{"@type":"ListItem","position":2,"name":"Communication role on perception and beliefsof EU Citizens about Science"}]},{"@type":"WebSite","@id":"https:\/\/concise-h2020.eu\/pl\/#website","url":"https:\/\/concise-h2020.eu\/pl\/","name":"Concise","description":"Concise in an H2020 project, with aim to explain science communication channels.","publisher":{"@id":"https:\/\/concise-h2020.eu\/pl\/#organization"},"potentialAction":[{"@type":"SearchAction","target":{"@type":"EntryPoint","urlTemplate":"https:\/\/concise-h2020.eu\/pl\/?s={search_term_string}"},"query-input":{"@type":"PropertyValueSpecification","valueRequired":true,"valueName":"search_term_string"}}],"inLanguage":"pl-PL"},{"@type":"Organization","@id":"https:\/\/concise-h2020.eu\/pl\/#organization","name":"Concise","url":"https:\/\/concise-h2020.eu\/pl\/","logo":{"@type":"ImageObject","inLanguage":"pl-PL","@id":"https:\/\/concise-h2020.eu\/pl\/#\/schema\/logo\/image\/","url":"https:\/\/concise-h2020.eu\/wp-content\/uploads\/2019\/01\/concise_logo_crpd.jpg","contentUrl":"https:\/\/concise-h2020.eu\/wp-content\/uploads\/2019\/01\/concise_logo_crpd.jpg","width":432,"height":124,"caption":"Concise"},"image":{"@id":"https:\/\/concise-h2020.eu\/pl\/#\/schema\/logo\/image\/"},"sameAs":["https:\/\/x.com\/ConciseEU"]}]}},"_links":{"self":[{"href":"https:\/\/concise-h2020.eu\/pl\/wp-json\/wp\/v2\/pages\/2","targetHints":{"allow":["GET"]}}],"collection":[{"href":"https:\/\/concise-h2020.eu\/pl\/wp-json\/wp\/v2\/pages"}],"about":[{"href":"https:\/\/concise-h2020.eu\/pl\/wp-json\/wp\/v2\/types\/page"}],"author":[{"embeddable":true,"href":"https:\/\/concise-h2020.eu\/pl\/wp-json\/wp\/v2\/users\/1"}],"replies":[{"embeddable":true,"href":"https:\/\/concise-h2020.eu\/pl\/wp-json\/wp\/v2\/comments?post=2"}],"version-history":[{"count":0,"href":"https:\/\/concise-h2020.eu\/pl\/wp-json\/wp\/v2\/pages\/2\/revisions"}],"wp:featuredmedia":[{"embeddable":true,"href":"https:\/\/concise-h2020.eu\/pl\/wp-json\/wp\/v2\/media\/104"}],"wp:attachment":[{"href":"https:\/\/concise-h2020.eu\/pl\/wp-json\/wp\/v2\/media?parent=2"}],"curies":[{"name":"wp","href":"https:\/\/api.w.org\/{rel}","templated":true}]}}