{"id":2,"date":"2019-01-23T16:13:07","date_gmt":"2019-01-23T16:13:07","guid":{"rendered":"https:\/\/concise-h2020.eu\/?page_id=2"},"modified":"2020-09-25T09:43:11","modified_gmt":"2020-09-25T09:43:11","slug":"sample-page","status":"publish","type":"page","link":"https:\/\/concise-h2020.eu\/pt\/","title":{"rendered":"<h1 style=\"color: white;\">Communication role on perception and beliefs<br\/>of EU Citizens about Science<\/h1>"},"content":{"rendered":"<p><\/p>\n<p style=\"text-align: center;\"><\/p>\n<div class=\"home-content\">\n<p>O principal objetivo do <strong>CONCISE<\/strong> \u00e9 compreender o papel que a comunica\u00e7\u00e3o cient\u00edfica desempenha na origem das cren\u00e7as, perce\u00e7\u00f5es e conhecimento sobre quest\u00f5es cient\u00edficas. Para alcan\u00e7ar este objetivo, o <strong>CONCISE<\/strong> realizar\u00e1 cinco consultas cidad\u00e3s em Lisboa (Portugal), Val\u00eancia (Espanha), Vicenza (It\u00e1lia), Trnava (Eslov\u00e1quia) e Lodz (Pol\u00f3nia), com a participa\u00e7\u00e3o de um total de 500 cidad\u00e3os.<br \/>\nIsto permitir\u00e1 \u00e0 equipa do <strong>CONCISE<\/strong> recolher testemunhos de diferentes regi\u00f5es da UE, que fornecer\u00e3o informa\u00e7\u00f5es compar\u00e1veis \u200b\u200be fi\u00e1veis \u200b\u200bsobre as percep\u00e7\u00f5es gerais dos cidad\u00e3os da UE em rela\u00e7\u00e3o aos quatro t\u00f3picos cient\u00edficos em estudo:<\/p>\n<ul>\n<li>Vacinas<\/li>\n<li>Uso de medicina complementar e alternativa<\/li>\n<li>Altera\u00e7\u00f5es Clim\u00e1ticas<\/li>\n<li>Organismos Geneticamente Modificados<\/li>\n<\/ul>\n<p>Os investigadores do <strong>CONCISE<\/strong> procuram obter uma vis\u00e3o mais profunda da compreens\u00e3o p\u00fablica da ci\u00eancia e identificar os atuais modelos de comunica\u00e7\u00e3o cient\u00edfica. As consultas p\u00fablicas tamb\u00e9m revelar\u00e3o indicadores que ajudar\u00e3o a melhorar a comunica\u00e7\u00e3o cient\u00edfica. Da mesma forma, as consultas permitir\u00e3o a compreens\u00e3o de:<\/p>\n<ul>\n<li>Como os cidad\u00e3os percecionam a comunica\u00e7\u00e3o cient\u00edfica<\/li>\n<li>Como as pessoas tomam decis\u00f5es sobre t\u00f3picos como vacina\u00e7\u00e3o<\/li>\n<li>Quais fontes de informa\u00e7\u00e3o s\u00e3o usadas para ter acesso a informa\u00e7\u00f5es cient\u00edficas<\/li>\n<\/ul>\n<p>O cons\u00f3rcio <strong>CONCISE<\/strong> inclui jornalistas cient\u00edficos de renome, a associa\u00e7\u00e3o mais relevante de comunicadores cient\u00edficos espanh\u00f3is, cientistas de diferentes \u00e1reas e disciplinas, incluindo ci\u00eancias sociais e naturais, educadores experientes e PME.<\/p>\n<\/div>\n<p><\/p>","protected":false},"excerpt":{"rendered":"<p>O principal objetivo do CONCISE \u00e9 compreender o papel que a comunica\u00e7\u00e3o cient\u00edfica desempenha na origem das cren\u00e7as, perce\u00e7\u00f5es e conhecimento sobre quest\u00f5es cient\u00edficas. Para alcan\u00e7ar este objetivo, o CONCISE &#8230;<\/p>\n","protected":false},"author":1,"featured_media":104,"parent":0,"menu_order":0,"comment_status":"closed","ping_status":"open","template":"","meta":{"footnotes":""},"class_list":["post-2","page","type-page","status-publish","has-post-thumbnail","hentry"],"yoast_head":"<!-- This site is optimized with the Yoast SEO plugin v27.4 - https:\/\/yoast.com\/product\/yoast-seo-wordpress\/ -->\n<title>Communication role on perception and beliefsof EU Citizens about Science - Concise<\/title>\n<meta name=\"description\" content=\"Concise is Horizon 2020 project which studies the role science communication plays on the origin of beliefs, perceptions and knowledge concerning scientific issues.\" \/>\n<meta name=\"robots\" content=\"index, follow, max-snippet:-1, max-image-preview:large, max-video-preview:-1\" \/>\n<link rel=\"canonical\" href=\"https:\/\/concise-h2020.eu\/pt\/\" \/>\n<meta property=\"og:locale\" content=\"pt_PT\" \/>\n<meta property=\"og:type\" content=\"article\" \/>\n<meta property=\"og:title\" content=\"Communication role on perception and beliefsof EU Citizens about Science - Concise\" \/>\n<meta property=\"og:description\" content=\"Concise is Horizon 2020 project which studies the role science communication plays on the origin of beliefs, perceptions and knowledge concerning scientific issues.\" \/>\n<meta property=\"og:url\" content=\"https:\/\/concise-h2020.eu\/pt\/\" \/>\n<meta property=\"og:site_name\" content=\"Concise\" \/>\n<meta property=\"article:modified_time\" content=\"2020-09-25T09:43:11+00:00\" \/>\n<meta property=\"og:image\" content=\"https:\/\/concise-h2020.eu\/wp-content\/uploads\/2019\/01\/nasa-53884-unsplash-e1551104261962.jpg\" \/>\n\t<meta property=\"og:image:width\" content=\"2048\" \/>\n\t<meta property=\"og:image:height\" content=\"1363\" \/>\n\t<meta property=\"og:image:type\" content=\"image\/jpeg\" \/>\n<meta name=\"twitter:card\" content=\"summary_large_image\" \/>\n<meta name=\"twitter:site\" content=\"@ConciseEU\" \/>\n<meta name=\"twitter:label1\" content=\"Tempo estimado de leitura\" \/>\n\t<meta name=\"twitter:data1\" content=\"7 minutos\" \/>\n<script type=\"application\/ld+json\" class=\"yoast-schema-graph\">{\"@context\":\"https:\\\/\\\/schema.org\",\"@graph\":[{\"@type\":\"WebPage\",\"@id\":\"https:\\\/\\\/concise-h2020.eu\\\/pt\\\/\",\"url\":\"https:\\\/\\\/concise-h2020.eu\\\/pt\\\/\",\"name\":\"Communication role on perception and beliefs of EU Citizens about Science - Concise\",\"isPartOf\":{\"@id\":\"https:\\\/\\\/concise-h2020.eu\\\/pt\\\/#website\"},\"primaryImageOfPage\":{\"@id\":\"https:\\\/\\\/concise-h2020.eu\\\/pt\\\/#primaryimage\"},\"image\":{\"@id\":\"https:\\\/\\\/concise-h2020.eu\\\/pl\\\/#primaryimage\"},\"thumbnailUrl\":\"https:\\\/\\\/concise-h2020.eu\\\/wp-content\\\/uploads\\\/2019\\\/01\\\/nasa-53884-unsplash-e1551104261962.jpg\",\"datePublished\":\"2019-01-23T16:13:07+00:00\",\"dateModified\":\"2020-09-25T09:43:11+00:00\",\"description\":\"Concise is Horizon 2020 project which studies the role science communication plays on the origin of beliefs, perceptions and knowledge concerning scientific issues.\",\"breadcrumb\":{\"@id\":\"https:\\\/\\\/concise-h2020.eu\\\/pt\\\/#breadcrumb\"},\"inLanguage\":\"pt-PT\",\"potentialAction\":[{\"@type\":\"ReadAction\",\"target\":[[\"https:\\\/\\\/concise-h2020.eu\\\/pt\\\/\"]]}]},{\"@type\":\"ImageObject\",\"inLanguage\":\"pt-PT\",\"@id\":\"https:\\\/\\\/concise-h2020.eu\\\/pt\\\/#primaryimage\",\"url\":\"https:\\\/\\\/concise-h2020.eu\\\/wp-content\\\/uploads\\\/2019\\\/01\\\/nasa-53884-unsplash-e1551104261962.jpg\",\"contentUrl\":\"https:\\\/\\\/concise-h2020.eu\\\/wp-content\\\/uploads\\\/2019\\\/01\\\/nasa-53884-unsplash-e1551104261962.jpg\",\"width\":2048,\"height\":1363},{\"@type\":\"BreadcrumbList\",\"@id\":\"https:\\\/\\\/concise-h2020.eu\\\/pt\\\/#breadcrumb\",\"itemListElement\":[{\"@type\":\"ListItem\",\"position\":1,\"name\":\"Home\",\"item\":\"https:\\\/\\\/concise-h2020.eu\\\/pt\\\/\"},{\"@type\":\"ListItem\",\"position\":2,\"name\":\"Communication role on perception and beliefsof EU Citizens about Science\"}]},{\"@type\":\"WebSite\",\"@id\":\"https:\\\/\\\/concise-h2020.eu\\\/pt\\\/#website\",\"url\":\"https:\\\/\\\/concise-h2020.eu\\\/pt\\\/\",\"name\":\"Concise\",\"description\":\"Concise in an H2020 project, with aim to explain science communication channels.\",\"publisher\":{\"@id\":\"https:\\\/\\\/concise-h2020.eu\\\/pt\\\/#organization\"},\"potentialAction\":[{\"@type\":\"SearchAction\",\"target\":{\"@type\":\"EntryPoint\",\"urlTemplate\":\"https:\\\/\\\/concise-h2020.eu\\\/pt\\\/?s={search_term_string}\"},\"query-input\":{\"@type\":\"PropertyValueSpecification\",\"valueRequired\":true,\"valueName\":\"search_term_string\"}}],\"inLanguage\":\"pt-PT\"},{\"@type\":\"Organization\",\"@id\":\"https:\\\/\\\/concise-h2020.eu\\\/pt\\\/#organization\",\"name\":\"Concise\",\"url\":\"https:\\\/\\\/concise-h2020.eu\\\/pt\\\/\",\"logo\":{\"@type\":\"ImageObject\",\"inLanguage\":\"pt-PT\",\"@id\":\"https:\\\/\\\/concise-h2020.eu\\\/pt\\\/#\\\/schema\\\/logo\\\/image\\\/\",\"url\":\"https:\\\/\\\/concise-h2020.eu\\\/wp-content\\\/uploads\\\/2019\\\/01\\\/concise_logo_crpd.jpg\",\"contentUrl\":\"https:\\\/\\\/concise-h2020.eu\\\/wp-content\\\/uploads\\\/2019\\\/01\\\/concise_logo_crpd.jpg\",\"width\":432,\"height\":124,\"caption\":\"Concise\"},\"image\":{\"@id\":\"https:\\\/\\\/concise-h2020.eu\\\/pt\\\/#\\\/schema\\\/logo\\\/image\\\/\"},\"sameAs\":[\"https:\\\/\\\/x.com\\\/ConciseEU\"]}]}<\/script>\n<!-- \/ Yoast SEO plugin. -->","yoast_head_json":{"title":"Communication role on perception and beliefsof EU Citizens about Science - Concise","description":"Concise is Horizon 2020 project which studies the role science communication plays on the origin of beliefs, perceptions and knowledge concerning scientific issues.","robots":{"index":"index","follow":"follow","max-snippet":"max-snippet:-1","max-image-preview":"max-image-preview:large","max-video-preview":"max-video-preview:-1"},"canonical":"https:\/\/concise-h2020.eu\/pt\/","og_locale":"pt_PT","og_type":"article","og_title":"Communication role on perception and beliefsof EU Citizens about Science - Concise","og_description":"Concise is Horizon 2020 project which studies the role science communication plays on the origin of beliefs, perceptions and knowledge concerning scientific issues.","og_url":"https:\/\/concise-h2020.eu\/pt\/","og_site_name":"Concise","article_modified_time":"2020-09-25T09:43:11+00:00","og_image":[{"width":2048,"height":1363,"url":"https:\/\/concise-h2020.eu\/wp-content\/uploads\/2019\/01\/nasa-53884-unsplash-e1551104261962.jpg","type":"image\/jpeg"}],"twitter_card":"summary_large_image","twitter_site":"@ConciseEU","twitter_misc":{"Tempo estimado de leitura":"7 minutos"},"schema":{"@context":"https:\/\/schema.org","@graph":[{"@type":"WebPage","@id":"https:\/\/concise-h2020.eu\/pt\/","url":"https:\/\/concise-h2020.eu\/pt\/","name":"Communication role on perception and beliefs of EU Citizens about Science - Concise","isPartOf":{"@id":"https:\/\/concise-h2020.eu\/pt\/#website"},"primaryImageOfPage":{"@id":"https:\/\/concise-h2020.eu\/pt\/#primaryimage"},"image":{"@id":"https:\/\/concise-h2020.eu\/pl\/#primaryimage"},"thumbnailUrl":"https:\/\/concise-h2020.eu\/wp-content\/uploads\/2019\/01\/nasa-53884-unsplash-e1551104261962.jpg","datePublished":"2019-01-23T16:13:07+00:00","dateModified":"2020-09-25T09:43:11+00:00","description":"Concise is Horizon 2020 project which studies the role science communication plays on the origin of beliefs, perceptions and knowledge concerning scientific issues.","breadcrumb":{"@id":"https:\/\/concise-h2020.eu\/pt\/#breadcrumb"},"inLanguage":"pt-PT","potentialAction":[{"@type":"ReadAction","target":[["https:\/\/concise-h2020.eu\/pt\/"]]}]},{"@type":"ImageObject","inLanguage":"pt-PT","@id":"https:\/\/concise-h2020.eu\/pt\/#primaryimage","url":"https:\/\/concise-h2020.eu\/wp-content\/uploads\/2019\/01\/nasa-53884-unsplash-e1551104261962.jpg","contentUrl":"https:\/\/concise-h2020.eu\/wp-content\/uploads\/2019\/01\/nasa-53884-unsplash-e1551104261962.jpg","width":2048,"height":1363},{"@type":"BreadcrumbList","@id":"https:\/\/concise-h2020.eu\/pt\/#breadcrumb","itemListElement":[{"@type":"ListItem","position":1,"name":"Home","item":"https:\/\/concise-h2020.eu\/pt\/"},{"@type":"ListItem","position":2,"name":"Communication role on perception and beliefsof EU Citizens about Science"}]},{"@type":"WebSite","@id":"https:\/\/concise-h2020.eu\/pt\/#website","url":"https:\/\/concise-h2020.eu\/pt\/","name":"Concise","description":"Concise in an H2020 project, with aim to explain science communication channels.","publisher":{"@id":"https:\/\/concise-h2020.eu\/pt\/#organization"},"potentialAction":[{"@type":"SearchAction","target":{"@type":"EntryPoint","urlTemplate":"https:\/\/concise-h2020.eu\/pt\/?s={search_term_string}"},"query-input":{"@type":"PropertyValueSpecification","valueRequired":true,"valueName":"search_term_string"}}],"inLanguage":"pt-PT"},{"@type":"Organization","@id":"https:\/\/concise-h2020.eu\/pt\/#organization","name":"Concise","url":"https:\/\/concise-h2020.eu\/pt\/","logo":{"@type":"ImageObject","inLanguage":"pt-PT","@id":"https:\/\/concise-h2020.eu\/pt\/#\/schema\/logo\/image\/","url":"https:\/\/concise-h2020.eu\/wp-content\/uploads\/2019\/01\/concise_logo_crpd.jpg","contentUrl":"https:\/\/concise-h2020.eu\/wp-content\/uploads\/2019\/01\/concise_logo_crpd.jpg","width":432,"height":124,"caption":"Concise"},"image":{"@id":"https:\/\/concise-h2020.eu\/pt\/#\/schema\/logo\/image\/"},"sameAs":["https:\/\/x.com\/ConciseEU"]}]}},"_links":{"self":[{"href":"https:\/\/concise-h2020.eu\/pt\/wp-json\/wp\/v2\/pages\/2","targetHints":{"allow":["GET"]}}],"collection":[{"href":"https:\/\/concise-h2020.eu\/pt\/wp-json\/wp\/v2\/pages"}],"about":[{"href":"https:\/\/concise-h2020.eu\/pt\/wp-json\/wp\/v2\/types\/page"}],"author":[{"embeddable":true,"href":"https:\/\/concise-h2020.eu\/pt\/wp-json\/wp\/v2\/users\/1"}],"replies":[{"embeddable":true,"href":"https:\/\/concise-h2020.eu\/pt\/wp-json\/wp\/v2\/comments?post=2"}],"version-history":[{"count":0,"href":"https:\/\/concise-h2020.eu\/pt\/wp-json\/wp\/v2\/pages\/2\/revisions"}],"wp:featuredmedia":[{"embeddable":true,"href":"https:\/\/concise-h2020.eu\/pt\/wp-json\/wp\/v2\/media\/104"}],"wp:attachment":[{"href":"https:\/\/concise-h2020.eu\/pt\/wp-json\/wp\/v2\/media?parent=2"}],"curies":[{"name":"wp","href":"https:\/\/api.w.org\/{rel}","templated":true}]}}