{"id":1014,"date":"2020-09-14T10:56:19","date_gmt":"2020-09-14T10:56:19","guid":{"rendered":"https:\/\/concise-h2020.eu\/?page_id=1014"},"modified":"2021-05-22T07:55:58","modified_gmt":"2021-05-22T07:55:58","slug":"reports","status":"publish","type":"page","link":"https:\/\/concise-h2020.eu\/sk\/reports\/","title":{"rendered":"Reports"},"content":{"rendered":"<div class=\"row\">\n<div class=\"col-md-6\">\n<h2 class=\"concise-header\">WP1: Reviewing and evaluating of the existing structural hurdles and teaching practices of science communication in the EU<\/h2>\n<p><span class=\"concise-wp-leader\">WP Leader: Universitat Pompeu Fabra<\/span><\/p>\n<p>D.1.1 Hurdles and incentives to science communication in Europe: Preliminary Report<\/p>\n<p>D.1.2 Guidelines for WP2 public consultations<\/p>\n<p><a href=\"https:\/\/concise-h2020.eu\/wp-content\/uploads\/2020\/09\/D1.3_Hurdles-and-incentives-to-science-communication-in-Europe.pdf\" target=\"_blank\" rel=\"noopener noreferrer\">D1.3. Hurdles and incentives to science communication in Europe: Final Report<\/a><\/p>\n<p><a href=\"https:\/\/concise-h2020.eu\/wp-content\/uploads\/2020\/09\/D1.4_Teaching-science-communication-in-Europe.pdf\" target=\"_blank\" rel=\"noopener noreferrer\">D1.4. Teaching science communication in Europe<\/a><\/p>\n<p><a href=\"https:\/\/concise-h2020.eu\/wp-content\/uploads\/2020\/09\/D1.5_Database-of-inspiring-practices-and-recommendations-on-engaging-scientists-and-communicators-with-science-communication.pdf\" target=\"_blank\" rel=\"noopener noreferrer\">D1.5 Database of inspiring practices and recommendations on engaging scientists and communicators with science communication<\/a><\/p>\n<\/div>\n<div class=\"col-md-6\">\n<h2 class=\"concise-header\">WP2: Citizen public consultation<\/h2>\n<p><span class=\"concise-wp-leader\">WP Leader: University of \u0141\u00f3d\u017a<\/span><\/p>\n<p>D.2.1 Report from individual public consultation in Valencia (Spain) describing the research conducted, the methods used to collect data and the participants involved and will be fed to WP3 for analysis<br \/>\nD.2.2 Report from individual public consultations in Vicenza (Italy)<br \/>\nD.2.3 Report from individual public consultations in Lodz (Poland)<br \/>\nD.2.4 Report from individual public consultations in Trnava (Slovakia)<br \/>\nD.2.5 Report from individual public consultations in Lisbon (Portugal)<\/p>\n<p><a href=\"https:\/\/concise-h2020.eu\/wp-content\/uploads\/2020\/09\/D2.6_Video-from-public-consultation-in-Valencia-Spain.pdf\" target=\"_blank\" rel=\"noopener noreferrer\">D2.6 Video from public consultation in Valencia (Spain)<\/a><\/p>\n<p><a href=\"https:\/\/concise-h2020.eu\/wp-content\/uploads\/2020\/09\/D2.7_Video-from-public-consultation-in-Vicenza-Italy.pdf\" target=\"_blank\" rel=\"noopener noreferrer\">D2.7 Video from public consultation in Vicenza (Italy)<\/a><\/p>\n<p><a href=\"https:\/\/concise-h2020.eu\/wp-content\/uploads\/2020\/09\/D2.8_Video-from-public-consultation-in-Lodz-Poland.pdf\" target=\"_blank\" rel=\"noopener noreferrer\">D2.8 Video from public consultation in \u0141o\u0301dz\u0301 (Poland)<\/a><\/p>\n<p><a href=\"https:\/\/concise-h2020.eu\/wp-content\/uploads\/2020\/09\/D2.9-Video-from-public-consultation-in-Trnava-Slovakia.pdf\" target=\"_blank\" rel=\"noopener noreferrer\">D2.9 Video from public consultation in Trnava (Slovakia)<\/a><\/p>\n<p><a href=\"https:\/\/concise-h2020.eu\/wp-content\/uploads\/2020\/09\/D2.10-Video-from-public-consultation-in-Lisbon-Portugal.pdf\" target=\"_blank\" rel=\"noopener noreferrer\">D2.10 Video from public consultation in Lisbon (Portugal)<\/a><\/p>\n<\/div>\n<\/div>\n<div class=\"row\">\n<div class=\"col-md-6\">\n<h2 class=\"concise-header\">WP3: Data analysis and indicator development<\/h2>\n<p><span class=\"concise-wp-leader\">WP Leader: Observa<\/span><\/p>\n<p>D3.1. Concepts definition, logical framework<\/p>\n<p>D3.2. Analysis report<\/p>\n<\/div>\n<div class=\"col-md-6\">\n<h2 class=\"concise-header\">WP4: Dissemination and communication<\/h2>\n<p><span class=\"concise-wp-leader\">WP Leader: ICS<\/span><\/p>\n<p>D4.1: Communication and dissemination plan<\/p>\n<p><a href=\"https:\/\/concise-h2020.eu\/wp-content\/uploads\/2020\/09\/D4.2_project-website.pdf\" target=\"_blank\" rel=\"noopener noreferrer\">D4.2. Project website<\/a><\/p>\n<p><a href=\"https:\/\/concise-h2020.eu\/wp-content\/uploads\/2020\/09\/D4.3_social-media-accounts.pdf\" target=\"_blank\" rel=\"noopener noreferrer\">D4.3. Social media accounts<\/a><\/p>\n<p>D4.4: Social Media crisis action plan<\/p>\n<p><a href=\"https:\/\/concise-h2020.eu\/wp-content\/uploads\/2021\/03\/CONCISE_policy_brief_ES-v2.pdf\">D4.5: Policy brief Spanish<\/a><\/p>\n<p><a href=\"https:\/\/concise-h2020.eu\/wp-content\/uploads\/2020\/11\/Concise_Public_Consultation_Book_web2.pdf\">D4.6: Journal article 1<\/a><\/p>\n<p><a href=\"https:\/\/concise-h2020.eu\/wp-content\/uploads\/2020\/09\/D4.7_events.pdf\" target=\"_blank\" rel=\"noopener noreferrer\">D4.7. First-year events<\/a><\/p>\n<p><a href=\"https:\/\/concise-h2020.eu\/wp-content\/uploads\/2020\/09\/D4.8_Events-update.pdf\" target=\"_blank\" rel=\"noopener noreferrer\">D4.8. Second-year events update<\/a><\/p>\n<p><a href=\"https:\/\/concise-h2020.eu\/wp-content\/uploads\/2020\/11\/CONCISE_policy_brief_PT.pdf\" target=\"_blank\" rel=\"noopener noreferrer\">D4.9 Policy brief Portuguese<\/a><\/p>\n<p><a href=\"https:\/\/concise-h2020.eu\/wp-content\/uploads\/2020\/11\/CONCISE_policy_brief_IT.pdf\" target=\"_blank\" rel=\"noopener noreferrer\">D4.10 Policy brief Italian<\/a><\/p>\n<p><a href=\"https:\/\/concise-h2020.eu\/wp-content\/uploads\/2020\/11\/CONCISE_policy_brief_SK.pdf\" target=\"_blank\" rel=\"noopener noreferrer\">D4.11 Policy brief Slovak<\/a><\/p>\n<p><a href=\"https:\/\/concise-h2020.eu\/wp-content\/uploads\/2020\/11\/CONCISE_policy_brief_PL.pdf\" target=\"_blank\" rel=\"noopener noreferrer\">D4.12 Policy brief Polish<\/a><\/p>\n<p><a href=\"https:\/\/concise-h2020.eu\/wp-content\/uploads\/2020\/12\/CONCISE_policy_brief_EN.pdf\" target=\"_blank\" rel=\"noopener noreferrer\">D4.13 Policy brief English<\/a><\/p>\n<p><a href=\"https:\/\/concise-h2020.eu\/wp-content\/uploads\/2021\/05\/J2-Metode-SSJ-12-online-first-17510-Delicado-et-al.pdf\" target=\"_blank\" rel=\"noopener noreferrer\">D4.14 Journal article 2<\/a><\/p>\n<p><a href=\"https:\/\/concise-h2020.eu\/wp-content\/uploads\/2021\/05\/J3-JCOM_2003_2021_A08.pdf\" target=\"_blank\" rel=\"noopener noreferrer\">D4.15 Journal article 3<\/a><\/p>\n<p><a href=\"https:\/\/concise-h2020.eu\/wp-content\/uploads\/2021\/05\/J4-JCOM_2003_2021_A10.pdf\" target=\"_blank\" rel=\"noopener noreferrer\">D4.16 Journal article 4<\/a><\/p>\n<p><a href=\"https:\/\/concise-h2020.eu\/wp-content\/uploads\/2021\/05\/J5.-JCOM_2003_2021_A09.pdf\" target=\"_blank\" rel=\"noopener noreferrer\">D4.17 Journal article 5<\/a><\/p>\n<\/div>\n<\/div>\n<div class=\"row\">\n<div class=\"col-md-6\">\n<h2 class=\"concise-header\">WP5: Management<\/h2>\n<p><span class=\"concise-wp-leader\">WP Leader: University of Valencia<\/span><\/p>\n<p>D5.1 Project operational and monitoring plan<\/p>\n<p>D5.2 Web based collaborative platform<\/p>\n<p>D5.3 Data management plan<\/p>\n<\/div>\n<div class=\"col-md-6\"><\/div>\n<\/div>\n","protected":false},"excerpt":{"rendered":"<p>WP1: Reviewing and evaluating of the existing structural hurdles and teaching practices of science communication in the EU WP Leader: Universitat Pompeu Fabra D.1.1 Hurdles and incentives to science communication &#8230;<\/p>\n","protected":false},"author":2,"featured_media":0,"parent":0,"menu_order":0,"comment_status":"closed","ping_status":"closed","template":"","meta":{"footnotes":""},"class_list":["post-1014","page","type-page","status-publish","hentry"],"yoast_head":"<!-- This site is optimized with the Yoast SEO plugin v27.3 - https:\/\/yoast.com\/product\/yoast-seo-wordpress\/ -->\n<title>Reports - Concise<\/title>\n<meta name=\"robots\" content=\"index, follow, max-snippet:-1, max-image-preview:large, max-video-preview:-1\" \/>\n<link rel=\"canonical\" href=\"https:\/\/concise-h2020.eu\/sk\/reports\/\" \/>\n<meta property=\"og:locale\" content=\"sk_SK\" \/>\n<meta property=\"og:type\" content=\"article\" \/>\n<meta property=\"og:title\" content=\"Reports - Concise\" \/>\n<meta property=\"og:description\" content=\"WP1: Reviewing and evaluating of the existing structural hurdles and teaching practices of science communication in the EU WP Leader: Universitat Pompeu Fabra D.1.1 Hurdles and incentives to science communication ...\" \/>\n<meta property=\"og:url\" content=\"https:\/\/concise-h2020.eu\/sk\/reports\/\" \/>\n<meta property=\"og:site_name\" content=\"Concise\" \/>\n<meta property=\"article:modified_time\" content=\"2021-05-22T07:55:58+00:00\" \/>\n<meta name=\"twitter:card\" content=\"summary_large_image\" \/>\n<meta name=\"twitter:site\" content=\"@ConciseEU\" \/>\n<meta name=\"twitter:label1\" content=\"Predpokladan\u00fd \u010das \u010d\u00edtania\" \/>\n\t<meta name=\"twitter:data1\" content=\"1 min\u00fata\" \/>\n<script type=\"application\/ld+json\" class=\"yoast-schema-graph\">{\"@context\":\"https:\\\/\\\/schema.org\",\"@graph\":[{\"@type\":\"WebPage\",\"@id\":\"https:\\\/\\\/concise-h2020.eu\\\/sk\\\/reports\\\/\",\"url\":\"https:\\\/\\\/concise-h2020.eu\\\/sk\\\/reports\\\/\",\"name\":\"Reports - Concise\",\"isPartOf\":{\"@id\":\"https:\\\/\\\/concise-h2020.eu\\\/sk\\\/#website\"},\"datePublished\":\"2020-09-14T10:56:19+00:00\",\"dateModified\":\"2021-05-22T07:55:58+00:00\",\"breadcrumb\":{\"@id\":\"https:\\\/\\\/concise-h2020.eu\\\/sk\\\/reports\\\/#breadcrumb\"},\"inLanguage\":\"sk-SK\",\"potentialAction\":[{\"@type\":\"ReadAction\",\"target\":[[\"https:\\\/\\\/concise-h2020.eu\\\/sk\\\/reports\\\/\"]]}]},{\"@type\":\"BreadcrumbList\",\"@id\":\"https:\\\/\\\/concise-h2020.eu\\\/sk\\\/reports\\\/#breadcrumb\",\"itemListElement\":[{\"@type\":\"ListItem\",\"position\":1,\"name\":\"Home\",\"item\":\"https:\\\/\\\/concise-h2020.eu\\\/sk\\\/\"},{\"@type\":\"ListItem\",\"position\":2,\"name\":\"Reports\"}]},{\"@type\":\"WebSite\",\"@id\":\"https:\\\/\\\/concise-h2020.eu\\\/sk\\\/#website\",\"url\":\"https:\\\/\\\/concise-h2020.eu\\\/sk\\\/\",\"name\":\"Concise\",\"description\":\"Concise in an H2020 project, with aim to explain science communication channels.\",\"publisher\":{\"@id\":\"https:\\\/\\\/concise-h2020.eu\\\/sk\\\/#organization\"},\"potentialAction\":[{\"@type\":\"SearchAction\",\"target\":{\"@type\":\"EntryPoint\",\"urlTemplate\":\"https:\\\/\\\/concise-h2020.eu\\\/sk\\\/?s={search_term_string}\"},\"query-input\":{\"@type\":\"PropertyValueSpecification\",\"valueRequired\":true,\"valueName\":\"search_term_string\"}}],\"inLanguage\":\"sk-SK\"},{\"@type\":\"Organization\",\"@id\":\"https:\\\/\\\/concise-h2020.eu\\\/sk\\\/#organization\",\"name\":\"Concise\",\"url\":\"https:\\\/\\\/concise-h2020.eu\\\/sk\\\/\",\"logo\":{\"@type\":\"ImageObject\",\"inLanguage\":\"sk-SK\",\"@id\":\"https:\\\/\\\/concise-h2020.eu\\\/sk\\\/#\\\/schema\\\/logo\\\/image\\\/\",\"url\":\"https:\\\/\\\/concise-h2020.eu\\\/wp-content\\\/uploads\\\/2019\\\/01\\\/concise_logo_crpd.jpg\",\"contentUrl\":\"https:\\\/\\\/concise-h2020.eu\\\/wp-content\\\/uploads\\\/2019\\\/01\\\/concise_logo_crpd.jpg\",\"width\":432,\"height\":124,\"caption\":\"Concise\"},\"image\":{\"@id\":\"https:\\\/\\\/concise-h2020.eu\\\/sk\\\/#\\\/schema\\\/logo\\\/image\\\/\"},\"sameAs\":[\"https:\\\/\\\/x.com\\\/ConciseEU\"]}]}<\/script>\n<!-- \/ Yoast SEO plugin. -->","yoast_head_json":{"title":"Reports - Concise","robots":{"index":"index","follow":"follow","max-snippet":"max-snippet:-1","max-image-preview":"max-image-preview:large","max-video-preview":"max-video-preview:-1"},"canonical":"https:\/\/concise-h2020.eu\/sk\/reports\/","og_locale":"sk_SK","og_type":"article","og_title":"Reports - Concise","og_description":"WP1: Reviewing and evaluating of the existing structural hurdles and teaching practices of science communication in the EU WP Leader: Universitat Pompeu Fabra D.1.1 Hurdles and incentives to science communication ...","og_url":"https:\/\/concise-h2020.eu\/sk\/reports\/","og_site_name":"Concise","article_modified_time":"2021-05-22T07:55:58+00:00","twitter_card":"summary_large_image","twitter_site":"@ConciseEU","twitter_misc":{"Predpokladan\u00fd \u010das \u010d\u00edtania":"1 min\u00fata"},"schema":{"@context":"https:\/\/schema.org","@graph":[{"@type":"WebPage","@id":"https:\/\/concise-h2020.eu\/sk\/reports\/","url":"https:\/\/concise-h2020.eu\/sk\/reports\/","name":"Reports - Concise","isPartOf":{"@id":"https:\/\/concise-h2020.eu\/sk\/#website"},"datePublished":"2020-09-14T10:56:19+00:00","dateModified":"2021-05-22T07:55:58+00:00","breadcrumb":{"@id":"https:\/\/concise-h2020.eu\/sk\/reports\/#breadcrumb"},"inLanguage":"sk-SK","potentialAction":[{"@type":"ReadAction","target":[["https:\/\/concise-h2020.eu\/sk\/reports\/"]]}]},{"@type":"BreadcrumbList","@id":"https:\/\/concise-h2020.eu\/sk\/reports\/#breadcrumb","itemListElement":[{"@type":"ListItem","position":1,"name":"Home","item":"https:\/\/concise-h2020.eu\/sk\/"},{"@type":"ListItem","position":2,"name":"Reports"}]},{"@type":"WebSite","@id":"https:\/\/concise-h2020.eu\/sk\/#website","url":"https:\/\/concise-h2020.eu\/sk\/","name":"Concise","description":"Concise in an H2020 project, with aim to explain science communication channels.","publisher":{"@id":"https:\/\/concise-h2020.eu\/sk\/#organization"},"potentialAction":[{"@type":"SearchAction","target":{"@type":"EntryPoint","urlTemplate":"https:\/\/concise-h2020.eu\/sk\/?s={search_term_string}"},"query-input":{"@type":"PropertyValueSpecification","valueRequired":true,"valueName":"search_term_string"}}],"inLanguage":"sk-SK"},{"@type":"Organization","@id":"https:\/\/concise-h2020.eu\/sk\/#organization","name":"Concise","url":"https:\/\/concise-h2020.eu\/sk\/","logo":{"@type":"ImageObject","inLanguage":"sk-SK","@id":"https:\/\/concise-h2020.eu\/sk\/#\/schema\/logo\/image\/","url":"https:\/\/concise-h2020.eu\/wp-content\/uploads\/2019\/01\/concise_logo_crpd.jpg","contentUrl":"https:\/\/concise-h2020.eu\/wp-content\/uploads\/2019\/01\/concise_logo_crpd.jpg","width":432,"height":124,"caption":"Concise"},"image":{"@id":"https:\/\/concise-h2020.eu\/sk\/#\/schema\/logo\/image\/"},"sameAs":["https:\/\/x.com\/ConciseEU"]}]}},"_links":{"self":[{"href":"https:\/\/concise-h2020.eu\/sk\/wp-json\/wp\/v2\/pages\/1014","targetHints":{"allow":["GET"]}}],"collection":[{"href":"https:\/\/concise-h2020.eu\/sk\/wp-json\/wp\/v2\/pages"}],"about":[{"href":"https:\/\/concise-h2020.eu\/sk\/wp-json\/wp\/v2\/types\/page"}],"author":[{"embeddable":true,"href":"https:\/\/concise-h2020.eu\/sk\/wp-json\/wp\/v2\/users\/2"}],"replies":[{"embeddable":true,"href":"https:\/\/concise-h2020.eu\/sk\/wp-json\/wp\/v2\/comments?post=1014"}],"version-history":[{"count":0,"href":"https:\/\/concise-h2020.eu\/sk\/wp-json\/wp\/v2\/pages\/1014\/revisions"}],"wp:attachment":[{"href":"https:\/\/concise-h2020.eu\/sk\/wp-json\/wp\/v2\/media?parent=1014"}],"curies":[{"name":"wp","href":"https:\/\/api.w.org\/{rel}","templated":true}]}}