{"id":1309,"date":"2021-01-17T16:39:20","date_gmt":"2021-01-17T16:39:20","guid":{"rendered":"https:\/\/concise-h2020.eu\/?page_id=1309"},"modified":"2021-01-27T13:55:40","modified_gmt":"2021-01-27T13:55:40","slug":"final-online-seminar","status":"publish","type":"page","link":"https:\/\/concise-h2020.eu\/sk\/final-online-seminar\/","title":{"rendered":"Final online seminar"},"content":{"rendered":"<p class=\"qtranxs-available-languages-message qtranxs-available-languages-message-sk\">\u013dutujeme, t\u00e1to str\u00e1nka je dostupn\u00e1 len v <a href=\"https:\/\/concise-h2020.eu\/en\/wp-json\/wp\/v2\/pages\/1309\" class=\"qtranxs-available-language-link qtranxs-available-language-link-en\" title=\"English\">English<\/a>.<\/p><p><strong>CONCISE online seminar &#8211; Path of trust for better science communication<\/strong><\/p>\n<p>On the <strong>22<sup>nd<\/sup> of January 2021, from 17.00h to 19.00h CET<\/strong>, CONCISE held an <strong>online seminar<\/strong> titled <strong><em>Path of trust for better science communication<\/em><\/strong><em>.<\/em><\/p>\n<p>At the end of our two-year project, this seminar aimed to share the research findings derived from the public consultations CONCISE carried out in five European countries, as well as presenting evidence-based recommendations to help promote quality science communication.<\/p>\n<p style=\"text-align: center;\"><strong>Seminar agenda &#8211; <\/strong><em>Path of trust for better science communication<\/em><\/p>\n<table width=\"0\">\n<tbody>\n<tr>\n<td width=\"159\"><strong>17.00 h<\/strong><\/td>\n<td width=\"484\"><strong>Welcome and moderation<\/strong><\/p>\n<p>Ana Delicado (CONCISE Communication &amp; Dissemination leader)<\/td>\n<\/tr>\n<tr>\n<td width=\"159\"><strong>17.05 h<\/strong><\/td>\n<td width=\"484\"><strong>Introduction: methodology of the CONCISE public consultations<\/strong><\/p>\n<p>Carolina Moreno (University of Valencia, CONCISE Coordinator)<\/td>\n<\/tr>\n<tr>\n<td width=\"159\"><strong>17.15 h<\/strong><\/td>\n<td width=\"484\"><strong>Presentations (10 min each)<\/strong><\/p>\n<ul>\n<li>Reliability of sources. Findings from public consultation in Poland<br \/>\nUniversity of Lodz (Poland)<\/li>\n<li><strong>Social networks as a source of science news<br \/>\n<\/strong>University of Valencia (Spain)<\/li>\n<li><strong>Media and science communication in Slovakia<\/strong><br \/>\nTrnava University (Slovakia)<\/li>\n<li><strong>Trust and mistrust in science communication<br \/>\n<\/strong>Observa (Italy)<\/li>\n<li><strong>Between deficit and engagement: suggestions to improve science communication in Portugal<br \/>\n<\/strong>ICS \u2013 University of Lisbon (Portugal)<\/li>\n<li><strong>Hurdles and incentives to engage in public science communication<br \/>\n<\/strong>Pompeu Fabra University (Spain)<\/li>\n<\/ul>\n<p><strong>Discussant: <\/strong>Dominique Brossard<\/td>\n<\/tr>\n<tr>\n<td width=\"159\"><strong>18:30 h<\/strong><\/td>\n<td width=\"484\"><strong>Open discussion &amp; feedback<\/strong><\/td>\n<\/tr>\n<tr>\n<td width=\"159\"><strong>19:00 h<\/strong><\/td>\n<td width=\"484\"><strong>Closing <\/strong><\/td>\n<\/tr>\n<\/tbody>\n<\/table>\n<p><strong>Presentations (PDF format)<\/strong><\/p>\n<p><a href=\"https:\/\/concise-h2020.eu\/wp-content\/uploads\/2021\/01\/CONCISE-Online-Conference-Methodology-CMC.pdf\" target=\"_blank\" rel=\"noopener\">Introduction: methodology of the CONCISE public consultations<\/a><\/p>\n<p><a href=\"https:\/\/concise-h2020.eu\/wp-content\/uploads\/2021\/01\/Reliabiliy-of-sources_PL-seminar-presentation.pdf\" target=\"_blank\" rel=\"noopener\">Reliability of sources. Findings from public consultation in Poland<\/a><\/p>\n<p><a href=\"https:\/\/concise-h2020.eu\/wp-content\/uploads\/2021\/01\/UVEG_3.-Social-networks-as-a-source-of-science-news.pdf\" target=\"_blank\" rel=\"noopener\">Social networks as a source of science information<\/a><\/p>\n<p><a href=\"https:\/\/concise-h2020.eu\/wp-content\/uploads\/2021\/01\/Reliabiliy-of-sources_PL-seminar-presentation.pdf\" target=\"_blank\" rel=\"noopener\">Media and science communication in Slovakia<\/a><\/p>\n<p><a href=\"https:\/\/concise-h2020.eu\/wp-content\/uploads\/2021\/01\/Concise_ObservaGP_Jan_22_2021.pdf\" target=\"_blank\" rel=\"noopener\">Trust and mistrust in science communication<\/a><\/p>\n<p><a href=\"https:\/\/concise-h2020.eu\/wp-content\/uploads\/2021\/01\/CONCISE-Online-Final-Conference_PT.pdf\" target=\"_blank\" rel=\"noopener\">Between deficit and engagement: suggestions to improve science communication in Portugal<\/a><\/p>\n<p><a href=\"https:\/\/concise-h2020.eu\/wp-content\/uploads\/2021\/01\/CONCISE_Final-event-UPF_OK.pdf\" target=\"_blank\" rel=\"noopener\">Hurdles and incentives to engage in public science communication<\/a><\/p>\n<p><strong>View the recording of the event <a href=\"https:\/\/youtube.com\/playlist?list=PLzprwh0yePS7qwXhMayCPJMEdhmcJWLE4\" target=\"_blank\" rel=\"noopener\">here<\/a><\/strong><\/p>","protected":false},"excerpt":{"rendered":"<p>\u013dutujeme, t\u00e1to str\u00e1nka je dostupn\u00e1 len v English.CONCISE online seminar &#8211; Path of trust for better science communication On the 22nd of January 2021, from 17.00h to 19.00h CET, CONCISE &#8230;<\/p>\n","protected":false},"author":2,"featured_media":0,"parent":0,"menu_order":0,"comment_status":"closed","ping_status":"closed","template":"","meta":{"footnotes":""},"class_list":["post-1309","page","type-page","status-publish","hentry"],"yoast_head":"<!-- This site is optimized with the Yoast SEO plugin v27.4 - https:\/\/yoast.com\/product\/yoast-seo-wordpress\/ -->\n<title>Final online seminar - Concise<\/title>\n<meta name=\"robots\" content=\"index, follow, max-snippet:-1, max-image-preview:large, max-video-preview:-1\" \/>\n<link rel=\"canonical\" href=\"https:\/\/concise-h2020.eu\/sk\/final-online-seminar\/\" \/>\n<meta property=\"og:locale\" content=\"sk_SK\" \/>\n<meta property=\"og:type\" content=\"article\" \/>\n<meta property=\"og:title\" content=\"Final online seminar - Concise\" \/>\n<meta property=\"og:description\" content=\"\u013dutujeme, t\u00e1to str\u00e1nka je dostupn\u00e1 len v English.CONCISE online seminar &#8211; Path of trust for better science communication On the 22nd of January 2021, from 17.00h to 19.00h CET, CONCISE ...\" \/>\n<meta property=\"og:url\" content=\"https:\/\/concise-h2020.eu\/sk\/final-online-seminar\/\" \/>\n<meta property=\"og:site_name\" content=\"Concise\" \/>\n<meta property=\"article:modified_time\" content=\"2021-01-27T13:55:40+00:00\" \/>\n<meta name=\"twitter:card\" content=\"summary_large_image\" \/>\n<meta name=\"twitter:site\" content=\"@ConciseEU\" \/>\n<meta name=\"twitter:label1\" content=\"Predpokladan\u00fd \u010das \u010d\u00edtania\" \/>\n\t<meta name=\"twitter:data1\" content=\"2 min\u00faty\" \/>\n<script type=\"application\/ld+json\" class=\"yoast-schema-graph\">{\"@context\":\"https:\\\/\\\/schema.org\",\"@graph\":[{\"@type\":\"WebPage\",\"@id\":\"https:\\\/\\\/concise-h2020.eu\\\/sk\\\/final-online-seminar\\\/\",\"url\":\"https:\\\/\\\/concise-h2020.eu\\\/sk\\\/final-online-seminar\\\/\",\"name\":\"Final online seminar - Concise\",\"isPartOf\":{\"@id\":\"https:\\\/\\\/concise-h2020.eu\\\/sk\\\/#website\"},\"datePublished\":\"2021-01-17T16:39:20+00:00\",\"dateModified\":\"2021-01-27T13:55:40+00:00\",\"breadcrumb\":{\"@id\":\"https:\\\/\\\/concise-h2020.eu\\\/sk\\\/final-online-seminar\\\/#breadcrumb\"},\"inLanguage\":\"sk-SK\",\"potentialAction\":[{\"@type\":\"ReadAction\",\"target\":[[\"https:\\\/\\\/concise-h2020.eu\\\/sk\\\/final-online-seminar\\\/\"]]}]},{\"@type\":\"BreadcrumbList\",\"@id\":\"https:\\\/\\\/concise-h2020.eu\\\/sk\\\/final-online-seminar\\\/#breadcrumb\",\"itemListElement\":[{\"@type\":\"ListItem\",\"position\":1,\"name\":\"Home\",\"item\":\"https:\\\/\\\/concise-h2020.eu\\\/sk\\\/\"},{\"@type\":\"ListItem\",\"position\":2,\"name\":\"Final online seminar\"}]},{\"@type\":\"WebSite\",\"@id\":\"https:\\\/\\\/concise-h2020.eu\\\/sk\\\/#website\",\"url\":\"https:\\\/\\\/concise-h2020.eu\\\/sk\\\/\",\"name\":\"Concise\",\"description\":\"Concise in an H2020 project, with aim to explain science communication channels.\",\"publisher\":{\"@id\":\"https:\\\/\\\/concise-h2020.eu\\\/sk\\\/#organization\"},\"potentialAction\":[{\"@type\":\"SearchAction\",\"target\":{\"@type\":\"EntryPoint\",\"urlTemplate\":\"https:\\\/\\\/concise-h2020.eu\\\/sk\\\/?s={search_term_string}\"},\"query-input\":{\"@type\":\"PropertyValueSpecification\",\"valueRequired\":true,\"valueName\":\"search_term_string\"}}],\"inLanguage\":\"sk-SK\"},{\"@type\":\"Organization\",\"@id\":\"https:\\\/\\\/concise-h2020.eu\\\/sk\\\/#organization\",\"name\":\"Concise\",\"url\":\"https:\\\/\\\/concise-h2020.eu\\\/sk\\\/\",\"logo\":{\"@type\":\"ImageObject\",\"inLanguage\":\"sk-SK\",\"@id\":\"https:\\\/\\\/concise-h2020.eu\\\/sk\\\/#\\\/schema\\\/logo\\\/image\\\/\",\"url\":\"https:\\\/\\\/concise-h2020.eu\\\/wp-content\\\/uploads\\\/2019\\\/01\\\/concise_logo_crpd.jpg\",\"contentUrl\":\"https:\\\/\\\/concise-h2020.eu\\\/wp-content\\\/uploads\\\/2019\\\/01\\\/concise_logo_crpd.jpg\",\"width\":432,\"height\":124,\"caption\":\"Concise\"},\"image\":{\"@id\":\"https:\\\/\\\/concise-h2020.eu\\\/sk\\\/#\\\/schema\\\/logo\\\/image\\\/\"},\"sameAs\":[\"https:\\\/\\\/x.com\\\/ConciseEU\"]}]}<\/script>\n<!-- \/ Yoast SEO plugin. -->","yoast_head_json":{"title":"Final online seminar - Concise","robots":{"index":"index","follow":"follow","max-snippet":"max-snippet:-1","max-image-preview":"max-image-preview:large","max-video-preview":"max-video-preview:-1"},"canonical":"https:\/\/concise-h2020.eu\/sk\/final-online-seminar\/","og_locale":"sk_SK","og_type":"article","og_title":"Final online seminar - Concise","og_description":"\u013dutujeme, t\u00e1to str\u00e1nka je dostupn\u00e1 len v English.CONCISE online seminar &#8211; Path of trust for better science communication On the 22nd of January 2021, from 17.00h to 19.00h CET, CONCISE ...","og_url":"https:\/\/concise-h2020.eu\/sk\/final-online-seminar\/","og_site_name":"Concise","article_modified_time":"2021-01-27T13:55:40+00:00","twitter_card":"summary_large_image","twitter_site":"@ConciseEU","twitter_misc":{"Predpokladan\u00fd \u010das \u010d\u00edtania":"2 min\u00faty"},"schema":{"@context":"https:\/\/schema.org","@graph":[{"@type":"WebPage","@id":"https:\/\/concise-h2020.eu\/sk\/final-online-seminar\/","url":"https:\/\/concise-h2020.eu\/sk\/final-online-seminar\/","name":"Final online seminar - Concise","isPartOf":{"@id":"https:\/\/concise-h2020.eu\/sk\/#website"},"datePublished":"2021-01-17T16:39:20+00:00","dateModified":"2021-01-27T13:55:40+00:00","breadcrumb":{"@id":"https:\/\/concise-h2020.eu\/sk\/final-online-seminar\/#breadcrumb"},"inLanguage":"sk-SK","potentialAction":[{"@type":"ReadAction","target":[["https:\/\/concise-h2020.eu\/sk\/final-online-seminar\/"]]}]},{"@type":"BreadcrumbList","@id":"https:\/\/concise-h2020.eu\/sk\/final-online-seminar\/#breadcrumb","itemListElement":[{"@type":"ListItem","position":1,"name":"Home","item":"https:\/\/concise-h2020.eu\/sk\/"},{"@type":"ListItem","position":2,"name":"Final online seminar"}]},{"@type":"WebSite","@id":"https:\/\/concise-h2020.eu\/sk\/#website","url":"https:\/\/concise-h2020.eu\/sk\/","name":"Concise","description":"Concise in an H2020 project, with aim to explain science communication channels.","publisher":{"@id":"https:\/\/concise-h2020.eu\/sk\/#organization"},"potentialAction":[{"@type":"SearchAction","target":{"@type":"EntryPoint","urlTemplate":"https:\/\/concise-h2020.eu\/sk\/?s={search_term_string}"},"query-input":{"@type":"PropertyValueSpecification","valueRequired":true,"valueName":"search_term_string"}}],"inLanguage":"sk-SK"},{"@type":"Organization","@id":"https:\/\/concise-h2020.eu\/sk\/#organization","name":"Concise","url":"https:\/\/concise-h2020.eu\/sk\/","logo":{"@type":"ImageObject","inLanguage":"sk-SK","@id":"https:\/\/concise-h2020.eu\/sk\/#\/schema\/logo\/image\/","url":"https:\/\/concise-h2020.eu\/wp-content\/uploads\/2019\/01\/concise_logo_crpd.jpg","contentUrl":"https:\/\/concise-h2020.eu\/wp-content\/uploads\/2019\/01\/concise_logo_crpd.jpg","width":432,"height":124,"caption":"Concise"},"image":{"@id":"https:\/\/concise-h2020.eu\/sk\/#\/schema\/logo\/image\/"},"sameAs":["https:\/\/x.com\/ConciseEU"]}]}},"_links":{"self":[{"href":"https:\/\/concise-h2020.eu\/sk\/wp-json\/wp\/v2\/pages\/1309","targetHints":{"allow":["GET"]}}],"collection":[{"href":"https:\/\/concise-h2020.eu\/sk\/wp-json\/wp\/v2\/pages"}],"about":[{"href":"https:\/\/concise-h2020.eu\/sk\/wp-json\/wp\/v2\/types\/page"}],"author":[{"embeddable":true,"href":"https:\/\/concise-h2020.eu\/sk\/wp-json\/wp\/v2\/users\/2"}],"replies":[{"embeddable":true,"href":"https:\/\/concise-h2020.eu\/sk\/wp-json\/wp\/v2\/comments?post=1309"}],"version-history":[{"count":0,"href":"https:\/\/concise-h2020.eu\/sk\/wp-json\/wp\/v2\/pages\/1309\/revisions"}],"wp:attachment":[{"href":"https:\/\/concise-h2020.eu\/sk\/wp-json\/wp\/v2\/media?parent=1309"}],"curies":[{"name":"wp","href":"https:\/\/api.w.org\/{rel}","templated":true}]}}