{"id":14,"date":"2019-01-24T13:22:33","date_gmt":"2019-01-24T13:22:33","guid":{"rendered":"https:\/\/concise-h2020.eu\/?page_id=14"},"modified":"2019-06-17T14:31:12","modified_gmt":"2019-06-17T14:31:12","slug":"about-the-project","status":"publish","type":"page","link":"https:\/\/concise-h2020.eu\/sk\/about-the-project\/","title":{"rendered":"O projekte"},"content":{"rendered":"<p><\/p>\n<div class=\"about\">\n<p>    CONCISE je eur\u00f3psky projekt (H2020 &#8211; SwafS, GA n. 824537), ktor\u00fd sp\u00e1ja partnerov z piatich eur\u00f3pskych kraj\u00edn: \u0160panielska, Talianska, Portugalska, Po\u013eska a Slovenska.<\/p>\n<p>    CONCISE m\u00e1 v \u00famysle vytv\u00e1ra\u0165 celoeur\u00f3psku diskusiu o vedeckej komunik\u00e1cii, zah\u0155\u0148aj\u00facu \u0161irok\u00fd rad z\u00fa\u010dastnen\u00fdch partnerov od m\u00e9di\u00ed k tvorcom polit\u00edk, od vedcov k s\u00fakromn\u00fdm spolo\u010dnostiam, od vedeck\u00fdch komunik\u00e1torov k ob\u010dianskym organiz\u00e1ci\u00e1m. CONCISE chce verejn\u00fdmi konzult\u00e1ciami poskytn\u00fa\u0165 kvalitat\u00edvne poznatky o sp\u00f4soboch\/kan\u00e1loch (m\u00e9di\u00e1 a soci\u00e1lne siete, \u017eivotn\u00e9 sk\u00fasenosti, bl\u00edzki, n\u00e1bo\u017eenstvo, politick\u00e1 ideol\u00f3gia, vzdel\u00e1vac\u00ed syst\u00e9m&#8230;), ktor\u00fdmi ob\u010dania E\u00da z\u00edskavaj\u00fa inform\u00e1cie o vede, a ako tieto poznatky ovplyv\u0148uj\u00fa ich presved\u010denia, n\u00e1zory a vn\u00edmanie.<\/p>\n<p>    Na tento \u00fa\u010del bude CONCISE sk\u00fama\u0165 vn\u00edmanie 500 ob\u010danov (zastupuj\u00facim 500 mili\u00f3nov ob\u010danov E\u00da) \u0161tyroch vybran\u00fdch t\u00e9m: vakc\u00edny, doplnkov\u00e9 a alternat\u00edvne lieky (CAM), geneticky modifikovan\u00e9 organizmy (GMO) a klimatick\u00e9 zmeny. CONCISE uskuto\u010dn\u00ed konzult\u00e1cie s ob\u010danmi v piatich krajin\u00e1ch: Portugalsku (Lisabon), \u0160panielsku (Valencia), Taliansku (Vicenza), Slovensku (Trnava) a Po\u013esku (Lod\u017e) s \u00fa\u010das\u0165ou 100 ob\u010danov z ka\u017edej krajiny (vybran\u00ed dobrovo\u013en\u00edci a z\u00e1stupcovia r\u00f4znych soci\u00e1lnych skup\u00edn, s oh\u013eadom na rod, vek, dosiahnut\u00e9 vzdelanie, etnick\u00fa pr\u00edslu\u0161nos\u0165, zdravotn\u00e9 postihnutie a profesion\u00e1lnu kari\u00e9ru). Ich porozumenie a n\u00e1zory na tieto \u0161tyri vedeck\u00e9 t\u00e9my bude hodnoten\u00e9, validovan\u00e9, porovn\u00e1van\u00e9 a analyzovan\u00e9 s cie\u013eom zverejni\u0165 v\u00fdsledky CONSICE t\u00edmu formou open-access. N\u00e1zory ob\u010danoc bud\u00fa zaznamenan\u00e9; prep\u00edsan\u00e9 a analyzovan\u00e9 pomocou korpusov\u00e9ho lingvistick\u00e9ho softv\u00e9ru s cie\u013eom z\u00edska\u0165 r\u00f4zne ukazovatele, ktor\u00e9 pom\u00f4\u017eu v\u0161etk\u00fdm partnerom projektu ma\u0165 priamej\u0161iu a plodnej\u0161iu komunik\u00e1ciu, \u010d\u00edm sa vyhn\u00fa nebezpe\u010denstvu diskurzov, ktor\u00e9 vytv\u00e1raj\u00fa ned\u00f4veru a nedorozumenia. V\u00fdsledky CONCISE bud\u00fa \u0161k\u00e1lovate\u013en\u00e9 a ich metodol\u00f3gia by sa mohla aplikova\u0165 na ostatn\u00e9 eur\u00f3pske krajiny, s cie\u013eom zv\u00fd\u0161enia vedeckej komunik\u00e1cie z h\u013eadiska kvality a kvantity v celej Eur\u00f3pe.<\/p>\n<p>    Na dosiahnutie cie\u013ea CONCISE boli stanoven\u00e9 tieto \u010diastkov\u00e9 ciele:<\/p>\n<ul>\n<li><strong>Ciel1.<\/strong> Zlep\u0161i\u0165 na\u0161e ch\u00e1panie ako medzi eur\u00f3pskymi ob\u010danmi vznikaj\u00fa presved\u010denia, porozumenie a vedomosti o ot\u00e1zkach s\u00favisiacich s vedou a technol\u00f3giami.<\/li>\n<li><strong>Ciel2.<\/strong> Presk\u00fama\u0165 existuj\u00face \u0161truktur\u00e1lne prek\u00e1\u017eky, ktor\u00fdm v s\u00fa\u010dasnosti \u010delia vedci a in\u00e9 zainteresovan\u00e9 strany v oblasti v\u00fdskumu a inov\u00e1ci\u00ed vr\u00e1tane tvorcov polit\u00edk, ktor\u00ed sa pok\u00fa\u0161aj\u00fa \u00faspe\u0161ne komunikova\u0165 o vede.<\/li>\n<li><strong>Ciel3.<\/strong> Vyhodnoti\u0165 existuj\u00face modely v\u00fdu\u010dby vedeckej komunik\u00e1cie komunik\u00e1torov a vedcov v Eur\u00f3pe a analyzova\u0165, ako vypracova\u0165 ak\u010dn\u00fd pl\u00e1n vr\u00e1tane odpor\u00fa\u010dan\u00ed a ot\u00e1zok, ktor\u00e9 by sa mali presk\u00fama\u0165.<\/li>\n<li><strong>Ciel4.<\/strong> Umo\u017eni\u0165 akt\u00edvnu \u00fa\u010das\u0165 ob\u010danov na postupoch vedeck\u00e9ho v\u00fdskumu v s\u00falade s koncepciou zodpovedn\u00e9ho v\u00fdskumu a inov\u00e1ci\u00ed prostredn\u00edctvom vyu\u017e\u00edvania metodiky verejnej konzult\u00e1cie.<\/li>\n<li><strong>Ciel5.<\/strong> Zmera\u0165 pozit\u00edvne alebo negat\u00edvne vn\u00edmanie ob\u010danov z\u00fa\u010dast\u0148uj\u00facich sa na verejn\u00fdch konzult\u00e1ci\u00e1ch o v\u00fdbere spr\u00e1v t\u00fdkaj\u00facich sa vedy.<\/li>\n<\/ul>\n<div class=\"image-middle\"><img decoding=\"async\" class=\"aligncenter\" src=\"\/wp-content\/uploads\/2019\/01\/objgraph.png\" \/><\/div>\n<\/div>\n<style>\n<p>    .about {<br \/>        color: black;<br \/>        background-color: white;<br \/>    }<\/p>\n<p>    .image-middle {<br \/>        text-align: center;<br \/>    }<br \/><\/style>\n<p><\/p>","protected":false},"excerpt":{"rendered":"<p>CONCISE je eur\u00f3psky projekt (H2020 &#8211; SwafS, GA n. 824537), ktor\u00fd sp\u00e1ja partnerov z piatich eur\u00f3pskych kraj\u00edn: \u0160panielska, Talianska, Portugalska, Po\u013eska a Slovenska. CONCISE m\u00e1 v \u00famysle vytv\u00e1ra\u0165 celoeur\u00f3psku diskusiu &#8230;<\/p>\n","protected":false},"author":1,"featured_media":0,"parent":0,"menu_order":0,"comment_status":"closed","ping_status":"closed","template":"","meta":{"footnotes":""},"class_list":["post-14","page","type-page","status-publish","hentry"],"yoast_head":"<!-- This site is optimized with the Yoast SEO plugin v27.3 - https:\/\/yoast.com\/product\/yoast-seo-wordpress\/ -->\n<title>O projekte - Concise<\/title>\n<meta name=\"robots\" content=\"index, follow, max-snippet:-1, max-image-preview:large, max-video-preview:-1\" \/>\n<link rel=\"canonical\" href=\"https:\/\/concise-h2020.eu\/sk\/about-the-project\/\" \/>\n<meta property=\"og:locale\" content=\"sk_SK\" \/>\n<meta property=\"og:type\" content=\"article\" \/>\n<meta property=\"og:title\" content=\"O projekte - Concise\" \/>\n<meta property=\"og:description\" content=\"CONCISE je eur\u00f3psky projekt (H2020 &#8211; SwafS, GA n. 824537), ktor\u00fd sp\u00e1ja partnerov z piatich eur\u00f3pskych kraj\u00edn: \u0160panielska, Talianska, Portugalska, Po\u013eska a Slovenska. CONCISE m\u00e1 v \u00famysle vytv\u00e1ra\u0165 celoeur\u00f3psku diskusiu ...\" \/>\n<meta property=\"og:url\" content=\"https:\/\/concise-h2020.eu\/sk\/about-the-project\/\" \/>\n<meta property=\"og:site_name\" content=\"Concise\" \/>\n<meta property=\"article:modified_time\" content=\"2019-06-17T14:31:12+00:00\" \/>\n<meta property=\"og:image\" content=\"https:\/\/concise-h2020.eu\/wp-content\/uploads\/2019\/01\/objgraph.png\" \/>\n<meta name=\"twitter:card\" content=\"summary_large_image\" \/>\n<meta name=\"twitter:site\" content=\"@ConciseEU\" \/>\n<meta name=\"twitter:label1\" content=\"Predpokladan\u00fd \u010das \u010d\u00edtania\" \/>\n\t<meta name=\"twitter:data1\" content=\"15 min\u00fat\" \/>\n<script type=\"application\/ld+json\" class=\"yoast-schema-graph\">{\"@context\":\"https:\\\/\\\/schema.org\",\"@graph\":[{\"@type\":\"WebPage\",\"@id\":\"https:\\\/\\\/concise-h2020.eu\\\/sk\\\/about-the-project\\\/\",\"url\":\"https:\\\/\\\/concise-h2020.eu\\\/sk\\\/about-the-project\\\/\",\"name\":\"O projekte - Concise\",\"isPartOf\":{\"@id\":\"https:\\\/\\\/concise-h2020.eu\\\/sk\\\/#website\"},\"datePublished\":\"2019-01-24T13:22:33+00:00\",\"dateModified\":\"2019-06-17T14:31:12+00:00\",\"breadcrumb\":{\"@id\":\"https:\\\/\\\/concise-h2020.eu\\\/sk\\\/about-the-project\\\/#breadcrumb\"},\"inLanguage\":\"sk-SK\",\"potentialAction\":[{\"@type\":\"ReadAction\",\"target\":[[\"https:\\\/\\\/concise-h2020.eu\\\/sk\\\/about-the-project\\\/\"]]}]},{\"@type\":\"BreadcrumbList\",\"@id\":\"https:\\\/\\\/concise-h2020.eu\\\/sk\\\/about-the-project\\\/#breadcrumb\",\"itemListElement\":[{\"@type\":\"ListItem\",\"position\":1,\"name\":\"Home\",\"item\":\"https:\\\/\\\/concise-h2020.eu\\\/sk\\\/\"},{\"@type\":\"ListItem\",\"position\":2,\"name\":\"About the project\"}]},{\"@type\":\"WebSite\",\"@id\":\"https:\\\/\\\/concise-h2020.eu\\\/sk\\\/#website\",\"url\":\"https:\\\/\\\/concise-h2020.eu\\\/sk\\\/\",\"name\":\"Concise\",\"description\":\"Concise in an H2020 project, with aim to explain science communication channels.\",\"publisher\":{\"@id\":\"https:\\\/\\\/concise-h2020.eu\\\/sk\\\/#organization\"},\"potentialAction\":[{\"@type\":\"SearchAction\",\"target\":{\"@type\":\"EntryPoint\",\"urlTemplate\":\"https:\\\/\\\/concise-h2020.eu\\\/sk\\\/?s={search_term_string}\"},\"query-input\":{\"@type\":\"PropertyValueSpecification\",\"valueRequired\":true,\"valueName\":\"search_term_string\"}}],\"inLanguage\":\"sk-SK\"},{\"@type\":\"Organization\",\"@id\":\"https:\\\/\\\/concise-h2020.eu\\\/sk\\\/#organization\",\"name\":\"Concise\",\"url\":\"https:\\\/\\\/concise-h2020.eu\\\/sk\\\/\",\"logo\":{\"@type\":\"ImageObject\",\"inLanguage\":\"sk-SK\",\"@id\":\"https:\\\/\\\/concise-h2020.eu\\\/sk\\\/#\\\/schema\\\/logo\\\/image\\\/\",\"url\":\"https:\\\/\\\/concise-h2020.eu\\\/wp-content\\\/uploads\\\/2019\\\/01\\\/concise_logo_crpd.jpg\",\"contentUrl\":\"https:\\\/\\\/concise-h2020.eu\\\/wp-content\\\/uploads\\\/2019\\\/01\\\/concise_logo_crpd.jpg\",\"width\":432,\"height\":124,\"caption\":\"Concise\"},\"image\":{\"@id\":\"https:\\\/\\\/concise-h2020.eu\\\/sk\\\/#\\\/schema\\\/logo\\\/image\\\/\"},\"sameAs\":[\"https:\\\/\\\/x.com\\\/ConciseEU\"]}]}<\/script>\n<!-- \/ Yoast SEO plugin. -->","yoast_head_json":{"title":"O projekte - Concise","robots":{"index":"index","follow":"follow","max-snippet":"max-snippet:-1","max-image-preview":"max-image-preview:large","max-video-preview":"max-video-preview:-1"},"canonical":"https:\/\/concise-h2020.eu\/sk\/about-the-project\/","og_locale":"sk_SK","og_type":"article","og_title":"O projekte - Concise","og_description":"CONCISE je eur\u00f3psky projekt (H2020 &#8211; SwafS, GA n. 824537), ktor\u00fd sp\u00e1ja partnerov z piatich eur\u00f3pskych kraj\u00edn: \u0160panielska, Talianska, Portugalska, Po\u013eska a Slovenska. CONCISE m\u00e1 v \u00famysle vytv\u00e1ra\u0165 celoeur\u00f3psku diskusiu ...","og_url":"https:\/\/concise-h2020.eu\/sk\/about-the-project\/","og_site_name":"Concise","article_modified_time":"2019-06-17T14:31:12+00:00","og_image":[{"url":"https:\/\/concise-h2020.eu\/wp-content\/uploads\/2019\/01\/objgraph.png","type":"","width":"","height":""}],"twitter_card":"summary_large_image","twitter_site":"@ConciseEU","twitter_misc":{"Predpokladan\u00fd \u010das \u010d\u00edtania":"15 min\u00fat"},"schema":{"@context":"https:\/\/schema.org","@graph":[{"@type":"WebPage","@id":"https:\/\/concise-h2020.eu\/sk\/about-the-project\/","url":"https:\/\/concise-h2020.eu\/sk\/about-the-project\/","name":"O projekte - Concise","isPartOf":{"@id":"https:\/\/concise-h2020.eu\/sk\/#website"},"datePublished":"2019-01-24T13:22:33+00:00","dateModified":"2019-06-17T14:31:12+00:00","breadcrumb":{"@id":"https:\/\/concise-h2020.eu\/sk\/about-the-project\/#breadcrumb"},"inLanguage":"sk-SK","potentialAction":[{"@type":"ReadAction","target":[["https:\/\/concise-h2020.eu\/sk\/about-the-project\/"]]}]},{"@type":"BreadcrumbList","@id":"https:\/\/concise-h2020.eu\/sk\/about-the-project\/#breadcrumb","itemListElement":[{"@type":"ListItem","position":1,"name":"Home","item":"https:\/\/concise-h2020.eu\/sk\/"},{"@type":"ListItem","position":2,"name":"About the project"}]},{"@type":"WebSite","@id":"https:\/\/concise-h2020.eu\/sk\/#website","url":"https:\/\/concise-h2020.eu\/sk\/","name":"Concise","description":"Concise in an H2020 project, with aim to explain science communication channels.","publisher":{"@id":"https:\/\/concise-h2020.eu\/sk\/#organization"},"potentialAction":[{"@type":"SearchAction","target":{"@type":"EntryPoint","urlTemplate":"https:\/\/concise-h2020.eu\/sk\/?s={search_term_string}"},"query-input":{"@type":"PropertyValueSpecification","valueRequired":true,"valueName":"search_term_string"}}],"inLanguage":"sk-SK"},{"@type":"Organization","@id":"https:\/\/concise-h2020.eu\/sk\/#organization","name":"Concise","url":"https:\/\/concise-h2020.eu\/sk\/","logo":{"@type":"ImageObject","inLanguage":"sk-SK","@id":"https:\/\/concise-h2020.eu\/sk\/#\/schema\/logo\/image\/","url":"https:\/\/concise-h2020.eu\/wp-content\/uploads\/2019\/01\/concise_logo_crpd.jpg","contentUrl":"https:\/\/concise-h2020.eu\/wp-content\/uploads\/2019\/01\/concise_logo_crpd.jpg","width":432,"height":124,"caption":"Concise"},"image":{"@id":"https:\/\/concise-h2020.eu\/sk\/#\/schema\/logo\/image\/"},"sameAs":["https:\/\/x.com\/ConciseEU"]}]}},"_links":{"self":[{"href":"https:\/\/concise-h2020.eu\/sk\/wp-json\/wp\/v2\/pages\/14","targetHints":{"allow":["GET"]}}],"collection":[{"href":"https:\/\/concise-h2020.eu\/sk\/wp-json\/wp\/v2\/pages"}],"about":[{"href":"https:\/\/concise-h2020.eu\/sk\/wp-json\/wp\/v2\/types\/page"}],"author":[{"embeddable":true,"href":"https:\/\/concise-h2020.eu\/sk\/wp-json\/wp\/v2\/users\/1"}],"replies":[{"embeddable":true,"href":"https:\/\/concise-h2020.eu\/sk\/wp-json\/wp\/v2\/comments?post=14"}],"version-history":[{"count":0,"href":"https:\/\/concise-h2020.eu\/sk\/wp-json\/wp\/v2\/pages\/14\/revisions"}],"wp:attachment":[{"href":"https:\/\/concise-h2020.eu\/sk\/wp-json\/wp\/v2\/media?parent=14"}],"curies":[{"name":"wp","href":"https:\/\/api.w.org\/{rel}","templated":true}]}}