{"id":2,"date":"2019-01-23T16:13:07","date_gmt":"2019-01-23T16:13:07","guid":{"rendered":"https:\/\/concise-h2020.eu\/?page_id=2"},"modified":"2020-09-25T09:43:11","modified_gmt":"2020-09-25T09:43:11","slug":"sample-page","status":"publish","type":"page","link":"https:\/\/concise-h2020.eu\/sk\/","title":{"rendered":"<h1 style=\"color: white;\">Communication role on perception and beliefs<br\/>of EU Citizens about Science<\/h1>"},"content":{"rendered":"<p><\/p>\n<p style=\"text-align: center;\"><\/p>\n<div class=\"home-content\">\n<p>Hlavn\u00e1 \u00faloha projektu <strong>CONCISE<\/strong> je zisti\u0165 ak\u00fa \u00falohu zohr\u00e1va vedeck\u00e1 komunik\u00e1cia na charakter, presved\u010denia, vn\u00edmania a poznatkov t\u00fdkaj\u00facich sa vedeck\u00fdch poznatkoch. Na dosiahnutie tohto cie\u013ea sa v r\u00e1mci <strong>CONCISE<\/strong> uskuto\u010dn\u00ed p\u00e4\u0165 verejn\u00fdch konzult\u00e1ci\u00ed s ob\u010danmi v Lisabone (Portugalsko), Valencii (\u0160panielsko), Vicenze (Taliansko), Trnave (Slovensko) a Lod\u017ei (Po\u013esko) s \u00fa\u010das\u0165ou celkovo 500 ob\u010danov. To umo\u017en\u00ed t\u00edmu projektu <strong>CONCISE<\/strong> z\u00edska\u0165 v\u00fdpovede z odli\u0161n\u00fdch eur\u00f3pskych regi\u00f3nov, ktor\u00e9 poskytn\u00fa porovnate\u013en\u00e9 a spo\u013eahliv\u00e9 inform\u00e1cie o vn\u00edmaj\u00fa ob\u010danov E\u00da o \u0161tyroch &#8222;hor\u00facich&#8220; t\u00e9mach:<\/p>\n<ul>\n<li>Vakc\u00edny<\/li>\n<li>Puou\u017e\u00edvanie doplnkovej a alternat\u00edvnej medic\u00edny<\/li>\n<li>Klimatick\u00e1 zmena<\/li>\n<li>Bezpe\u010dnos\u0165 potrav\u00edn<\/li>\n<\/ul>\n<p><strong>CONSICE<\/strong> v\u00fdskumn\u00edci chc\u00fa z\u00edska\u0165 hlb\u0161ie poznatky o verejnom ch\u00e1pan\u00ed vedy a identifikova\u0165 s\u00fa\u010dasn\u00e9 modely vedeckej komunik\u00e1cie. Verejn\u00e9 konzult\u00e1cie taktie\u017e odhalia indik\u00e1tory, ktor\u00e9 pom\u00f4\u017eu zlep\u0161i\u0165 vedeck\u00fa komunik\u00e1ciu. Takisto umo\u017enia pochopi\u0165:<\/p>\n<ul>\n<li>Ako obyvatelia vn\u00edmaj\u00fa vedeck\u00fa komunik\u00e1ciu<\/li>\n<li>Ako sa jednotlivci rozhoduj\u00fa v t\u00e9mach ako je vakcin\u00e1cia<\/li>\n<li>Ak\u00e9 zdroje inform\u00e1ci\u00ed vyu\u017e\u00edvaj\u00fa na z\u00edskanie vedeck\u00fdch inform\u00e1ci\u00ed<\/li>\n<\/ul>\n<p><strong>CONCISE<\/strong> konzorcium zah\u0155\u0148a renomovan\u00fdch vedeck\u00fdch novin\u00e1rov, najrelevantnej\u0161ie asoci\u00e1cie \u0160panielskej vedeckej komunik\u00e1cie, vedcov z odli\u0161n\u00fdch oblast\u00ed a discipl\u00edn, vr\u00e1tane spolo\u010densk\u00fdch a pr\u00edrodn\u00fdch vied, sk\u00fasen\u00fdch vyu\u010duj\u00facich a mal\u00fdch a stredn\u00fdch podnikate\u013eov.<\/p>\n<\/div>\n<p><\/p>","protected":false},"excerpt":{"rendered":"<p>Hlavn\u00e1 \u00faloha projektu CONCISE je zisti\u0165 ak\u00fa \u00falohu zohr\u00e1va vedeck\u00e1 komunik\u00e1cia na charakter, presved\u010denia, vn\u00edmania a poznatkov t\u00fdkaj\u00facich sa vedeck\u00fdch poznatkoch. Na dosiahnutie tohto cie\u013ea sa v r\u00e1mci CONCISE uskuto\u010dn\u00ed &#8230;<\/p>\n","protected":false},"author":1,"featured_media":104,"parent":0,"menu_order":0,"comment_status":"closed","ping_status":"open","template":"","meta":{"footnotes":""},"class_list":["post-2","page","type-page","status-publish","has-post-thumbnail","hentry"],"yoast_head":"<!-- This site is optimized with the Yoast SEO plugin v27.3 - https:\/\/yoast.com\/product\/yoast-seo-wordpress\/ -->\n<title>Communication role on perception and beliefsof EU Citizens about Science - Concise<\/title>\n<meta name=\"description\" content=\"Concise is Horizon 2020 project which studies the role science communication plays on the origin of beliefs, perceptions and knowledge concerning scientific issues.\" \/>\n<meta name=\"robots\" content=\"index, follow, max-snippet:-1, max-image-preview:large, max-video-preview:-1\" \/>\n<link rel=\"canonical\" href=\"https:\/\/concise-h2020.eu\/sk\/\" \/>\n<meta property=\"og:locale\" content=\"sk_SK\" \/>\n<meta property=\"og:type\" content=\"article\" \/>\n<meta property=\"og:title\" content=\"Communication role on perception and beliefsof EU Citizens about Science - Concise\" \/>\n<meta property=\"og:description\" content=\"Concise is Horizon 2020 project which studies the role science communication plays on the origin of beliefs, perceptions and knowledge concerning scientific issues.\" \/>\n<meta property=\"og:url\" content=\"https:\/\/concise-h2020.eu\/sk\/\" \/>\n<meta property=\"og:site_name\" content=\"Concise\" \/>\n<meta property=\"article:modified_time\" content=\"2020-09-25T09:43:11+00:00\" \/>\n<meta property=\"og:image\" content=\"https:\/\/concise-h2020.eu\/wp-content\/uploads\/2019\/01\/nasa-53884-unsplash-e1551104261962.jpg\" \/>\n\t<meta property=\"og:image:width\" content=\"2048\" \/>\n\t<meta property=\"og:image:height\" content=\"1363\" \/>\n\t<meta property=\"og:image:type\" content=\"image\/jpeg\" \/>\n<meta name=\"twitter:card\" content=\"summary_large_image\" \/>\n<meta name=\"twitter:site\" content=\"@ConciseEU\" \/>\n<meta name=\"twitter:label1\" content=\"Predpokladan\u00fd \u010das \u010d\u00edtania\" \/>\n\t<meta name=\"twitter:data1\" content=\"7 min\u00fat\" \/>\n<script type=\"application\/ld+json\" class=\"yoast-schema-graph\">{\"@context\":\"https:\\\/\\\/schema.org\",\"@graph\":[{\"@type\":\"WebPage\",\"@id\":\"https:\\\/\\\/concise-h2020.eu\\\/sk\\\/\",\"url\":\"https:\\\/\\\/concise-h2020.eu\\\/sk\\\/\",\"name\":\"Communication role on perception and beliefs of EU Citizens about Science - Concise\",\"isPartOf\":{\"@id\":\"https:\\\/\\\/concise-h2020.eu\\\/sk\\\/#website\"},\"primaryImageOfPage\":{\"@id\":\"https:\\\/\\\/concise-h2020.eu\\\/sk\\\/#primaryimage\"},\"image\":{\"@id\":\"https:\\\/\\\/concise-h2020.eu\\\/pl\\\/#primaryimage\"},\"thumbnailUrl\":\"https:\\\/\\\/concise-h2020.eu\\\/wp-content\\\/uploads\\\/2019\\\/01\\\/nasa-53884-unsplash-e1551104261962.jpg\",\"datePublished\":\"2019-01-23T16:13:07+00:00\",\"dateModified\":\"2020-09-25T09:43:11+00:00\",\"description\":\"Concise is Horizon 2020 project which studies the role science communication plays on the origin of beliefs, perceptions and knowledge concerning scientific issues.\",\"breadcrumb\":{\"@id\":\"https:\\\/\\\/concise-h2020.eu\\\/sk\\\/#breadcrumb\"},\"inLanguage\":\"sk-SK\",\"potentialAction\":[{\"@type\":\"ReadAction\",\"target\":[[\"https:\\\/\\\/concise-h2020.eu\\\/sk\\\/\"]]}]},{\"@type\":\"ImageObject\",\"inLanguage\":\"sk-SK\",\"@id\":\"https:\\\/\\\/concise-h2020.eu\\\/sk\\\/#primaryimage\",\"url\":\"https:\\\/\\\/concise-h2020.eu\\\/wp-content\\\/uploads\\\/2019\\\/01\\\/nasa-53884-unsplash-e1551104261962.jpg\",\"contentUrl\":\"https:\\\/\\\/concise-h2020.eu\\\/wp-content\\\/uploads\\\/2019\\\/01\\\/nasa-53884-unsplash-e1551104261962.jpg\",\"width\":2048,\"height\":1363},{\"@type\":\"BreadcrumbList\",\"@id\":\"https:\\\/\\\/concise-h2020.eu\\\/sk\\\/#breadcrumb\",\"itemListElement\":[{\"@type\":\"ListItem\",\"position\":1,\"name\":\"Home\",\"item\":\"https:\\\/\\\/concise-h2020.eu\\\/sk\\\/\"},{\"@type\":\"ListItem\",\"position\":2,\"name\":\"Communication role on perception and beliefsof EU Citizens about Science\"}]},{\"@type\":\"WebSite\",\"@id\":\"https:\\\/\\\/concise-h2020.eu\\\/sk\\\/#website\",\"url\":\"https:\\\/\\\/concise-h2020.eu\\\/sk\\\/\",\"name\":\"Concise\",\"description\":\"Concise in an H2020 project, with aim to explain science communication channels.\",\"publisher\":{\"@id\":\"https:\\\/\\\/concise-h2020.eu\\\/sk\\\/#organization\"},\"potentialAction\":[{\"@type\":\"SearchAction\",\"target\":{\"@type\":\"EntryPoint\",\"urlTemplate\":\"https:\\\/\\\/concise-h2020.eu\\\/sk\\\/?s={search_term_string}\"},\"query-input\":{\"@type\":\"PropertyValueSpecification\",\"valueRequired\":true,\"valueName\":\"search_term_string\"}}],\"inLanguage\":\"sk-SK\"},{\"@type\":\"Organization\",\"@id\":\"https:\\\/\\\/concise-h2020.eu\\\/sk\\\/#organization\",\"name\":\"Concise\",\"url\":\"https:\\\/\\\/concise-h2020.eu\\\/sk\\\/\",\"logo\":{\"@type\":\"ImageObject\",\"inLanguage\":\"sk-SK\",\"@id\":\"https:\\\/\\\/concise-h2020.eu\\\/sk\\\/#\\\/schema\\\/logo\\\/image\\\/\",\"url\":\"https:\\\/\\\/concise-h2020.eu\\\/wp-content\\\/uploads\\\/2019\\\/01\\\/concise_logo_crpd.jpg\",\"contentUrl\":\"https:\\\/\\\/concise-h2020.eu\\\/wp-content\\\/uploads\\\/2019\\\/01\\\/concise_logo_crpd.jpg\",\"width\":432,\"height\":124,\"caption\":\"Concise\"},\"image\":{\"@id\":\"https:\\\/\\\/concise-h2020.eu\\\/sk\\\/#\\\/schema\\\/logo\\\/image\\\/\"},\"sameAs\":[\"https:\\\/\\\/x.com\\\/ConciseEU\"]}]}<\/script>\n<!-- \/ Yoast SEO plugin. -->","yoast_head_json":{"title":"Communication role on perception and beliefsof EU Citizens about Science - Concise","description":"Concise is Horizon 2020 project which studies the role science communication plays on the origin of beliefs, perceptions and knowledge concerning scientific issues.","robots":{"index":"index","follow":"follow","max-snippet":"max-snippet:-1","max-image-preview":"max-image-preview:large","max-video-preview":"max-video-preview:-1"},"canonical":"https:\/\/concise-h2020.eu\/sk\/","og_locale":"sk_SK","og_type":"article","og_title":"Communication role on perception and beliefsof EU Citizens about Science - Concise","og_description":"Concise is Horizon 2020 project which studies the role science communication plays on the origin of beliefs, perceptions and knowledge concerning scientific issues.","og_url":"https:\/\/concise-h2020.eu\/sk\/","og_site_name":"Concise","article_modified_time":"2020-09-25T09:43:11+00:00","og_image":[{"width":2048,"height":1363,"url":"https:\/\/concise-h2020.eu\/wp-content\/uploads\/2019\/01\/nasa-53884-unsplash-e1551104261962.jpg","type":"image\/jpeg"}],"twitter_card":"summary_large_image","twitter_site":"@ConciseEU","twitter_misc":{"Predpokladan\u00fd \u010das \u010d\u00edtania":"7 min\u00fat"},"schema":{"@context":"https:\/\/schema.org","@graph":[{"@type":"WebPage","@id":"https:\/\/concise-h2020.eu\/sk\/","url":"https:\/\/concise-h2020.eu\/sk\/","name":"Communication role on perception and beliefs of EU Citizens about Science - Concise","isPartOf":{"@id":"https:\/\/concise-h2020.eu\/sk\/#website"},"primaryImageOfPage":{"@id":"https:\/\/concise-h2020.eu\/sk\/#primaryimage"},"image":{"@id":"https:\/\/concise-h2020.eu\/pl\/#primaryimage"},"thumbnailUrl":"https:\/\/concise-h2020.eu\/wp-content\/uploads\/2019\/01\/nasa-53884-unsplash-e1551104261962.jpg","datePublished":"2019-01-23T16:13:07+00:00","dateModified":"2020-09-25T09:43:11+00:00","description":"Concise is Horizon 2020 project which studies the role science communication plays on the origin of beliefs, perceptions and knowledge concerning scientific issues.","breadcrumb":{"@id":"https:\/\/concise-h2020.eu\/sk\/#breadcrumb"},"inLanguage":"sk-SK","potentialAction":[{"@type":"ReadAction","target":[["https:\/\/concise-h2020.eu\/sk\/"]]}]},{"@type":"ImageObject","inLanguage":"sk-SK","@id":"https:\/\/concise-h2020.eu\/sk\/#primaryimage","url":"https:\/\/concise-h2020.eu\/wp-content\/uploads\/2019\/01\/nasa-53884-unsplash-e1551104261962.jpg","contentUrl":"https:\/\/concise-h2020.eu\/wp-content\/uploads\/2019\/01\/nasa-53884-unsplash-e1551104261962.jpg","width":2048,"height":1363},{"@type":"BreadcrumbList","@id":"https:\/\/concise-h2020.eu\/sk\/#breadcrumb","itemListElement":[{"@type":"ListItem","position":1,"name":"Home","item":"https:\/\/concise-h2020.eu\/sk\/"},{"@type":"ListItem","position":2,"name":"Communication role on perception and beliefsof EU Citizens about Science"}]},{"@type":"WebSite","@id":"https:\/\/concise-h2020.eu\/sk\/#website","url":"https:\/\/concise-h2020.eu\/sk\/","name":"Concise","description":"Concise in an H2020 project, with aim to explain science communication channels.","publisher":{"@id":"https:\/\/concise-h2020.eu\/sk\/#organization"},"potentialAction":[{"@type":"SearchAction","target":{"@type":"EntryPoint","urlTemplate":"https:\/\/concise-h2020.eu\/sk\/?s={search_term_string}"},"query-input":{"@type":"PropertyValueSpecification","valueRequired":true,"valueName":"search_term_string"}}],"inLanguage":"sk-SK"},{"@type":"Organization","@id":"https:\/\/concise-h2020.eu\/sk\/#organization","name":"Concise","url":"https:\/\/concise-h2020.eu\/sk\/","logo":{"@type":"ImageObject","inLanguage":"sk-SK","@id":"https:\/\/concise-h2020.eu\/sk\/#\/schema\/logo\/image\/","url":"https:\/\/concise-h2020.eu\/wp-content\/uploads\/2019\/01\/concise_logo_crpd.jpg","contentUrl":"https:\/\/concise-h2020.eu\/wp-content\/uploads\/2019\/01\/concise_logo_crpd.jpg","width":432,"height":124,"caption":"Concise"},"image":{"@id":"https:\/\/concise-h2020.eu\/sk\/#\/schema\/logo\/image\/"},"sameAs":["https:\/\/x.com\/ConciseEU"]}]}},"_links":{"self":[{"href":"https:\/\/concise-h2020.eu\/sk\/wp-json\/wp\/v2\/pages\/2","targetHints":{"allow":["GET"]}}],"collection":[{"href":"https:\/\/concise-h2020.eu\/sk\/wp-json\/wp\/v2\/pages"}],"about":[{"href":"https:\/\/concise-h2020.eu\/sk\/wp-json\/wp\/v2\/types\/page"}],"author":[{"embeddable":true,"href":"https:\/\/concise-h2020.eu\/sk\/wp-json\/wp\/v2\/users\/1"}],"replies":[{"embeddable":true,"href":"https:\/\/concise-h2020.eu\/sk\/wp-json\/wp\/v2\/comments?post=2"}],"version-history":[{"count":0,"href":"https:\/\/concise-h2020.eu\/sk\/wp-json\/wp\/v2\/pages\/2\/revisions"}],"wp:featuredmedia":[{"embeddable":true,"href":"https:\/\/concise-h2020.eu\/sk\/wp-json\/wp\/v2\/media\/104"}],"wp:attachment":[{"href":"https:\/\/concise-h2020.eu\/sk\/wp-json\/wp\/v2\/media?parent=2"}],"curies":[{"name":"wp","href":"https:\/\/api.w.org\/{rel}","templated":true}]}}