{"id":727,"date":"2020-02-26T13:31:37","date_gmt":"2020-02-26T13:31:37","guid":{"rendered":"https:\/\/concise-h2020.eu\/?page_id=727"},"modified":"2021-02-25T14:02:31","modified_gmt":"2021-02-25T14:02:31","slug":"media-coverage","status":"publish","type":"page","link":"https:\/\/concise-h2020.eu\/sk\/media-coverage\/","title":{"rendered":"Media coverage"},"content":{"rendered":"<p>This page contains a list of various CONCISE project media appearances, sorted in chronological order. The table is sortable and searchable.\u00a0<\/p>\n<p>Please click the links to open the source.<\/p>\n<p>\n<table id=\"tablepress-4-no-6\" class=\"tablepress tablepress-id-4\">\n<thead>\n<tr class=\"row-1\">\n\t<th class=\"column-1\">Date<\/th><th class=\"column-2\">Country<\/th><th class=\"column-3\">Channel<\/th><th class=\"column-4\">Media<\/th><th class=\"column-5\">Short description<\/th>\n<\/tr>\n<\/thead>\n<tbody class=\"row-striping row-hover\">\n<tr class=\"row-2\">\n\t<td class=\"column-1\">2021-01-28<\/td><td class=\"column-2\">Spain<\/td><td class=\"column-3\">Press, regional<\/td><td class=\"column-4\">El Peri\u00f2dic<\/td><td class=\"column-5\"><a href=\"https:\/\/www.elperiodic.com\/valencia\/confianza-fuentes-informacion-clave-para-mejorar-comunicacion-ciencia_725808\" target=\"_blank\" rel=\"noopener\">Conclusions of the CONCISE project<\/a><\/td>\n<\/tr>\n<tr class=\"row-3\">\n\t<td class=\"column-1\">2021-01-28<\/td><td class=\"column-2\">Spain<\/td><td class=\"column-3\">Press Agency, national<\/td><td class=\"column-4\">EuropaPress<\/td><td class=\"column-5\"><a href=\"https:\/\/fotos.europapress.es\/fotonoticia\/f3538329\/\" target=\"_blank\" rel=\"noopener\">Conclusions of the CONCISE project<\/a><\/td>\n<\/tr>\n<tr class=\"row-4\">\n\t<td class=\"column-1\">2021-01-22<\/td><td class=\"column-2\">Spain<\/td><td class=\"column-3\">Press, regional<\/td><td class=\"column-4\">La Vanguardia<\/td><td class=\"column-5\"><a href=\"https:\/\/www.lavanguardia.com\/vida\/20210122\/6191707\/espanoles-informan-sobre-temas-cientificos-tv-medios-digitales.html\" target=\"_blank\" rel=\"noopener\">Conclusions of the CONCISE project<\/a><\/td>\n<\/tr>\n<tr class=\"row-5\">\n\t<td class=\"column-1\">2021-01-20<\/td><td class=\"column-2\">Spain<\/td><td class=\"column-3\">Radio, regional<\/td><td class=\"column-4\">Radio Galega<\/td><td class=\"column-5\"><a href=\"https:\/\/www.crtvg.es\/rg\/programas\/efervescencia?t=30\" target=\"_blank\" rel=\"noopener\">Interview to Carolina Moreno about the results of the Project<\/a><\/td>\n<\/tr>\n<tr class=\"row-6\">\n\t<td class=\"column-1\">2021-01-20<\/td><td class=\"column-2\">Spain<\/td><td class=\"column-3\">Press, regional<\/td><td class=\"column-4\">El Peri\u00f2dic<\/td><td class=\"column-5\"><a href=\"https:\/\/www.elperiodic.com\/valencia\/proyecto-concise-presenta-resultados-investigacion-sobre-percepcion-ciencia-entre-ciudadania-europea_724235\" target=\"_blank\" rel=\"noopener\">Article on the occasion of CONCISE\u00b4s final seminar <\/a><\/td>\n<\/tr>\n<tr class=\"row-7\">\n\t<td class=\"column-1\">2021-01-16<\/td><td class=\"column-2\">Poland<\/td><td class=\"column-3\">Magazine<\/td><td class=\"column-4\">Gazeta Wyborcza Magazyn<\/td><td class=\"column-5\"><a href=\"https:\/\/wyborcza.pl\/magazyn\/7,124059,26687751,szczepionki-klimat-gmo-jak-doda-i-anna-lewandowska.html\" target=\"_blank\" rel=\"noopener\">Interview to Izabela Warwas about the results of the Project<\/a><\/td>\n<\/tr>\n<tr class=\"row-8\">\n\t<td class=\"column-1\">2021-01-15<\/td><td class=\"column-2\">Spain<\/td><td class=\"column-3\">Radio, regional<\/td><td class=\"column-4\">IB3<\/td><td class=\"column-5\"><a href=\"https:\/\/ib3.org\/carta?programId=10f9d6ff-5085-4fa1-9c08-885a582408e9\" target=\"_blank\" rel=\"noopener\">Interview to Carolina Moreno and Carolina Llorente about the results of the Project<\/a><\/td>\n<\/tr>\n<tr class=\"row-9\">\n\t<td class=\"column-1\">2021-01-10<\/td><td class=\"column-2\">Portugal<\/td><td class=\"column-3\">Radio, national<\/td><td class=\"column-4\">Antena 1<\/td><td class=\"column-5\"><a href=\"https:\/\/www.90segundosdeciencia.pt\/episodes\/ep-766-ana-delicado\/\" target=\"_blank\" rel=\"noopener\">Interview to Ana Delicado on a daily programme about science<\/a><\/td>\n<\/tr>\n<tr class=\"row-10\">\n\t<td class=\"column-1\">2021-01-07<\/td><td class=\"column-2\">Spain<\/td><td class=\"column-3\">Radio, regional<\/td><td class=\"column-4\">Radio Euskadi (EITB)<\/td><td class=\"column-5\"><a href=\"https:\/\/www.eitb.eus\/es\/radio\/radio-euskadi\/programas\/la-mecanica-del-caracol\/detalle\/7773363\/astrocitos-celulas-clave-funciones-mentales-comunicacion-ciencia\/\" target=\"_blank\" rel=\"noopener\">Interview to Carolina Moreno about the results of the Project<\/a><\/td>\n<\/tr>\n<tr class=\"row-11\">\n\t<td class=\"column-1\">2020-12-03<\/td><td class=\"column-2\">Poland<\/td><td class=\"column-3\">Radio, national<\/td><td class=\"column-4\">TOK FM<\/td><td class=\"column-5\"><a href=\"\" target=\"_blank\" rel=\"noopener\">Interview to Aneta Krzewi\u0144ska about the results of the Project<\/a><\/td>\n<\/tr>\n<tr class=\"row-12\">\n\t<td class=\"column-1\">2020-12-01<\/td><td class=\"column-2\">Poland<\/td><td class=\"column-3\">Magazine<\/td><td class=\"column-4\">Gazeta Wyborcza Magazyn<\/td><td class=\"column-5\"><a href=\"https:\/\/lodz.wyborcza.pl\/lodz\/7,35136,26554504,skad-polacy-czerpia-wiedze-o-szczepionkach-czy-zmianach-klimatycznych.html\" target=\"_blank\" rel=\"noopener\">Article about the CONCISE results <\/a><\/td>\n<\/tr>\n<tr class=\"row-13\">\n\t<td class=\"column-1\">2020-11-27<\/td><td class=\"column-2\">Portugal<\/td><td class=\"column-3\">Press, national<\/td><td class=\"column-4\">Publico<\/td><td class=\"column-5\"><a href=\"https:\/\/www.publico.pt\/2020\/11\/29\/ciencia\/noticia\/comunicacao-ciencia-vista-cidadaos-1940682\" target=\"_blank\" rel=\"noopener\">Article about the CONCISE results in the main quality daily newspaper in Portugal<\/a><\/td>\n<\/tr>\n<tr class=\"row-14\">\n\t<td class=\"column-1\">2020-11-20<\/td><td class=\"column-2\">Poland<\/td><td class=\"column-3\">Press Agency, national<\/td><td class=\"column-4\">Polska Agencja Prasowa<\/td><td class=\"column-5\"><a href=\"https:\/\/www.pap.pl\/aktualnosci\/news,759999,badanie-polacy-nieufni-wobec-zrodel-wiedzy-naukowej-w-kwestii-szczepien-i\" target=\"_blank\" rel=\"noopener\">Article about CONCISE findings<\/a><\/td>\n<\/tr>\n<tr class=\"row-15\">\n\t<td class=\"column-1\">2020-11-20<\/td><td class=\"column-2\">Poland<\/td><td class=\"column-3\">Online platform, national<\/td><td class=\"column-4\">wnp.pl<\/td><td class=\"column-5\"><a href=\"https:\/\/www.wnp.pl\/parlamentarny\/spoleczenstwo\/badanie-polacy-nieufni-wobec-zrodel-wiedzy-naukowej-w-kwestii-szczepien-i-medycyny-alternatywnej-podzieleni,109192.html\" target=\"_blank\" rel=\"noopener\">Research results in the CONCISE context<\/a><\/td>\n<\/tr>\n<tr class=\"row-16\">\n\t<td class=\"column-1\">2020-11-20<\/td><td class=\"column-2\">Spain<\/td><td class=\"column-3\">Press, regional<\/td><td class=\"column-4\">Las Provincias<\/td><td class=\"column-5\"><a href=\"https:\/\/www.lasprovincias.es\/comunitat\/consultas-sobre-comunicacion-20201120003934-ntvo.html\" target=\"_blank\" rel=\"noopener\">Article about the publication of the Public Consultations' book<\/a><\/td>\n<\/tr>\n<tr class=\"row-17\">\n\t<td class=\"column-1\">2020-11-11<\/td><td class=\"column-2\">Poland<\/td><td class=\"column-3\">Online platform, national<\/td><td class=\"column-4\">Nauka w Polsce<\/td><td class=\"column-5\"><a href=\"https:\/\/naukawpolsce.pap.pl\/aktualnosci\/news,84908,badanie-polacy-nieufni-wobec-zrodel-wiedzy-naukowej-w-kwestii-szczepien-i\" target=\"_blank\" rel=\"noopener\">Information about project<\/a><\/td>\n<\/tr>\n<tr class=\"row-18\">\n\t<td class=\"column-1\">2020-04-27<\/td><td class=\"column-2\">Europe<\/td><td class=\"column-3\">Online platform, international<\/td><td class=\"column-4\">European Science Media Hub<\/td><td class=\"column-5\"><a href=\"https:\/\/sciencemediahub.eu\/2020\/04\/27\/concise-project-a-european-wide-debate-on-science-communication\/\" target=\"_blank\" rel=\"noopener\">Article about CONCISE progress to date<\/a><\/td>\n<\/tr>\n<tr class=\"row-19\">\n\t<td class=\"column-1\">2020-04-27<\/td><td class=\"column-2\">Europe<\/td><td class=\"column-3\">Online platform, international<\/td><td class=\"column-4\">European Science Media Hub<\/td><td class=\"column-5\"><a href=\"https:\/\/sciencemediahub.eu\/2020\/04\/27\/a-scientists-opinion-interview-with-ana-delicado-about-the-concise-project\/\" target=\"_blank\" rel=\"noopener\">Interview to Ana Delicado about CONCISE<\/a><\/td>\n<\/tr>\n<tr class=\"row-20\">\n\t<td class=\"column-1\">2020-04-27<\/td><td class=\"column-2\">Europe<\/td><td class=\"column-3\">Online platform, international<\/td><td class=\"column-4\">European Science Media Hub<\/td><td class=\"column-5\"><a href=\"https:\/\/sciencemediahub.eu\/2020\/04\/27\/a-scientists-opinion-interview-with-giuseppe-pellegrini-about-the-concise-project\/\" target=\"_blank\" rel=\"noopener\">Interview to Giuseppe Pellegrini about CONCISE<\/a><\/td>\n<\/tr>\n<tr class=\"row-21\">\n\t<td class=\"column-1\">2020-02-28<\/td><td class=\"column-2\">Poland<\/td><td class=\"column-3\">Online platform, national<\/td><td class=\"column-4\">Nauka w Polsce<\/td><td class=\"column-5\"><a href=\"http:\/\/naukawpolsce.pap.pl\/aktualnosci\/news%2C33007%2Cnaukowcy-badaja-role-komunikacji-w-zdobywaniu-wiedzy-naukowej-przez\" target=\"_blank\" rel=\"noopener\">Information about project<\/a><\/td>\n<\/tr>\n<tr class=\"row-22\">\n\t<td class=\"column-1\">2020-01-09<\/td><td class=\"column-2\">Spain<\/td><td class=\"column-3\">Radio, national<\/td><td class=\"column-4\">Radio Nacional de Espa\u00f1a<\/td><td class=\"column-5\"><a href=\"http:\/\/www.rtve.es\/alacarta\/audios\/el-gallo-que-no-cesa\/gallo-no-cesa-ciencia-aun-distante-lejana\/5479696\/\" target=\"_blank\" rel=\"noopener\">Interview to our Project Coordinator about CONCISE<\/a><\/td>\n<\/tr>\n<tr class=\"row-23\">\n\t<td class=\"column-1\">2019-11-07<\/td><td class=\"column-2\">Spain<\/td><td class=\"column-3\">Radio, regional<\/td><td class=\"column-4\">A punt media<\/td><td class=\"column-5\"><a href=\"https:\/\/apuntmedia.es\/va\/a-la-carta\/programes\/escoltat-en-la-radio\/al-ras\/07-11-2019-tercera-hora\" target=\"_blank\" rel=\"noopener\">Interview to our Project Coordinator following the Spanish citizien consultation<\/a><\/td>\n<\/tr>\n<tr class=\"row-24\">\n\t<td class=\"column-1\">2019-11-07<\/td><td class=\"column-2\">Spain<\/td><td class=\"column-3\">Magazine<\/td><td class=\"column-4\">M\u00e8tode<\/td><td class=\"column-5\"><a href=\"https:\/\/metode.es\/noticias\/proyecto-concise-consulta-ciudadana.html\" target=\"_blank\" rel=\"noopener\">Coverage of the Spanish citizen consultation<\/a><\/td>\n<\/tr>\n<tr class=\"row-25\">\n\t<td class=\"column-1\">2019-11-06<\/td><td class=\"column-2\">Spain<\/td><td class=\"column-3\">Radio, national<\/td><td class=\"column-4\">Radio Nacional de Espa\u00f1a<\/td><td class=\"column-5\"><a href=\"http:\/\/www.rtve.es\/alacarta\/audios\/hoy-empieza-todo-con-marta-echeverria\/hoy-empieza-todo-marta-echeverria-fraudes-artisticos-pseudociencia-mas-06-11-19\/5435583\/?t=1h22m29s\" target=\"_blank\" rel=\"noopener\">Interview to our Project Coordinator following the Spanish citizien consultation<\/a><\/td>\n<\/tr>\n<tr class=\"row-26\">\n\t<td class=\"column-1\">2019-11-03<\/td><td class=\"column-2\">Spain<\/td><td class=\"column-3\">Press, national<\/td><td class=\"column-4\">El Pa\u00eds<\/td><td class=\"column-5\"><a href=\"https:\/\/elpais.com\/elpais\/2019\/10\/31\/ciencia\/1572515658_324038.html\" target=\"_blank\" rel=\"noopener\">Interview to our Project Coordinator, Carolina Moreno, on the occasion of the Spanish citizen consultation<\/a><\/td>\n<\/tr>\n<tr class=\"row-27\">\n\t<td class=\"column-1\">2019-11-02<\/td><td class=\"column-2\">Spain<\/td><td class=\"column-3\">Radio, regional<\/td><td class=\"column-4\">IB3 Radio<\/td><td class=\"column-5\"><a href=\"https:\/\/ib3.org\/balearscienciarad?pl=1&amp;cont=47a16abd-168a-400e-a503-af676e70b626&amp;t=2416,3352\" target=\"_blank\" rel=\"noopener\">Interview to our Project Coordinator following the Spanish citizien consultation<\/a><\/td>\n<\/tr>\n<tr class=\"row-28\">\n\t<td class=\"column-1\">2019-10-29<\/td><td class=\"column-2\">Spain<\/td><td class=\"column-3\">Press, national<\/td><td class=\"column-4\">El Pa\u00eds<\/td><td class=\"column-5\"><a href=\"https:\/\/elpais.com\/elpais\/2019\/10\/29\/ciencia\/1572341267_632843.html\" target=\"_blank\" rel=\"noopener\">Coverage of the Spanish citizen consultation<\/a><\/td>\n<\/tr>\n<tr class=\"row-29\">\n\t<td class=\"column-1\">2019-10-23<\/td><td class=\"column-2\">Spain<\/td><td class=\"column-3\">Press, regional<\/td><td class=\"column-4\">La Vanguardia<\/td><td class=\"column-5\"><a href=\"https:\/\/www.lavanguardia.com\/local\/valencia\/20191023\/471160079956\/consulta-ciudadana-comunicacion-cientifica-valencia-carolina-moreno.html\" target=\"_blank\" rel=\"noopener\">Article on the occasion of the Spanish consultation<\/a><\/td>\n<\/tr>\n<tr class=\"row-30\">\n\t<td class=\"column-1\">2019-10-22<\/td><td class=\"column-2\">Slovakia<\/td><td class=\"column-3\">Press, local<\/td><td class=\"column-4\">My Trnava<\/td><td class=\"column-5\"><a href=\"https:\/\/mytrnava.sme.sk\/c\/22242004\/na-trnavskej-univerzite-diskutovali-o-vedeckych-informaciach.html\" target=\"_blank\" rel=\"noopener\">Coverage of the Slovak citizen consultation<\/a><\/td>\n<\/tr>\n<tr class=\"row-31\">\n\t<td class=\"column-1\">2019-10-22<\/td><td class=\"column-2\">Slovakia<\/td><td class=\"column-3\">TV, local<\/td><td class=\"column-4\">Mestsk\u00e1 telev\u00edzia Trnava<\/td><td class=\"column-5\"><a href=\"https:\/\/youtu.be\/MUOpC_VcP5o\" target=\"_blank\" rel=\"noopener\">Coverage of the Slovak citizen consultation<\/a><\/td>\n<\/tr>\n<tr class=\"row-32\">\n\t<td class=\"column-1\">2019-10-22<\/td><td class=\"column-2\">Spain<\/td><td class=\"column-3\">Press, regional<\/td><td class=\"column-4\">El Peri\u00f2dic<\/td><td class=\"column-5\"><a href=\"https:\/\/www.elperiodic.com\/valencia\/valencia-acoge-consulta-ciudadana-europea-sobre-comunicacion-cientifica_645878\" target=\"_blank\" rel=\"noopener\">Article on the occasion of the  Spanish consultation<\/a><\/td>\n<\/tr>\n<tr class=\"row-33\">\n\t<td class=\"column-1\">2019-09-20<\/td><td class=\"column-2\">Italy<\/td><td class=\"column-3\">TV, local<\/td><td class=\"column-4\">Tva Vicenza<\/td><td class=\"column-5\"><a href=\"https:\/\/www.youtube.com\/watch?v=lF6B5IyGlj4\" target=\"_blank\" rel=\"noopener\">Coverage of the Italian citizen consultation, including an interview to Giuseppe Pellegrini.<\/a><\/td>\n<\/tr>\n<tr class=\"row-34\">\n\t<td class=\"column-1\">2019-09-10<\/td><td class=\"column-2\">Italy<\/td><td class=\"column-3\">Magazine<\/td><td class=\"column-4\">Rivista Micron<\/td><td class=\"column-5\"><a href=\"https:\/\/www.rivistamicron.it\/notizie\/cento-cittadini-per-capire-come-migliorare-la-comunicazione-scientifica\/\" target=\"_blank\" rel=\"noopener\">Coverage of the Italian citizen consultation<\/a><\/td>\n<\/tr>\n<tr class=\"row-35\">\n\t<td class=\"column-1\">2019-09-09<\/td><td class=\"column-2\">Slovakia<\/td><td class=\"column-3\">Press, local<\/td><td class=\"column-4\">Trnava Live<\/td><td class=\"column-5\"><a href=\"https:\/\/www.trnava-live.sk\/2019\/09\/09\/trnavska-univerzita-hlada-100-ucastnikov-diskusie-o-vedeckej-komunikacii\/\" target=\"_blank\" rel=\"noopener\">Call for participants<\/a><\/td>\n<\/tr>\n<tr class=\"row-36\">\n\t<td class=\"column-1\">2019-08-29<\/td><td class=\"column-2\">Spain<\/td><td class=\"column-3\">Press, regional<\/td><td class=\"column-4\">Heraldo de Arag\u00f3n<\/td><td class=\"column-5\"><a href=\"https:\/\/www.heraldo.es\/noticias\/sociedad\/2019\/08\/29\/se-buscan-100-personas-para-ir-a-valencia-a-debatir-sobre-comunicacion-y-ciencia-1331648.html\" target=\"_blank\" rel=\"noopener\">Call for participants<\/a><\/td>\n<\/tr>\n<tr class=\"row-37\">\n\t<td class=\"column-1\">2019-08-22<\/td><td class=\"column-2\">Poland<\/td><td class=\"column-3\">Press, local<\/td><td class=\"column-4\">Dziennik Wschodni Lubelski<\/td><td class=\"column-5\"><a href=\"https:\/\/concise-h2020.eu\/wp-content\/uploads\/2020\/02\/DWL_polacy_o_szczepieniach_i_zmianach_klimatu.pdf\" target=\"_blank\" rel=\"noopener\">Short article about the project and the Polish citizen consultation<\/a><\/td>\n<\/tr>\n<tr class=\"row-38\">\n\t<td class=\"column-1\">2019-07-26<\/td><td class=\"column-2\">Spain<\/td><td class=\"column-3\">Press, regional<\/td><td class=\"column-4\">La Vanguardia<\/td><td class=\"column-5\"><a href=\"https:\/\/www.lavanguardia.com\/economia\/management\/20190726\/463699244445\/cambio-climatico-vacunas-terapias-alternativas-organismos-modificados.html\" target=\"_blank\" rel=\"noopener\">Call for participants<\/a><\/td>\n<\/tr>\n<tr class=\"row-39\">\n\t<td class=\"column-1\">2019-07-23<\/td><td class=\"column-2\">Spain<\/td><td class=\"column-3\">Press, regional<\/td><td class=\"column-4\">El Peri\u00f2dic<\/td><td class=\"column-5\"><a href=\"https:\/\/www.elperiodic.com\/valencia\/proyecto-europeo-universitat-valencia-sobre-comunicacion-ciencia-busca-participantes-entre-ciudadania_632596\" target=\"_blank\" rel=\"noopener\">Call for participants<\/a><\/td>\n<\/tr>\n<tr class=\"row-40\">\n\t<td class=\"column-1\">2019-03-25<\/td><td class=\"column-2\">Spain<\/td><td class=\"column-3\">Magazine<\/td><td class=\"column-4\">M\u00e8tode<\/td><td class=\"column-5\"><a href=\"https:\/\/metode.org\/news\/interviews\/interview-with-carolina-moreno.html\" target=\"_blank\" rel=\"noopener\">Interview to our Project Coordinator, on the CONCISE project<\/a><\/td>\n<\/tr>\n<tr class=\"row-41\">\n\t<td class=\"column-1\">2018-12-19<\/td><td class=\"column-2\">Spain<\/td><td class=\"column-3\">Radio, regional<\/td><td class=\"column-4\">A punt media<\/td><td class=\"column-5\"><a href=\"https:\/\/apuntmedia.es\/va\/a-la-carta\/programes\/escoltat-en-la-radio\/les-noticies-de-la-nit\/19-12-2018-les-noticies-de-la-nit-tertulia\" target=\"_blank\" rel=\"noopener\">Interview to our Project Coordinator, Carolina Moreno, on the occasion of CONCISE kicking off<\/a><\/td>\n<\/tr>\n<\/tbody>\n<\/table>\n<\/p>","protected":false},"excerpt":{"rendered":"<p>This page contains a list of various CONCISE project media appearances, sorted in chronological order. The table is sortable and searchable.\u00a0 Please click the links to open the source.<\/p>\n","protected":false},"author":1,"featured_media":0,"parent":0,"menu_order":0,"comment_status":"closed","ping_status":"closed","template":"","meta":{"footnotes":""},"class_list":["post-727","page","type-page","status-publish","hentry"],"yoast_head":"<!-- This site is optimized with the Yoast SEO plugin v27.3 - https:\/\/yoast.com\/product\/yoast-seo-wordpress\/ -->\n<title>Media coverage - Concise<\/title>\n<meta name=\"description\" content=\"List of CONCISE project media appearances, sorted in chronological order. Please click the links to open the source.\" \/>\n<meta name=\"robots\" content=\"index, follow, max-snippet:-1, max-image-preview:large, max-video-preview:-1\" \/>\n<link rel=\"canonical\" href=\"https:\/\/concise-h2020.eu\/sk\/media-coverage\/\" \/>\n<meta property=\"og:locale\" content=\"sk_SK\" \/>\n<meta property=\"og:type\" content=\"article\" \/>\n<meta property=\"og:title\" content=\"Media coverage - Concise\" \/>\n<meta property=\"og:description\" content=\"List of CONCISE project media appearances, sorted in chronological order. Please click the links to open the source.\" \/>\n<meta property=\"og:url\" content=\"https:\/\/concise-h2020.eu\/sk\/media-coverage\/\" \/>\n<meta property=\"og:site_name\" content=\"Concise\" \/>\n<meta property=\"article:modified_time\" content=\"2021-02-25T14:02:31+00:00\" \/>\n<meta name=\"twitter:card\" content=\"summary_large_image\" \/>\n<meta name=\"twitter:site\" content=\"@ConciseEU\" \/>\n<meta name=\"twitter:label1\" content=\"Predpokladan\u00fd \u010das \u010d\u00edtania\" \/>\n\t<meta name=\"twitter:data1\" content=\"2 min\u00faty\" \/>\n<script type=\"application\/ld+json\" class=\"yoast-schema-graph\">{\"@context\":\"https:\\\/\\\/schema.org\",\"@graph\":[{\"@type\":\"WebPage\",\"@id\":\"https:\\\/\\\/concise-h2020.eu\\\/sk\\\/media-coverage\\\/\",\"url\":\"https:\\\/\\\/concise-h2020.eu\\\/sk\\\/media-coverage\\\/\",\"name\":\"Media coverage - Concise\",\"isPartOf\":{\"@id\":\"https:\\\/\\\/concise-h2020.eu\\\/sk\\\/#website\"},\"datePublished\":\"2020-02-26T13:31:37+00:00\",\"dateModified\":\"2021-02-25T14:02:31+00:00\",\"description\":\"List of CONCISE project media appearances, sorted in chronological order. Please click the links to open the source.\",\"breadcrumb\":{\"@id\":\"https:\\\/\\\/concise-h2020.eu\\\/sk\\\/media-coverage\\\/#breadcrumb\"},\"inLanguage\":\"sk-SK\",\"potentialAction\":[{\"@type\":\"ReadAction\",\"target\":[[\"https:\\\/\\\/concise-h2020.eu\\\/sk\\\/media-coverage\\\/\"]]}]},{\"@type\":\"BreadcrumbList\",\"@id\":\"https:\\\/\\\/concise-h2020.eu\\\/sk\\\/media-coverage\\\/#breadcrumb\",\"itemListElement\":[{\"@type\":\"ListItem\",\"position\":1,\"name\":\"Home\",\"item\":\"https:\\\/\\\/concise-h2020.eu\\\/sk\\\/\"},{\"@type\":\"ListItem\",\"position\":2,\"name\":\"Media coverage\"}]},{\"@type\":\"WebSite\",\"@id\":\"https:\\\/\\\/concise-h2020.eu\\\/sk\\\/#website\",\"url\":\"https:\\\/\\\/concise-h2020.eu\\\/sk\\\/\",\"name\":\"Concise\",\"description\":\"Concise in an H2020 project, with aim to explain science communication channels.\",\"publisher\":{\"@id\":\"https:\\\/\\\/concise-h2020.eu\\\/sk\\\/#organization\"},\"potentialAction\":[{\"@type\":\"SearchAction\",\"target\":{\"@type\":\"EntryPoint\",\"urlTemplate\":\"https:\\\/\\\/concise-h2020.eu\\\/sk\\\/?s={search_term_string}\"},\"query-input\":{\"@type\":\"PropertyValueSpecification\",\"valueRequired\":true,\"valueName\":\"search_term_string\"}}],\"inLanguage\":\"sk-SK\"},{\"@type\":\"Organization\",\"@id\":\"https:\\\/\\\/concise-h2020.eu\\\/sk\\\/#organization\",\"name\":\"Concise\",\"url\":\"https:\\\/\\\/concise-h2020.eu\\\/sk\\\/\",\"logo\":{\"@type\":\"ImageObject\",\"inLanguage\":\"sk-SK\",\"@id\":\"https:\\\/\\\/concise-h2020.eu\\\/sk\\\/#\\\/schema\\\/logo\\\/image\\\/\",\"url\":\"https:\\\/\\\/concise-h2020.eu\\\/wp-content\\\/uploads\\\/2019\\\/01\\\/concise_logo_crpd.jpg\",\"contentUrl\":\"https:\\\/\\\/concise-h2020.eu\\\/wp-content\\\/uploads\\\/2019\\\/01\\\/concise_logo_crpd.jpg\",\"width\":432,\"height\":124,\"caption\":\"Concise\"},\"image\":{\"@id\":\"https:\\\/\\\/concise-h2020.eu\\\/sk\\\/#\\\/schema\\\/logo\\\/image\\\/\"},\"sameAs\":[\"https:\\\/\\\/x.com\\\/ConciseEU\"]}]}<\/script>\n<!-- \/ Yoast SEO plugin. -->","yoast_head_json":{"title":"Media coverage - Concise","description":"List of CONCISE project media appearances, sorted in chronological order. Please click the links to open the source.","robots":{"index":"index","follow":"follow","max-snippet":"max-snippet:-1","max-image-preview":"max-image-preview:large","max-video-preview":"max-video-preview:-1"},"canonical":"https:\/\/concise-h2020.eu\/sk\/media-coverage\/","og_locale":"sk_SK","og_type":"article","og_title":"Media coverage - Concise","og_description":"List of CONCISE project media appearances, sorted in chronological order. Please click the links to open the source.","og_url":"https:\/\/concise-h2020.eu\/sk\/media-coverage\/","og_site_name":"Concise","article_modified_time":"2021-02-25T14:02:31+00:00","twitter_card":"summary_large_image","twitter_site":"@ConciseEU","twitter_misc":{"Predpokladan\u00fd \u010das \u010d\u00edtania":"2 min\u00faty"},"schema":{"@context":"https:\/\/schema.org","@graph":[{"@type":"WebPage","@id":"https:\/\/concise-h2020.eu\/sk\/media-coverage\/","url":"https:\/\/concise-h2020.eu\/sk\/media-coverage\/","name":"Media coverage - Concise","isPartOf":{"@id":"https:\/\/concise-h2020.eu\/sk\/#website"},"datePublished":"2020-02-26T13:31:37+00:00","dateModified":"2021-02-25T14:02:31+00:00","description":"List of CONCISE project media appearances, sorted in chronological order. Please click the links to open the source.","breadcrumb":{"@id":"https:\/\/concise-h2020.eu\/sk\/media-coverage\/#breadcrumb"},"inLanguage":"sk-SK","potentialAction":[{"@type":"ReadAction","target":[["https:\/\/concise-h2020.eu\/sk\/media-coverage\/"]]}]},{"@type":"BreadcrumbList","@id":"https:\/\/concise-h2020.eu\/sk\/media-coverage\/#breadcrumb","itemListElement":[{"@type":"ListItem","position":1,"name":"Home","item":"https:\/\/concise-h2020.eu\/sk\/"},{"@type":"ListItem","position":2,"name":"Media coverage"}]},{"@type":"WebSite","@id":"https:\/\/concise-h2020.eu\/sk\/#website","url":"https:\/\/concise-h2020.eu\/sk\/","name":"Concise","description":"Concise in an H2020 project, with aim to explain science communication channels.","publisher":{"@id":"https:\/\/concise-h2020.eu\/sk\/#organization"},"potentialAction":[{"@type":"SearchAction","target":{"@type":"EntryPoint","urlTemplate":"https:\/\/concise-h2020.eu\/sk\/?s={search_term_string}"},"query-input":{"@type":"PropertyValueSpecification","valueRequired":true,"valueName":"search_term_string"}}],"inLanguage":"sk-SK"},{"@type":"Organization","@id":"https:\/\/concise-h2020.eu\/sk\/#organization","name":"Concise","url":"https:\/\/concise-h2020.eu\/sk\/","logo":{"@type":"ImageObject","inLanguage":"sk-SK","@id":"https:\/\/concise-h2020.eu\/sk\/#\/schema\/logo\/image\/","url":"https:\/\/concise-h2020.eu\/wp-content\/uploads\/2019\/01\/concise_logo_crpd.jpg","contentUrl":"https:\/\/concise-h2020.eu\/wp-content\/uploads\/2019\/01\/concise_logo_crpd.jpg","width":432,"height":124,"caption":"Concise"},"image":{"@id":"https:\/\/concise-h2020.eu\/sk\/#\/schema\/logo\/image\/"},"sameAs":["https:\/\/x.com\/ConciseEU"]}]}},"_links":{"self":[{"href":"https:\/\/concise-h2020.eu\/sk\/wp-json\/wp\/v2\/pages\/727","targetHints":{"allow":["GET"]}}],"collection":[{"href":"https:\/\/concise-h2020.eu\/sk\/wp-json\/wp\/v2\/pages"}],"about":[{"href":"https:\/\/concise-h2020.eu\/sk\/wp-json\/wp\/v2\/types\/page"}],"author":[{"embeddable":true,"href":"https:\/\/concise-h2020.eu\/sk\/wp-json\/wp\/v2\/users\/1"}],"replies":[{"embeddable":true,"href":"https:\/\/concise-h2020.eu\/sk\/wp-json\/wp\/v2\/comments?post=727"}],"version-history":[{"count":0,"href":"https:\/\/concise-h2020.eu\/sk\/wp-json\/wp\/v2\/pages\/727\/revisions"}],"wp:attachment":[{"href":"https:\/\/concise-h2020.eu\/sk\/wp-json\/wp\/v2\/media?parent=727"}],"curies":[{"name":"wp","href":"https:\/\/api.w.org\/{rel}","templated":true}]}}